{"id":63590,"date":"2024-05-13T09:39:09","date_gmt":"2024-05-13T07:39:09","guid":{"rendered":"https:\/\/partyinabox.dk\/party\/?post_type=product&#038;p=63590"},"modified":"2026-03-13T11:14:46","modified_gmt":"2026-03-13T10:14:46","slug":"anik-rosa-stof-bordloeber","status":"publish","type":"product","link":"https:\/\/partyinabox.dk\/party\/vare\/anik-rosa-stof-bordloeber\/","title":{"rendered":"Anik rosa stof bordl\u00f8ber"},"content":{"rendered":"<p>Flot bomulds bordl\u00f8ber, der passer til en hver anledning. Bordl\u00f8beren kan l\u00e6gges p\u00e5 midten af bordet, og giver en musselin effekt. Kan ogs\u00e5 h\u00e6nges fra loftet.<\/p>\n<p>Det giver en bl\u00f8d stemning til bordet, hvor der b\u00e5de kan stilles blomster, stager med lys og konfetti. Perfekt til d\u00e5b, baby shower, konfirmation og f\u00f8dselsdag.<\/p>\n<p>M\u00e5l: 26 x 300 cm<\/p>\n","protected":false},"excerpt":{"rendered":"<p>Flot bomulds bordl\u00f8ber, der passer til en hver anledning. Bordl\u00f8beren kan l\u00e6gges p\u00e5 midten af bordet, og giver en musselin effekt. Kan ogs\u00e5 h\u00e6nges fra loftet. Det giver en bl\u00f8d stemning til bordet, hvor der b\u00e5de kan stilles blomster, stager [&hellip;]<\/p>\n","protected":false},"featured_media":63594,"template":"","meta":{"_acf_changed":false},"product_brand":[],"product_cat":[32],"product_tag":[],"class_list":{"0":"post-63590","1":"product","2":"type-product","3":"status-publish","4":"has-post-thumbnail","6":"product_cat-service","8":"first","9":"outofstock","10":"taxable","11":"shipping-taxable","12":"purchasable","13":"product-type-simple"},"bundled_by":[],"bundle_stock_status":"outofstock","bundle_stock_quantity":0,"bundle_virtual":false,"bundle_layout":"","bundle_add_to_cart_form_location":"","bundle_editable_in_cart":false,"bundle_sold_individually_context":"","bundle_item_grouping":"","bundle_min_size":"","bundle_max_size":"","bundle_price":[],"bundled_items":[],"bundle_sell_ids":[],"acf":[],"tiered_pricing_type":"fixed","tiered_pricing_fixed_rules":[],"tiered_pricing_product_settings":{"layout":"default","base_unit_name":{"singular":null,"plural":null},"default_variation":null},"tiered_pricing_minimum_quantity":null,"tiered_pricing_roles_data":[],"tiered_pricing_percentage_rules":[],"tiered_pricing_maximum_quantity":null,"tiered_pricing_quantity_step":null,"_links":{"self":[{"href":"https:\/\/partyinabox.dk\/party\/wp-json\/wp\/v2\/product\/63590","targetHints":{"allow":["GET"]}}],"collection":[{"href":"https:\/\/partyinabox.dk\/party\/wp-json\/wp\/v2\/product"}],"about":[{"href":"https:\/\/partyinabox.dk\/party\/wp-json\/wp\/v2\/types\/product"}],"wp:featuredmedia":[{"embeddable":true,"href":"https:\/\/partyinabox.dk\/party\/wp-json\/wp\/v2\/media\/63594"}],"wp:attachment":[{"href":"https:\/\/partyinabox.dk\/party\/wp-json\/wp\/v2\/media?parent=63590"}],"wp:term":[{"taxonomy":"product_brand","embeddable":true,"href":"https:\/\/partyinabox.dk\/party\/wp-json\/wp\/v2\/product_brand?post=63590"},{"taxonomy":"product_cat","embeddable":true,"href":"https:\/\/partyinabox.dk\/party\/wp-json\/wp\/v2\/product_cat?post=63590"},{"taxonomy":"product_tag","embeddable":true,"href":"https:\/\/partyinabox.dk\/party\/wp-json\/wp\/v2\/product_tag?post=63590"}],"curies":[{"name":"wp","href":"https:\/\/api.w.org\/{rel}","templated":true}]}}