{"id":63585,"date":"2024-05-13T09:09:50","date_gmt":"2024-05-13T07:09:50","guid":{"rendered":"https:\/\/partyinabox.dk\/party\/?post_type=product&#038;p=63585"},"modified":"2026-04-21T18:07:58","modified_gmt":"2026-04-21T16:07:58","slug":"blaa-hvid-sugeroer-med-springvand","status":"publish","type":"product","link":"https:\/\/partyinabox.dk\/party\/vare\/blaa-hvid-sugeroer-med-springvand\/","title":{"rendered":"bl\u00e5\/hvid suger\u00f8r med springvand"},"content":{"rendered":"<p>Skal du holde en farverige fest? Eller en sommerfest der lige skal s\u00e6tte prikket over i&#8217;et p\u00e5 dine drinks? S\u00e5 er de her suger\u00f8r helt perfekt.<\/p>\n<p>Det er papsuger\u00f8r i bl\u00e5 og hvid med forskellige farvet springvand p\u00e5 hver. S\u00e6t dem i din favorit drink til nyt\u00e5r, sommer eller aloha fest, eller en kedelig hverdag.<\/p>\n<p>Du f\u00e5r 50 stk.<\/p>\n<p>Milj\u00f8venlige.<\/p>\n","protected":false},"excerpt":{"rendered":"<p>Skal du holde en farverige fest? Eller en sommerfest der lige skal s\u00e6tte prikket over i&#8217;et p\u00e5 dine drinks? S\u00e5 er de her suger\u00f8r helt perfekt. Det er papsuger\u00f8r i bl\u00e5 og hvid med forskellige farvet springvand p\u00e5 hver. S\u00e6t [&hellip;]<\/p>\n","protected":false},"featured_media":63588,"template":"","meta":{"_acf_changed":false},"product_brand":[],"product_cat":[32],"product_tag":[],"class_list":{"0":"post-63585","1":"product","2":"type-product","3":"status-publish","4":"has-post-thumbnail","6":"product_cat-service","8":"first","9":"instock","10":"taxable","11":"shipping-taxable","12":"purchasable","13":"product-type-simple"},"bundled_by":[],"bundle_stock_status":"instock","bundle_stock_quantity":34,"bundle_virtual":false,"bundle_layout":"","bundle_add_to_cart_form_location":"","bundle_editable_in_cart":false,"bundle_sold_individually_context":"","bundle_item_grouping":"","bundle_min_size":"","bundle_max_size":"","bundle_price":[],"bundled_items":[],"bundle_sell_ids":[],"acf":[],"tiered_pricing_type":"fixed","tiered_pricing_fixed_rules":[],"tiered_pricing_product_settings":{"layout":"default","base_unit_name":{"singular":null,"plural":null},"default_variation":null},"tiered_pricing_minimum_quantity":null,"tiered_pricing_roles_data":[],"tiered_pricing_percentage_rules":[],"tiered_pricing_maximum_quantity":null,"tiered_pricing_quantity_step":null,"_links":{"self":[{"href":"https:\/\/partyinabox.dk\/party\/wp-json\/wp\/v2\/product\/63585","targetHints":{"allow":["GET"]}}],"collection":[{"href":"https:\/\/partyinabox.dk\/party\/wp-json\/wp\/v2\/product"}],"about":[{"href":"https:\/\/partyinabox.dk\/party\/wp-json\/wp\/v2\/types\/product"}],"wp:featuredmedia":[{"embeddable":true,"href":"https:\/\/partyinabox.dk\/party\/wp-json\/wp\/v2\/media\/63588"}],"wp:attachment":[{"href":"https:\/\/partyinabox.dk\/party\/wp-json\/wp\/v2\/media?parent=63585"}],"wp:term":[{"taxonomy":"product_brand","embeddable":true,"href":"https:\/\/partyinabox.dk\/party\/wp-json\/wp\/v2\/product_brand?post=63585"},{"taxonomy":"product_cat","embeddable":true,"href":"https:\/\/partyinabox.dk\/party\/wp-json\/wp\/v2\/product_cat?post=63585"},{"taxonomy":"product_tag","embeddable":true,"href":"https:\/\/partyinabox.dk\/party\/wp-json\/wp\/v2\/product_tag?post=63585"}],"curies":[{"name":"wp","href":"https:\/\/api.w.org\/{rel}","templated":true}]}}