{"id":63406,"date":"2024-05-08T12:33:01","date_gmt":"2024-05-08T10:33:01","guid":{"rendered":"https:\/\/partyinabox.dk\/party\/?post_type=product&#038;p=63406"},"modified":"2026-04-10T08:19:08","modified_gmt":"2026-04-10T06:19:08","slug":"groen-palme-serviet","status":"publish","type":"product","link":"https:\/\/partyinabox.dk\/party\/vare\/groen-palme-serviet\/","title":{"rendered":"Gr\u00f8n palme serviet"},"content":{"rendered":"<p>Skal du holde Hawaii fest, tropisk tema fest eller f\u00f8dselsdag i natur tema? S\u00e5 er de her flotte servietter et must-have. Servietterne er formet som et palmeblad og med guld shine. L\u00e6g dem ved ta&#8217;selv bordet, ved baren eller pynt tallerknerne med dem.<\/p>\n<p>S\u00e5 sikre vi, I kommer i den helt rigtige Aloha stemning.<\/p>\n<p>Du f\u00e5r 16 styk<\/p>\n<p>M\u00e5l: 30 x 33 cm<\/p>\n","protected":false},"excerpt":{"rendered":"<p>Skal du holde Hawaii fest, tropisk tema fest eller f\u00f8dselsdag i natur tema? S\u00e5 er de her flotte servietter et must-have. Servietterne er formet som et palmeblad og med guld shine. L\u00e6g dem ved ta&#8217;selv bordet, ved baren eller pynt [&hellip;]<\/p>\n","protected":false},"featured_media":63409,"template":"","meta":{"_acf_changed":false},"product_brand":[],"product_cat":[32],"product_tag":[],"class_list":{"0":"post-63406","1":"product","2":"type-product","3":"status-publish","4":"has-post-thumbnail","6":"product_cat-service","8":"first","9":"instock","10":"taxable","11":"shipping-taxable","12":"purchasable","13":"product-type-simple"},"bundled_by":[],"bundle_stock_status":"instock","bundle_stock_quantity":49,"bundle_virtual":false,"bundle_layout":"","bundle_add_to_cart_form_location":"","bundle_editable_in_cart":false,"bundle_sold_individually_context":"","bundle_item_grouping":"","bundle_min_size":"","bundle_max_size":"","bundle_price":[],"bundled_items":[],"bundle_sell_ids":[],"acf":[],"tiered_pricing_type":"fixed","tiered_pricing_fixed_rules":[],"tiered_pricing_product_settings":{"layout":"default","base_unit_name":{"singular":null,"plural":null},"default_variation":null},"tiered_pricing_minimum_quantity":null,"tiered_pricing_roles_data":[],"tiered_pricing_percentage_rules":[],"tiered_pricing_maximum_quantity":null,"tiered_pricing_quantity_step":null,"_links":{"self":[{"href":"https:\/\/partyinabox.dk\/party\/wp-json\/wp\/v2\/product\/63406","targetHints":{"allow":["GET"]}}],"collection":[{"href":"https:\/\/partyinabox.dk\/party\/wp-json\/wp\/v2\/product"}],"about":[{"href":"https:\/\/partyinabox.dk\/party\/wp-json\/wp\/v2\/types\/product"}],"wp:featuredmedia":[{"embeddable":true,"href":"https:\/\/partyinabox.dk\/party\/wp-json\/wp\/v2\/media\/63409"}],"wp:attachment":[{"href":"https:\/\/partyinabox.dk\/party\/wp-json\/wp\/v2\/media?parent=63406"}],"wp:term":[{"taxonomy":"product_brand","embeddable":true,"href":"https:\/\/partyinabox.dk\/party\/wp-json\/wp\/v2\/product_brand?post=63406"},{"taxonomy":"product_cat","embeddable":true,"href":"https:\/\/partyinabox.dk\/party\/wp-json\/wp\/v2\/product_cat?post=63406"},{"taxonomy":"product_tag","embeddable":true,"href":"https:\/\/partyinabox.dk\/party\/wp-json\/wp\/v2\/product_tag?post=63406"}],"curies":[{"name":"wp","href":"https:\/\/api.w.org\/{rel}","templated":true}]}}