{"id":63383,"date":"2024-05-14T00:00:00","date_gmt":"2024-05-13T22:00:00","guid":{"rendered":"https:\/\/partyinabox.dk\/party\/?post_type=product&#038;p=63383"},"modified":"2026-04-16T16:33:16","modified_gmt":"2026-04-16T14:33:16","slug":"grisehoved-folie-ballon","status":"publish","type":"product","link":"https:\/\/partyinabox.dk\/party\/vare\/grisehoved-folie-ballon\/","title":{"rendered":"Grisehoved folie ballon"},"content":{"rendered":"<p>Hold den sk\u00f8nneste b\u00f8rnef\u00f8dselsdags med denne s\u00f8de folieballon, som er formet som et s\u00f8dt grisehoved.<\/p>\n<p>Brug helium og f\u00e5 den til at sv\u00e6ve og holde i l\u00e6ngere tid. Kan ogs\u00e5 pustes op med almindelig luft, hvor den s\u00e5 ikke sv\u00e6ver.<\/p>\n<p>Kan holde op til 14 dage med helium.<\/p>\n<p>&nbsp;<\/p>\n<p>Husk helium, snor og ballonv\u00e6gt, hvis folie ballonen skal sv\u00e6ve.<\/p>\n<p>&nbsp;<\/p>\n<p>Indhold: 1 stk \/ M\u00e5l: 60 cm<\/p>\n","protected":false},"excerpt":{"rendered":"<p>Hold den sk\u00f8nneste b\u00f8rnef\u00f8dselsdags med denne s\u00f8de folieballon, som er formet som et s\u00f8dt grisehoved. Brug helium og f\u00e5 den til at sv\u00e6ve og holde i l\u00e6ngere tid. Kan ogs\u00e5 pustes op med almindelig luft, hvor den s\u00e5 ikke sv\u00e6ver. [&hellip;]<\/p>\n","protected":false},"featured_media":63385,"template":"","meta":{"_acf_changed":false},"product_brand":[],"product_cat":[30],"product_tag":[],"class_list":{"0":"post-63383","1":"product","2":"type-product","3":"status-publish","4":"has-post-thumbnail","6":"product_cat-balloner","8":"first","9":"instock","10":"taxable","11":"shipping-taxable","12":"purchasable","13":"product-type-simple"},"bundled_by":[],"bundle_stock_status":"instock","bundle_stock_quantity":10,"bundle_virtual":false,"bundle_layout":"","bundle_add_to_cart_form_location":"","bundle_editable_in_cart":false,"bundle_sold_individually_context":"","bundle_item_grouping":"","bundle_min_size":"","bundle_max_size":"","bundle_price":[],"bundled_items":[],"bundle_sell_ids":[],"acf":[],"tiered_pricing_type":"fixed","tiered_pricing_fixed_rules":[],"tiered_pricing_product_settings":{"layout":"default","base_unit_name":{"singular":null,"plural":null},"default_variation":null},"tiered_pricing_minimum_quantity":null,"tiered_pricing_roles_data":[],"tiered_pricing_percentage_rules":[],"tiered_pricing_maximum_quantity":null,"tiered_pricing_quantity_step":null,"_links":{"self":[{"href":"https:\/\/partyinabox.dk\/party\/wp-json\/wp\/v2\/product\/63383","targetHints":{"allow":["GET"]}}],"collection":[{"href":"https:\/\/partyinabox.dk\/party\/wp-json\/wp\/v2\/product"}],"about":[{"href":"https:\/\/partyinabox.dk\/party\/wp-json\/wp\/v2\/types\/product"}],"wp:featuredmedia":[{"embeddable":true,"href":"https:\/\/partyinabox.dk\/party\/wp-json\/wp\/v2\/media\/63385"}],"wp:attachment":[{"href":"https:\/\/partyinabox.dk\/party\/wp-json\/wp\/v2\/media?parent=63383"}],"wp:term":[{"taxonomy":"product_brand","embeddable":true,"href":"https:\/\/partyinabox.dk\/party\/wp-json\/wp\/v2\/product_brand?post=63383"},{"taxonomy":"product_cat","embeddable":true,"href":"https:\/\/partyinabox.dk\/party\/wp-json\/wp\/v2\/product_cat?post=63383"},{"taxonomy":"product_tag","embeddable":true,"href":"https:\/\/partyinabox.dk\/party\/wp-json\/wp\/v2\/product_tag?post=63383"}],"curies":[{"name":"wp","href":"https:\/\/api.w.org\/{rel}","templated":true}]}}