{"id":63360,"date":"2024-05-30T00:00:00","date_gmt":"2024-05-29T22:00:00","guid":{"rendered":"https:\/\/partyinabox.dk\/party\/?post_type=product&#038;p=63360"},"modified":"2026-03-13T11:14:45","modified_gmt":"2026-03-13T10:14:45","slug":"bondegaard-borddekoration","status":"publish","type":"product","link":"https:\/\/partyinabox.dk\/party\/vare\/bondegaard-borddekoration\/","title":{"rendered":"Bondeg\u00e5rd borddekoration"},"content":{"rendered":"<p>Med disse flotte bondeg\u00e5rds borddekoration f\u00e5r du 11 forskellige elementer. Du f\u00e5r en bondeg\u00e5rd\/lade, forskellige bondeg\u00e5rdsdyr og tr\u00e6er, som er med til at pynte bordet.<\/p>\n<p>&nbsp;<\/p>\n<p>Indhold: 1 stk \/ M\u00e5l: 12,7 &#8211; 24,7 cm<\/p>\n","protected":false},"excerpt":{"rendered":"<p>Med disse flotte bondeg\u00e5rds borddekoration f\u00e5r du 11 forskellige elementer. Du f\u00e5r en bondeg\u00e5rd\/lade, forskellige bondeg\u00e5rdsdyr og tr\u00e6er, som er med til at pynte bordet. &nbsp; Indhold: 1 stk \/ M\u00e5l: 12,7 &#8211; 24,7 cm<\/p>\n","protected":false},"featured_media":63361,"template":"","meta":{"_acf_changed":false},"product_brand":[],"product_cat":[19,32],"product_tag":[],"class_list":{"0":"post-63360","1":"product","2":"type-product","3":"status-publish","4":"has-post-thumbnail","6":"product_cat-pynt","7":"product_cat-service","9":"first","10":"outofstock","11":"taxable","12":"shipping-taxable","13":"purchasable","14":"product-type-simple"},"bundled_by":[],"bundle_stock_status":"outofstock","bundle_stock_quantity":0,"bundle_virtual":false,"bundle_layout":"","bundle_add_to_cart_form_location":"","bundle_editable_in_cart":false,"bundle_sold_individually_context":"","bundle_item_grouping":"","bundle_min_size":"","bundle_max_size":"","bundle_price":[],"bundled_items":[],"bundle_sell_ids":[],"acf":[],"tiered_pricing_type":"fixed","tiered_pricing_fixed_rules":[],"tiered_pricing_product_settings":{"layout":"default","base_unit_name":{"singular":null,"plural":null},"default_variation":null},"tiered_pricing_minimum_quantity":null,"tiered_pricing_roles_data":[],"tiered_pricing_percentage_rules":[],"tiered_pricing_maximum_quantity":null,"tiered_pricing_quantity_step":null,"_links":{"self":[{"href":"https:\/\/partyinabox.dk\/party\/wp-json\/wp\/v2\/product\/63360","targetHints":{"allow":["GET"]}}],"collection":[{"href":"https:\/\/partyinabox.dk\/party\/wp-json\/wp\/v2\/product"}],"about":[{"href":"https:\/\/partyinabox.dk\/party\/wp-json\/wp\/v2\/types\/product"}],"wp:featuredmedia":[{"embeddable":true,"href":"https:\/\/partyinabox.dk\/party\/wp-json\/wp\/v2\/media\/63361"}],"wp:attachment":[{"href":"https:\/\/partyinabox.dk\/party\/wp-json\/wp\/v2\/media?parent=63360"}],"wp:term":[{"taxonomy":"product_brand","embeddable":true,"href":"https:\/\/partyinabox.dk\/party\/wp-json\/wp\/v2\/product_brand?post=63360"},{"taxonomy":"product_cat","embeddable":true,"href":"https:\/\/partyinabox.dk\/party\/wp-json\/wp\/v2\/product_cat?post=63360"},{"taxonomy":"product_tag","embeddable":true,"href":"https:\/\/partyinabox.dk\/party\/wp-json\/wp\/v2\/product_tag?post=63360"}],"curies":[{"name":"wp","href":"https:\/\/api.w.org\/{rel}","templated":true}]}}