{"id":63347,"date":"2024-05-08T09:45:49","date_gmt":"2024-05-08T07:45:49","guid":{"rendered":"https:\/\/partyinabox.dk\/party\/?post_type=product&#038;p=63347"},"modified":"2026-04-14T21:59:19","modified_gmt":"2026-04-14T19:59:19","slug":"hawaiiskoert-til-flaske","status":"publish","type":"product","link":"https:\/\/partyinabox.dk\/party\/vare\/hawaiiskoert-til-flaske\/","title":{"rendered":"Hawaii sk\u00f8rt til flaske"},"content":{"rendered":"<p>De her super fine hula sk\u00f8rter til flasker er en sjov ide og giver helt sikkert nogle grin til din fest. Det er b\u00e5de flot pynt, men ogs\u00e5 sjovt for dine g\u00e6ster og holde fast i.<\/p>\n<p>Sk\u00f8rerne kan bruges p\u00e5 vandflasker, sodavandsflasker, vinflasker osv. De kan bruges b\u00e5de til b\u00f8rnef\u00f8dselsdag og fester for voksne.<\/p>\n<p>De er pyntet fin med blomster og muslinger.<\/p>\n<p>4 stk. i pakken &#8211; assorterede<\/p>\n<p>M\u00e5l: 9 cm<\/p>\n","protected":false},"excerpt":{"rendered":"<p>De her super fine hula sk\u00f8rter til flasker er en sjov ide og giver helt sikkert nogle grin til din fest. Det er b\u00e5de flot pynt, men ogs\u00e5 sjovt for dine g\u00e6ster og holde fast i. Sk\u00f8rerne kan bruges p\u00e5 [&hellip;]<\/p>\n","protected":false},"featured_media":63352,"template":"","meta":{"_acf_changed":false},"product_brand":[],"product_cat":[34],"product_tag":[],"class_list":{"0":"post-63347","1":"product","2":"type-product","3":"status-publish","4":"has-post-thumbnail","6":"product_cat-accessories","8":"first","9":"instock","10":"taxable","11":"shipping-taxable","12":"purchasable","13":"product-type-simple"},"bundled_by":[],"bundle_stock_status":"instock","bundle_stock_quantity":188,"bundle_virtual":false,"bundle_layout":"","bundle_add_to_cart_form_location":"","bundle_editable_in_cart":false,"bundle_sold_individually_context":"","bundle_item_grouping":"","bundle_min_size":"","bundle_max_size":"","bundle_price":[],"bundled_items":[],"bundle_sell_ids":[],"acf":[],"tiered_pricing_type":"fixed","tiered_pricing_fixed_rules":[],"tiered_pricing_product_settings":{"layout":"default","base_unit_name":{"singular":null,"plural":null},"default_variation":null},"tiered_pricing_minimum_quantity":null,"tiered_pricing_roles_data":[],"tiered_pricing_percentage_rules":[],"tiered_pricing_maximum_quantity":null,"tiered_pricing_quantity_step":null,"_links":{"self":[{"href":"https:\/\/partyinabox.dk\/party\/wp-json\/wp\/v2\/product\/63347","targetHints":{"allow":["GET"]}}],"collection":[{"href":"https:\/\/partyinabox.dk\/party\/wp-json\/wp\/v2\/product"}],"about":[{"href":"https:\/\/partyinabox.dk\/party\/wp-json\/wp\/v2\/types\/product"}],"wp:featuredmedia":[{"embeddable":true,"href":"https:\/\/partyinabox.dk\/party\/wp-json\/wp\/v2\/media\/63352"}],"wp:attachment":[{"href":"https:\/\/partyinabox.dk\/party\/wp-json\/wp\/v2\/media?parent=63347"}],"wp:term":[{"taxonomy":"product_brand","embeddable":true,"href":"https:\/\/partyinabox.dk\/party\/wp-json\/wp\/v2\/product_brand?post=63347"},{"taxonomy":"product_cat","embeddable":true,"href":"https:\/\/partyinabox.dk\/party\/wp-json\/wp\/v2\/product_cat?post=63347"},{"taxonomy":"product_tag","embeddable":true,"href":"https:\/\/partyinabox.dk\/party\/wp-json\/wp\/v2\/product_tag?post=63347"}],"curies":[{"name":"wp","href":"https:\/\/api.w.org\/{rel}","templated":true}]}}