{"id":63201,"date":"2024-05-30T00:00:00","date_gmt":"2024-05-29T22:00:00","guid":{"rendered":"https:\/\/partyinabox.dk\/party\/?post_type=product&#038;p=63201"},"modified":"2026-04-08T03:38:17","modified_gmt":"2026-04-08T01:38:17","slug":"haengende-vandmand-dekoration","status":"publish","type":"product","link":"https:\/\/partyinabox.dk\/party\/vare\/haengende-vandmand-dekoration\/","title":{"rendered":"H\u00e6ngende vandmand dekoration"},"content":{"rendered":"<p>Med denne varer, f\u00e5r du 3 s\u00f8de vandm\u00e6nd i hver deres st\u00f8rrelse. Kan fx. bruges som pynt p\u00e5 v\u00e6ggen eller loftet.<\/p>\n<p>L\u00e6ngden p\u00e5 vandm\u00e6ndenes arme sk\u00e6ren selv til, s\u00e5 du selv kan tilpasse hver vandmand til den l\u00e6ngde du \u00f8nsker p\u00e5 &#8220;armene&#8221;.<\/p>\n<p>Indhold: 3 stk<\/p>\n","protected":false},"excerpt":{"rendered":"<p>Med denne varer, f\u00e5r du 3 s\u00f8de vandm\u00e6nd i hver deres st\u00f8rrelse. Kan fx. bruges som pynt p\u00e5 v\u00e6ggen eller loftet. L\u00e6ngden p\u00e5 vandm\u00e6ndenes arme sk\u00e6ren selv til, s\u00e5 du selv kan tilpasse hver vandmand til den l\u00e6ngde du \u00f8nsker [&hellip;]<\/p>\n","protected":false},"featured_media":63203,"template":"","meta":{"_acf_changed":false},"product_brand":[],"product_cat":[19,31],"product_tag":[],"class_list":{"0":"post-63201","1":"product","2":"type-product","3":"status-publish","4":"has-post-thumbnail","6":"product_cat-pynt","7":"product_cat-til-loftet","9":"first","10":"outofstock","11":"taxable","12":"shipping-taxable","13":"purchasable","14":"product-type-simple"},"bundled_by":[],"bundle_stock_status":"outofstock","bundle_stock_quantity":0,"bundle_virtual":false,"bundle_layout":"","bundle_add_to_cart_form_location":"","bundle_editable_in_cart":false,"bundle_sold_individually_context":"","bundle_item_grouping":"","bundle_min_size":"","bundle_max_size":"","bundle_price":[],"bundled_items":[],"bundle_sell_ids":[],"acf":[],"tiered_pricing_type":"fixed","tiered_pricing_fixed_rules":[],"tiered_pricing_product_settings":{"layout":"default","base_unit_name":{"singular":null,"plural":null},"default_variation":null},"tiered_pricing_minimum_quantity":null,"tiered_pricing_roles_data":[],"tiered_pricing_percentage_rules":[],"tiered_pricing_maximum_quantity":null,"tiered_pricing_quantity_step":null,"_links":{"self":[{"href":"https:\/\/partyinabox.dk\/party\/wp-json\/wp\/v2\/product\/63201","targetHints":{"allow":["GET"]}}],"collection":[{"href":"https:\/\/partyinabox.dk\/party\/wp-json\/wp\/v2\/product"}],"about":[{"href":"https:\/\/partyinabox.dk\/party\/wp-json\/wp\/v2\/types\/product"}],"wp:featuredmedia":[{"embeddable":true,"href":"https:\/\/partyinabox.dk\/party\/wp-json\/wp\/v2\/media\/63203"}],"wp:attachment":[{"href":"https:\/\/partyinabox.dk\/party\/wp-json\/wp\/v2\/media?parent=63201"}],"wp:term":[{"taxonomy":"product_brand","embeddable":true,"href":"https:\/\/partyinabox.dk\/party\/wp-json\/wp\/v2\/product_brand?post=63201"},{"taxonomy":"product_cat","embeddable":true,"href":"https:\/\/partyinabox.dk\/party\/wp-json\/wp\/v2\/product_cat?post=63201"},{"taxonomy":"product_tag","embeddable":true,"href":"https:\/\/partyinabox.dk\/party\/wp-json\/wp\/v2\/product_tag?post=63201"}],"curies":[{"name":"wp","href":"https:\/\/api.w.org\/{rel}","templated":true}]}}