{"id":62806,"date":"2024-06-18T00:00:00","date_gmt":"2024-06-17T22:00:00","guid":{"rendered":"https:\/\/partyinabox.dk\/party\/?post_type=product&#038;p=62806"},"modified":"2026-04-20T07:49:59","modified_gmt":"2026-04-20T05:49:59","slug":"lyseroed-tusindfryd-vimpel-banner","status":"publish","type":"product","link":"https:\/\/partyinabox.dk\/party\/vare\/lyseroed-tusindfryd-vimpel-banner\/","title":{"rendered":"Lyser\u00f8d tusindfryd vimpel banner"},"content":{"rendered":"<p>Smuk tusindfryd vimpel banner i lyser\u00f8de farver. Den er 5 meter lang og giver en flot pynt til din fest, hvad enten det er en f\u00f8dselsdag, sommerfest, barned\u00e5b eller andet.<\/p>\n<p>&nbsp;<\/p>\n<p>Indhold: 1 stk \/ 5 meter<\/p>\n","protected":false},"excerpt":{"rendered":"<p>Smuk tusindfryd vimpel banner i lyser\u00f8de farver. Den er 5 meter lang og giver en flot pynt til din fest, hvad enten det er en f\u00f8dselsdag, sommerfest, barned\u00e5b eller andet. &nbsp; Indhold: 1 stk \/ 5 meter<\/p>\n","protected":false},"featured_media":62807,"template":"","meta":{"_acf_changed":false},"product_brand":[],"product_cat":[31],"product_tag":[],"class_list":{"0":"post-62806","1":"product","2":"type-product","3":"status-publish","4":"has-post-thumbnail","6":"product_cat-til-loftet","8":"first","9":"instock","10":"taxable","11":"shipping-taxable","12":"purchasable","13":"product-type-simple"},"bundled_by":[],"bundle_stock_status":"instock","bundle_stock_quantity":43,"bundle_virtual":false,"bundle_layout":"","bundle_add_to_cart_form_location":"","bundle_editable_in_cart":false,"bundle_sold_individually_context":"","bundle_item_grouping":"","bundle_min_size":"","bundle_max_size":"","bundle_price":[],"bundled_items":[],"bundle_sell_ids":[],"acf":[],"tiered_pricing_type":"fixed","tiered_pricing_fixed_rules":[],"tiered_pricing_product_settings":{"layout":"default","base_unit_name":{"singular":null,"plural":null},"default_variation":null},"tiered_pricing_minimum_quantity":null,"tiered_pricing_roles_data":[],"tiered_pricing_percentage_rules":[],"tiered_pricing_maximum_quantity":null,"tiered_pricing_quantity_step":null,"_links":{"self":[{"href":"https:\/\/partyinabox.dk\/party\/wp-json\/wp\/v2\/product\/62806","targetHints":{"allow":["GET"]}}],"collection":[{"href":"https:\/\/partyinabox.dk\/party\/wp-json\/wp\/v2\/product"}],"about":[{"href":"https:\/\/partyinabox.dk\/party\/wp-json\/wp\/v2\/types\/product"}],"wp:featuredmedia":[{"embeddable":true,"href":"https:\/\/partyinabox.dk\/party\/wp-json\/wp\/v2\/media\/62807"}],"wp:attachment":[{"href":"https:\/\/partyinabox.dk\/party\/wp-json\/wp\/v2\/media?parent=62806"}],"wp:term":[{"taxonomy":"product_brand","embeddable":true,"href":"https:\/\/partyinabox.dk\/party\/wp-json\/wp\/v2\/product_brand?post=62806"},{"taxonomy":"product_cat","embeddable":true,"href":"https:\/\/partyinabox.dk\/party\/wp-json\/wp\/v2\/product_cat?post=62806"},{"taxonomy":"product_tag","embeddable":true,"href":"https:\/\/partyinabox.dk\/party\/wp-json\/wp\/v2\/product_tag?post=62806"}],"curies":[{"name":"wp","href":"https:\/\/api.w.org\/{rel}","templated":true}]}}