{"id":62733,"date":"2024-04-30T14:29:25","date_gmt":"2024-04-30T12:29:25","guid":{"rendered":"https:\/\/partyinabox.dk\/party\/?post_type=product&#038;p=62733"},"modified":"2026-03-25T03:32:24","modified_gmt":"2026-03-25T02:32:24","slug":"lyseroed-blomster-serviet","status":"publish","type":"product","link":"https:\/\/partyinabox.dk\/party\/vare\/lyseroed-blomster-serviet\/","title":{"rendered":"Lyser\u00f8d blomster serviet"},"content":{"rendered":"<p>Pynt op med den sk\u00f8nneste lyser\u00f8d serviet med sommerfugle og blomster print. Passer perfekt til en ensfarvet tallerken eller sammen med andre blomster og sommerfugle pynteting.<\/p>\n<p>3-lags servietter.<\/p>\n<p>Indhold: 20 stk \/ M\u00e5l: 33&#215;33 cm<\/p>\n","protected":false},"excerpt":{"rendered":"<p>Pynt op med den sk\u00f8nneste lyser\u00f8d serviet med sommerfugle og blomster print. Passer perfekt til en ensfarvet tallerken eller sammen med andre blomster og sommerfugle pynteting. 3-lags servietter. Indhold: 20 stk \/ M\u00e5l: 33&#215;33 cm<\/p>\n","protected":false},"featured_media":62734,"template":"","meta":{"_acf_changed":false},"product_brand":[],"product_cat":[32],"product_tag":[],"class_list":{"0":"post-62733","1":"product","2":"type-product","3":"status-publish","4":"has-post-thumbnail","6":"product_cat-service","8":"first","9":"outofstock","10":"taxable","11":"shipping-taxable","12":"purchasable","13":"product-type-simple"},"bundled_by":[],"bundle_stock_status":"outofstock","bundle_stock_quantity":0,"bundle_virtual":false,"bundle_layout":"","bundle_add_to_cart_form_location":"","bundle_editable_in_cart":false,"bundle_sold_individually_context":"","bundle_item_grouping":"","bundle_min_size":"","bundle_max_size":"","bundle_price":[],"bundled_items":[],"bundle_sell_ids":[],"acf":[],"tiered_pricing_type":"fixed","tiered_pricing_fixed_rules":[],"tiered_pricing_product_settings":{"layout":"default","base_unit_name":{"singular":null,"plural":null},"default_variation":null},"tiered_pricing_minimum_quantity":null,"tiered_pricing_roles_data":[],"tiered_pricing_percentage_rules":[],"tiered_pricing_maximum_quantity":null,"tiered_pricing_quantity_step":null,"_links":{"self":[{"href":"https:\/\/partyinabox.dk\/party\/wp-json\/wp\/v2\/product\/62733","targetHints":{"allow":["GET"]}}],"collection":[{"href":"https:\/\/partyinabox.dk\/party\/wp-json\/wp\/v2\/product"}],"about":[{"href":"https:\/\/partyinabox.dk\/party\/wp-json\/wp\/v2\/types\/product"}],"wp:featuredmedia":[{"embeddable":true,"href":"https:\/\/partyinabox.dk\/party\/wp-json\/wp\/v2\/media\/62734"}],"wp:attachment":[{"href":"https:\/\/partyinabox.dk\/party\/wp-json\/wp\/v2\/media?parent=62733"}],"wp:term":[{"taxonomy":"product_brand","embeddable":true,"href":"https:\/\/partyinabox.dk\/party\/wp-json\/wp\/v2\/product_brand?post=62733"},{"taxonomy":"product_cat","embeddable":true,"href":"https:\/\/partyinabox.dk\/party\/wp-json\/wp\/v2\/product_cat?post=62733"},{"taxonomy":"product_tag","embeddable":true,"href":"https:\/\/partyinabox.dk\/party\/wp-json\/wp\/v2\/product_tag?post=62733"}],"curies":[{"name":"wp","href":"https:\/\/api.w.org\/{rel}","templated":true}]}}