{"id":62647,"date":"2024-06-18T00:00:00","date_gmt":"2024-06-17T22:00:00","guid":{"rendered":"https:\/\/partyinabox.dk\/party\/?post_type=product&#038;p=62647"},"modified":"2026-04-20T21:29:45","modified_gmt":"2026-04-20T19:29:45","slug":"tusindfryd-sugeroer","status":"publish","type":"product","link":"https:\/\/partyinabox.dk\/party\/vare\/tusindfryd-sugeroer\/","title":{"rendered":"Tusindfryd suger\u00f8r"},"content":{"rendered":"<p>K\u00f8b disse flotte tusindfryd papir suger\u00f8r i lyser\u00f8de farver til din sommerfest. Suger\u00f8rene pynter flot i dit glas eller kop.<\/p>\n<p>&nbsp;<\/p>\n<p>Indhold: 16 stk (8 stk af hver variant)<\/p>\n","protected":false},"excerpt":{"rendered":"<p>K\u00f8b disse flotte tusindfryd papir suger\u00f8r i lyser\u00f8de farver til din sommerfest. Suger\u00f8rene pynter flot i dit glas eller kop. &nbsp; Indhold: 16 stk (8 stk af hver variant)<\/p>\n","protected":false},"featured_media":62649,"template":"","meta":{"_acf_changed":false},"product_brand":[],"product_cat":[32],"product_tag":[],"class_list":{"0":"post-62647","1":"product","2":"type-product","3":"status-publish","4":"has-post-thumbnail","6":"product_cat-service","8":"first","9":"instock","10":"taxable","11":"shipping-taxable","12":"purchasable","13":"product-type-simple"},"bundled_by":[],"bundle_stock_status":"instock","bundle_stock_quantity":51,"bundle_virtual":false,"bundle_layout":"","bundle_add_to_cart_form_location":"","bundle_editable_in_cart":false,"bundle_sold_individually_context":"","bundle_item_grouping":"","bundle_min_size":"","bundle_max_size":"","bundle_price":[],"bundled_items":[],"bundle_sell_ids":[],"acf":[],"tiered_pricing_type":"fixed","tiered_pricing_fixed_rules":[],"tiered_pricing_product_settings":{"layout":"default","base_unit_name":{"singular":null,"plural":null},"default_variation":null},"tiered_pricing_minimum_quantity":null,"tiered_pricing_roles_data":[],"tiered_pricing_percentage_rules":[],"tiered_pricing_maximum_quantity":null,"tiered_pricing_quantity_step":null,"_links":{"self":[{"href":"https:\/\/partyinabox.dk\/party\/wp-json\/wp\/v2\/product\/62647","targetHints":{"allow":["GET"]}}],"collection":[{"href":"https:\/\/partyinabox.dk\/party\/wp-json\/wp\/v2\/product"}],"about":[{"href":"https:\/\/partyinabox.dk\/party\/wp-json\/wp\/v2\/types\/product"}],"wp:featuredmedia":[{"embeddable":true,"href":"https:\/\/partyinabox.dk\/party\/wp-json\/wp\/v2\/media\/62649"}],"wp:attachment":[{"href":"https:\/\/partyinabox.dk\/party\/wp-json\/wp\/v2\/media?parent=62647"}],"wp:term":[{"taxonomy":"product_brand","embeddable":true,"href":"https:\/\/partyinabox.dk\/party\/wp-json\/wp\/v2\/product_brand?post=62647"},{"taxonomy":"product_cat","embeddable":true,"href":"https:\/\/partyinabox.dk\/party\/wp-json\/wp\/v2\/product_cat?post=62647"},{"taxonomy":"product_tag","embeddable":true,"href":"https:\/\/partyinabox.dk\/party\/wp-json\/wp\/v2\/product_tag?post=62647"}],"curies":[{"name":"wp","href":"https:\/\/api.w.org\/{rel}","templated":true}]}}