{"id":62381,"date":"2024-05-14T00:00:00","date_gmt":"2024-05-13T22:00:00","guid":{"rendered":"https:\/\/partyinabox.dk\/party\/?post_type=product&#038;p=62381"},"modified":"2026-04-28T03:34:10","modified_gmt":"2026-04-28T01:34:10","slug":"hoej-lyseroed-pedestal-lysestage","status":"publish","type":"product","link":"https:\/\/partyinabox.dk\/party\/vare\/hoej-lyseroed-pedestal-lysestage\/","title":{"rendered":"H\u00f8j lyser\u00f8d pedestal lysestage"},"content":{"rendered":"<p>En lyser\u00f8d lysestage der er perfekt til bloklys og som kan skabe en smuk stemning ved din fest.<\/p>\n<p>Pynt bordet sammen med den lave model af pedestal lysestagen, og f\u00e5 derved en et flot look.<\/p>\n<p>Lysestagen er lavet af glas.<\/p>\n<p>&nbsp;<\/p>\n<p>Indhold: 1 stk \/ M\u00e5l: \u00d88,8 x H16,7 cm<\/p>\n","protected":false},"excerpt":{"rendered":"<p>En lyser\u00f8d lysestage der er perfekt til bloklys og som kan skabe en smuk stemning ved din fest. Pynt bordet sammen med den lave model af pedestal lysestagen, og f\u00e5 derved en et flot look. Lysestagen er lavet af glas. [&hellip;]<\/p>\n","protected":false},"featured_media":62945,"template":"","meta":{"_acf_changed":false},"product_brand":[],"product_cat":[32],"product_tag":[],"class_list":{"0":"post-62381","1":"product","2":"type-product","3":"status-publish","4":"has-post-thumbnail","6":"product_cat-service","8":"first","9":"instock","10":"taxable","11":"shipping-taxable","12":"purchasable","13":"product-type-simple"},"bundled_by":[],"bundle_stock_status":"instock","bundle_stock_quantity":4,"bundle_virtual":false,"bundle_layout":"","bundle_add_to_cart_form_location":"","bundle_editable_in_cart":false,"bundle_sold_individually_context":"","bundle_item_grouping":"","bundle_min_size":"","bundle_max_size":"","bundle_price":[],"bundled_items":[],"bundle_sell_ids":[],"acf":[],"tiered_pricing_type":"fixed","tiered_pricing_fixed_rules":[],"tiered_pricing_product_settings":{"layout":"default","base_unit_name":{"singular":null,"plural":null},"default_variation":null},"tiered_pricing_minimum_quantity":null,"tiered_pricing_roles_data":[],"tiered_pricing_percentage_rules":[],"tiered_pricing_maximum_quantity":null,"tiered_pricing_quantity_step":null,"_links":{"self":[{"href":"https:\/\/partyinabox.dk\/party\/wp-json\/wp\/v2\/product\/62381","targetHints":{"allow":["GET"]}}],"collection":[{"href":"https:\/\/partyinabox.dk\/party\/wp-json\/wp\/v2\/product"}],"about":[{"href":"https:\/\/partyinabox.dk\/party\/wp-json\/wp\/v2\/types\/product"}],"wp:featuredmedia":[{"embeddable":true,"href":"https:\/\/partyinabox.dk\/party\/wp-json\/wp\/v2\/media\/62945"}],"wp:attachment":[{"href":"https:\/\/partyinabox.dk\/party\/wp-json\/wp\/v2\/media?parent=62381"}],"wp:term":[{"taxonomy":"product_brand","embeddable":true,"href":"https:\/\/partyinabox.dk\/party\/wp-json\/wp\/v2\/product_brand?post=62381"},{"taxonomy":"product_cat","embeddable":true,"href":"https:\/\/partyinabox.dk\/party\/wp-json\/wp\/v2\/product_cat?post=62381"},{"taxonomy":"product_tag","embeddable":true,"href":"https:\/\/partyinabox.dk\/party\/wp-json\/wp\/v2\/product_tag?post=62381"}],"curies":[{"name":"wp","href":"https:\/\/api.w.org\/{rel}","templated":true}]}}