{"id":61760,"date":"2024-04-18T00:00:00","date_gmt":"2024-04-17T22:00:00","guid":{"rendered":"https:\/\/partyinabox.dk\/party\/?post_type=product&#038;p=61760"},"modified":"2026-03-18T08:33:43","modified_gmt":"2026-03-18T07:33:43","slug":"oktoberfest-kageflag","status":"publish","type":"product","link":"https:\/\/partyinabox.dk\/party\/vare\/oktoberfest-kageflag\/","title":{"rendered":"Oktoberfest kageflag \/kagepynt"},"content":{"rendered":"<p>Dekorer din kage med disse flotte oktober fest kage flag og g\u00f8r den endnu mere festlig. Du kan ogs\u00e5 d\u00e6kke et flor bord med de andre oktoberfest festting og fylde hele rummet med bl\u00e5 og hvide farver.<\/p>\n<p>&nbsp;<\/p>\n<p>Indhold: 20 styk (10 styk af hver) \/ M\u00e5l: 13 x 2,5 x 9,5 cm<\/p>\n","protected":false},"excerpt":{"rendered":"<p>Dekorer din kage med disse flotte oktober fest kage flag og g\u00f8r den endnu mere festlig. Du kan ogs\u00e5 d\u00e6kke et flor bord med de andre oktoberfest festting og fylde hele rummet med bl\u00e5 og hvide farver. &nbsp; Indhold: 20 [&hellip;]<\/p>\n","protected":false},"featured_media":61762,"template":"","meta":{"_acf_changed":false},"product_brand":[],"product_cat":[33],"product_tag":[],"class_list":{"0":"post-61760","1":"product","2":"type-product","3":"status-publish","4":"has-post-thumbnail","6":"product_cat-til-kagen","8":"first","9":"instock","10":"taxable","11":"shipping-taxable","12":"purchasable","13":"product-type-simple"},"bundled_by":[],"bundle_stock_status":"instock","bundle_stock_quantity":19,"bundle_virtual":false,"bundle_layout":"","bundle_add_to_cart_form_location":"","bundle_editable_in_cart":false,"bundle_sold_individually_context":"","bundle_item_grouping":"","bundle_min_size":"","bundle_max_size":"","bundle_price":[],"bundled_items":[],"bundle_sell_ids":[],"acf":[],"tiered_pricing_type":"fixed","tiered_pricing_fixed_rules":[],"tiered_pricing_product_settings":{"layout":"default","base_unit_name":{"singular":null,"plural":null},"default_variation":null},"tiered_pricing_minimum_quantity":null,"tiered_pricing_roles_data":[],"tiered_pricing_percentage_rules":[],"tiered_pricing_maximum_quantity":null,"tiered_pricing_quantity_step":null,"_links":{"self":[{"href":"https:\/\/partyinabox.dk\/party\/wp-json\/wp\/v2\/product\/61760","targetHints":{"allow":["GET"]}}],"collection":[{"href":"https:\/\/partyinabox.dk\/party\/wp-json\/wp\/v2\/product"}],"about":[{"href":"https:\/\/partyinabox.dk\/party\/wp-json\/wp\/v2\/types\/product"}],"wp:featuredmedia":[{"embeddable":true,"href":"https:\/\/partyinabox.dk\/party\/wp-json\/wp\/v2\/media\/61762"}],"wp:attachment":[{"href":"https:\/\/partyinabox.dk\/party\/wp-json\/wp\/v2\/media?parent=61760"}],"wp:term":[{"taxonomy":"product_brand","embeddable":true,"href":"https:\/\/partyinabox.dk\/party\/wp-json\/wp\/v2\/product_brand?post=61760"},{"taxonomy":"product_cat","embeddable":true,"href":"https:\/\/partyinabox.dk\/party\/wp-json\/wp\/v2\/product_cat?post=61760"},{"taxonomy":"product_tag","embeddable":true,"href":"https:\/\/partyinabox.dk\/party\/wp-json\/wp\/v2\/product_tag?post=61760"}],"curies":[{"name":"wp","href":"https:\/\/api.w.org\/{rel}","templated":true}]}}