{"id":61718,"date":"2024-05-16T00:00:00","date_gmt":"2024-05-15T22:00:00","guid":{"rendered":"https:\/\/partyinabox.dk\/party\/?post_type=product&#038;p=61718"},"modified":"2026-03-17T13:55:28","modified_gmt":"2026-03-17T12:55:28","slug":"roed-student-bloklys","status":"publish","type":"product","link":"https:\/\/partyinabox.dk\/party\/vare\/roed-student-bloklys\/","title":{"rendered":"R\u00f8d student bloklys"},"content":{"rendered":"<p>Skab hyggelig stemning p\u00e5 studenterbordet eller til studenterfesten med dette flotte hvide bloklys med r\u00f8d studenterhue og teksten \u201dHip hip hurra\u201d p\u00e5. Hele lyset er dyppet i en specialvoks, s\u00e5 printet beholder sine flotte farver og lyset holder dets blokform under hele nedbr\u00e6ndingen. Husk at s\u00e6tte lyset p\u00e5 en overflade som f.eks. glas, en tr\u00e6 skive eller et spejl.<\/p>\n<p>Bloklyset er fremstillet af fuldraffineret paraffin og m\u00e5ler 5 cm i diameter, 15 cm i h\u00f8jden og har en br\u00e6ndetid p\u00e5 32 timer.<\/p>\n<p>Indhold: 1 stk. \/ M\u00e5l: 5 x 15 cm (\u00d8 x H)<\/p>\n","protected":false},"excerpt":{"rendered":"<p>Skab hyggelig stemning p\u00e5 studenterbordet eller til studenterfesten med dette flotte hvide bloklys med r\u00f8d studenterhue og teksten \u201dHip hip hurra\u201d p\u00e5. Hele lyset er dyppet i en specialvoks, s\u00e5 printet beholder sine flotte farver og lyset holder dets blokform [&hellip;]<\/p>\n","protected":false},"featured_media":61720,"template":"","meta":{"_acf_changed":false},"product_brand":[],"product_cat":[32],"product_tag":[],"class_list":{"0":"post-61718","1":"product","2":"type-product","3":"status-publish","4":"has-post-thumbnail","6":"product_cat-service","8":"first","9":"instock","10":"taxable","11":"shipping-taxable","12":"purchasable","13":"product-type-simple"},"bundled_by":[],"bundle_stock_status":"instock","bundle_stock_quantity":75,"bundle_virtual":false,"bundle_layout":"","bundle_add_to_cart_form_location":"","bundle_editable_in_cart":false,"bundle_sold_individually_context":"","bundle_item_grouping":"","bundle_min_size":"","bundle_max_size":"","bundle_price":[],"bundled_items":[],"bundle_sell_ids":[],"acf":[],"tiered_pricing_type":"fixed","tiered_pricing_fixed_rules":[],"tiered_pricing_product_settings":{"layout":"default","base_unit_name":{"singular":null,"plural":null},"default_variation":null},"tiered_pricing_minimum_quantity":null,"tiered_pricing_roles_data":[],"tiered_pricing_percentage_rules":[],"tiered_pricing_maximum_quantity":null,"tiered_pricing_quantity_step":null,"_links":{"self":[{"href":"https:\/\/partyinabox.dk\/party\/wp-json\/wp\/v2\/product\/61718","targetHints":{"allow":["GET"]}}],"collection":[{"href":"https:\/\/partyinabox.dk\/party\/wp-json\/wp\/v2\/product"}],"about":[{"href":"https:\/\/partyinabox.dk\/party\/wp-json\/wp\/v2\/types\/product"}],"wp:featuredmedia":[{"embeddable":true,"href":"https:\/\/partyinabox.dk\/party\/wp-json\/wp\/v2\/media\/61720"}],"wp:attachment":[{"href":"https:\/\/partyinabox.dk\/party\/wp-json\/wp\/v2\/media?parent=61718"}],"wp:term":[{"taxonomy":"product_brand","embeddable":true,"href":"https:\/\/partyinabox.dk\/party\/wp-json\/wp\/v2\/product_brand?post=61718"},{"taxonomy":"product_cat","embeddable":true,"href":"https:\/\/partyinabox.dk\/party\/wp-json\/wp\/v2\/product_cat?post=61718"},{"taxonomy":"product_tag","embeddable":true,"href":"https:\/\/partyinabox.dk\/party\/wp-json\/wp\/v2\/product_tag?post=61718"}],"curies":[{"name":"wp","href":"https:\/\/api.w.org\/{rel}","templated":true}]}}