{"id":61712,"date":"2024-04-18T00:00:00","date_gmt":"2024-04-17T22:00:00","guid":{"rendered":"https:\/\/partyinabox.dk\/party\/?post_type=product&#038;p=61712"},"modified":"2026-03-18T07:56:58","modified_gmt":"2026-03-18T06:56:58","slug":"oktoberfest-serpentiner","status":"publish","type":"product","link":"https:\/\/partyinabox.dk\/party\/vare\/oktoberfest-serpentiner\/","title":{"rendered":"Oktoberfest serpentiner"},"content":{"rendered":"<p>Pynt rummet eller bordet op med disse oktober fest serpentiner, s\u00e5 den bl\u00e5 og hvide farve bliver synlig. Pynt gerne op sammen med resten af oktoberfest-serien, s\u00e5 du fuldender looket.<\/p>\n<p>&nbsp;<\/p>\n<p>Indhold: 2 styk \/ M\u00e5l: 17,5 x 4 x 10 cm<\/p>\n","protected":false},"excerpt":{"rendered":"<p>Pynt rummet eller bordet op med disse oktober fest serpentiner, s\u00e5 den bl\u00e5 og hvide farve bliver synlig. Pynt gerne op sammen med resten af oktoberfest-serien, s\u00e5 du fuldender looket. &nbsp; Indhold: 2 styk \/ M\u00e5l: 17,5 x 4 x [&hellip;]<\/p>\n","protected":false},"featured_media":61715,"template":"","meta":{"_acf_changed":false},"product_brand":[],"product_cat":[19,32],"product_tag":[],"class_list":{"0":"post-61712","1":"product","2":"type-product","3":"status-publish","4":"has-post-thumbnail","6":"product_cat-pynt","7":"product_cat-service","9":"first","10":"instock","11":"taxable","12":"shipping-taxable","13":"purchasable","14":"product-type-simple"},"bundled_by":[],"bundle_stock_status":"instock","bundle_stock_quantity":38,"bundle_virtual":false,"bundle_layout":"","bundle_add_to_cart_form_location":"","bundle_editable_in_cart":false,"bundle_sold_individually_context":"","bundle_item_grouping":"","bundle_min_size":"","bundle_max_size":"","bundle_price":[],"bundled_items":[],"bundle_sell_ids":[],"acf":[],"tiered_pricing_type":"fixed","tiered_pricing_fixed_rules":[],"tiered_pricing_product_settings":{"layout":"default","base_unit_name":{"singular":null,"plural":null},"default_variation":null},"tiered_pricing_minimum_quantity":null,"tiered_pricing_roles_data":[],"tiered_pricing_percentage_rules":[],"tiered_pricing_maximum_quantity":null,"tiered_pricing_quantity_step":null,"_links":{"self":[{"href":"https:\/\/partyinabox.dk\/party\/wp-json\/wp\/v2\/product\/61712","targetHints":{"allow":["GET"]}}],"collection":[{"href":"https:\/\/partyinabox.dk\/party\/wp-json\/wp\/v2\/product"}],"about":[{"href":"https:\/\/partyinabox.dk\/party\/wp-json\/wp\/v2\/types\/product"}],"wp:featuredmedia":[{"embeddable":true,"href":"https:\/\/partyinabox.dk\/party\/wp-json\/wp\/v2\/media\/61715"}],"wp:attachment":[{"href":"https:\/\/partyinabox.dk\/party\/wp-json\/wp\/v2\/media?parent=61712"}],"wp:term":[{"taxonomy":"product_brand","embeddable":true,"href":"https:\/\/partyinabox.dk\/party\/wp-json\/wp\/v2\/product_brand?post=61712"},{"taxonomy":"product_cat","embeddable":true,"href":"https:\/\/partyinabox.dk\/party\/wp-json\/wp\/v2\/product_cat?post=61712"},{"taxonomy":"product_tag","embeddable":true,"href":"https:\/\/partyinabox.dk\/party\/wp-json\/wp\/v2\/product_tag?post=61712"}],"curies":[{"name":"wp","href":"https:\/\/api.w.org\/{rel}","templated":true}]}}