{"id":61323,"date":"2024-04-09T11:04:13","date_gmt":"2024-04-09T09:04:13","guid":{"rendered":"https:\/\/partyinabox.dk\/party\/?post_type=product&#038;p=61323"},"modified":"2026-04-15T20:47:29","modified_gmt":"2026-04-15T18:47:29","slug":"creme-hvid-guld-ballon-saet","status":"publish","type":"product","link":"https:\/\/partyinabox.dk\/party\/vare\/creme-hvid-guld-ballon-saet\/","title":{"rendered":"Creme\/hvid\/guld ballon s\u00e6t"},"content":{"rendered":"<p>Balloner er den perfekte pynt til enhver fest! De er festlige og pynter godt i rummet &#8211; is\u00e6r hvis du fylder dem med helium, s\u00e5 de sv\u00e6ver. Med dette flotte latex ballon s\u00e6t i farverne lys creme, metallisk hvid, hvid og guld chrome kan du derfor pynte smukt op til f.eks. konfirmation, barned\u00e5b, bryllup, sommer havefest, 1 \u00e5rs f\u00f8dselsdag, eid eller babyshower.<\/p>\n<p><strong>HUSK:<\/strong> Hi Float for at forl\u00e6nge sv\u00e6vetiden med helium fra timer op til flere dage.<\/p>\n<p>Indhold: 10 stk. \/ M\u00e5l: 27 og 30 cm (\u00d8)<\/p>\n","protected":false},"excerpt":{"rendered":"<p>Balloner er den perfekte pynt til enhver fest! De er festlige og pynter godt i rummet &#8211; is\u00e6r hvis du fylder dem med helium, s\u00e5 de sv\u00e6ver. Med dette flotte latex ballon s\u00e6t i farverne lys creme, metallisk hvid, hvid [&hellip;]<\/p>\n","protected":false},"featured_media":61318,"template":"","meta":{"_acf_changed":false},"product_brand":[],"product_cat":[30],"product_tag":[],"class_list":{"0":"post-61323","1":"product","2":"type-product","3":"status-publish","4":"has-post-thumbnail","6":"product_cat-balloner","8":"first","9":"instock","10":"taxable","11":"shipping-taxable","12":"purchasable","13":"product-type-simple"},"bundled_by":[],"bundle_stock_status":"instock","bundle_stock_quantity":97,"bundle_virtual":false,"bundle_layout":"","bundle_add_to_cart_form_location":"","bundle_editable_in_cart":false,"bundle_sold_individually_context":"","bundle_item_grouping":"","bundle_min_size":"","bundle_max_size":"","bundle_price":[],"bundled_items":[],"bundle_sell_ids":[],"acf":[],"tiered_pricing_type":"fixed","tiered_pricing_fixed_rules":[],"tiered_pricing_product_settings":{"layout":"default","base_unit_name":{"singular":null,"plural":null},"default_variation":null},"tiered_pricing_minimum_quantity":null,"tiered_pricing_roles_data":[],"tiered_pricing_percentage_rules":[],"tiered_pricing_maximum_quantity":null,"tiered_pricing_quantity_step":null,"_links":{"self":[{"href":"https:\/\/partyinabox.dk\/party\/wp-json\/wp\/v2\/product\/61323","targetHints":{"allow":["GET"]}}],"collection":[{"href":"https:\/\/partyinabox.dk\/party\/wp-json\/wp\/v2\/product"}],"about":[{"href":"https:\/\/partyinabox.dk\/party\/wp-json\/wp\/v2\/types\/product"}],"wp:featuredmedia":[{"embeddable":true,"href":"https:\/\/partyinabox.dk\/party\/wp-json\/wp\/v2\/media\/61318"}],"wp:attachment":[{"href":"https:\/\/partyinabox.dk\/party\/wp-json\/wp\/v2\/media?parent=61323"}],"wp:term":[{"taxonomy":"product_brand","embeddable":true,"href":"https:\/\/partyinabox.dk\/party\/wp-json\/wp\/v2\/product_brand?post=61323"},{"taxonomy":"product_cat","embeddable":true,"href":"https:\/\/partyinabox.dk\/party\/wp-json\/wp\/v2\/product_cat?post=61323"},{"taxonomy":"product_tag","embeddable":true,"href":"https:\/\/partyinabox.dk\/party\/wp-json\/wp\/v2\/product_tag?post=61323"}],"curies":[{"name":"wp","href":"https:\/\/api.w.org\/{rel}","templated":true}]}}