{"id":60364,"date":"2025-09-19T00:00:00","date_gmt":"2025-09-18T22:00:00","guid":{"rendered":"https:\/\/partyinabox.dk\/party\/?post_type=product&#038;p=60364"},"modified":"2026-04-10T08:46:53","modified_gmt":"2026-04-10T06:46:53","slug":"gavepose-blaa-student","status":"publish","type":"product","link":"https:\/\/partyinabox.dk\/party\/vare\/gavepose-blaa-student\/","title":{"rendered":"Gavepose bl\u00e5 student"},"content":{"rendered":"<p>Det er en stor dag at f\u00e5 sin hue p\u00e5 &#8211; og en stor dag kr\u00e6ver en god gave! Med denne flotte gavepose kan du nemt give studenten en rigtig fin gave. Posen er hvid med en bl\u00e5 studenterhue p\u00e5 og &#8220;tillykke&#8221; med bl\u00e5 skrift. Posen kan holde b\u00e5de pengegaver, gaver og blomster.<\/p>\n<p>Posen er lavet af FSC papir.<\/p>\n<p>Indhold: 2 stk. \/ M\u00e5l: 22,5 x 18 x 10,5 cm<\/p>\n","protected":false},"excerpt":{"rendered":"<p>Det er en stor dag at f\u00e5 sin hue p\u00e5 &#8211; og en stor dag kr\u00e6ver en god gave! Med denne flotte gavepose kan du nemt give studenten en rigtig fin gave. Posen er hvid med en bl\u00e5 studenterhue p\u00e5 [&hellip;]<\/p>\n","protected":false},"featured_media":60365,"template":"","meta":{"_acf_changed":false},"product_brand":[],"product_cat":[34],"product_tag":[],"class_list":{"0":"post-60364","1":"product","2":"type-product","3":"status-publish","4":"has-post-thumbnail","6":"product_cat-accessories","8":"first","9":"instock","10":"taxable","11":"shipping-taxable","12":"purchasable","13":"product-type-simple"},"bundled_by":[],"bundle_stock_status":"instock","bundle_stock_quantity":70,"bundle_virtual":false,"bundle_layout":"","bundle_add_to_cart_form_location":"","bundle_editable_in_cart":false,"bundle_sold_individually_context":"","bundle_item_grouping":"","bundle_min_size":"","bundle_max_size":"","bundle_price":[],"bundled_items":[],"bundle_sell_ids":[],"acf":[],"tiered_pricing_type":"fixed","tiered_pricing_fixed_rules":[],"tiered_pricing_product_settings":{"layout":"default","base_unit_name":{"singular":null,"plural":null},"default_variation":null},"tiered_pricing_minimum_quantity":null,"tiered_pricing_roles_data":[],"tiered_pricing_percentage_rules":[],"tiered_pricing_maximum_quantity":null,"tiered_pricing_quantity_step":null,"_links":{"self":[{"href":"https:\/\/partyinabox.dk\/party\/wp-json\/wp\/v2\/product\/60364","targetHints":{"allow":["GET"]}}],"collection":[{"href":"https:\/\/partyinabox.dk\/party\/wp-json\/wp\/v2\/product"}],"about":[{"href":"https:\/\/partyinabox.dk\/party\/wp-json\/wp\/v2\/types\/product"}],"wp:featuredmedia":[{"embeddable":true,"href":"https:\/\/partyinabox.dk\/party\/wp-json\/wp\/v2\/media\/60365"}],"wp:attachment":[{"href":"https:\/\/partyinabox.dk\/party\/wp-json\/wp\/v2\/media?parent=60364"}],"wp:term":[{"taxonomy":"product_brand","embeddable":true,"href":"https:\/\/partyinabox.dk\/party\/wp-json\/wp\/v2\/product_brand?post=60364"},{"taxonomy":"product_cat","embeddable":true,"href":"https:\/\/partyinabox.dk\/party\/wp-json\/wp\/v2\/product_cat?post=60364"},{"taxonomy":"product_tag","embeddable":true,"href":"https:\/\/partyinabox.dk\/party\/wp-json\/wp\/v2\/product_tag?post=60364"}],"curies":[{"name":"wp","href":"https:\/\/api.w.org\/{rel}","templated":true}]}}