{"id":60347,"date":"2024-08-09T00:00:00","date_gmt":"2024-08-08T22:00:00","guid":{"rendered":"https:\/\/partyinabox.dk\/party\/?post_type=product&#038;p=60347"},"modified":"2026-04-28T22:14:57","modified_gmt":"2026-04-28T20:14:57","slug":"creme-ballon","status":"publish","type":"product","link":"https:\/\/partyinabox.dk\/party\/vare\/creme-ballon\/","title":{"rendered":"Lys cappuccino ballon"},"content":{"rendered":"<p>Balloner er bare et must have til enhver festelig lejlighed! Med denne flotte lys cappuccino farvet latex ballon kan du nemt pynte op til b\u00e5de natur barned\u00e5b, konfirmation, bryllup og natur sommerfest. Brug ballonen sammen med andre balloner i forskellige brune og r\u00e5hvide farver for en flot effekt.<\/p>\n<p><strong>HUSK:<\/strong> helium hvis ballonen skal sv\u00e6ve. Brug Hi Float for at forl\u00e6nge ballonens sv\u00e6vetid med helium til flere dage.<\/p>\n<p>Indhold: 10 stk. \/ M\u00e5l: 30 cm<\/p>\n","protected":false},"excerpt":{"rendered":"<p>Balloner er bare et must have til enhver festelig lejlighed! Med denne flotte lys cappuccino farvet latex ballon kan du nemt pynte op til b\u00e5de natur barned\u00e5b, konfirmation, bryllup og natur sommerfest. Brug ballonen sammen med andre balloner i forskellige [&hellip;]<\/p>\n","protected":false},"featured_media":60348,"template":"","meta":{"_acf_changed":false},"product_brand":[],"product_cat":[30],"product_tag":[],"class_list":{"0":"post-60347","1":"product","2":"type-product","3":"status-publish","4":"has-post-thumbnail","6":"product_cat-balloner","8":"first","9":"instock","10":"taxable","11":"shipping-taxable","12":"purchasable","13":"product-type-simple"},"bundled_by":[],"bundle_stock_status":"instock","bundle_stock_quantity":133,"bundle_virtual":false,"bundle_layout":"","bundle_add_to_cart_form_location":"","bundle_editable_in_cart":false,"bundle_sold_individually_context":"","bundle_item_grouping":"","bundle_min_size":"","bundle_max_size":"","bundle_price":[],"bundled_items":[],"bundle_sell_ids":[],"acf":[],"tiered_pricing_type":"fixed","tiered_pricing_fixed_rules":[],"tiered_pricing_product_settings":{"layout":"default","base_unit_name":{"singular":null,"plural":null},"default_variation":null},"tiered_pricing_minimum_quantity":null,"tiered_pricing_roles_data":[],"tiered_pricing_percentage_rules":[],"tiered_pricing_maximum_quantity":null,"tiered_pricing_quantity_step":null,"_links":{"self":[{"href":"https:\/\/partyinabox.dk\/party\/wp-json\/wp\/v2\/product\/60347","targetHints":{"allow":["GET"]}}],"collection":[{"href":"https:\/\/partyinabox.dk\/party\/wp-json\/wp\/v2\/product"}],"about":[{"href":"https:\/\/partyinabox.dk\/party\/wp-json\/wp\/v2\/types\/product"}],"wp:featuredmedia":[{"embeddable":true,"href":"https:\/\/partyinabox.dk\/party\/wp-json\/wp\/v2\/media\/60348"}],"wp:attachment":[{"href":"https:\/\/partyinabox.dk\/party\/wp-json\/wp\/v2\/media?parent=60347"}],"wp:term":[{"taxonomy":"product_brand","embeddable":true,"href":"https:\/\/partyinabox.dk\/party\/wp-json\/wp\/v2\/product_brand?post=60347"},{"taxonomy":"product_cat","embeddable":true,"href":"https:\/\/partyinabox.dk\/party\/wp-json\/wp\/v2\/product_cat?post=60347"},{"taxonomy":"product_tag","embeddable":true,"href":"https:\/\/partyinabox.dk\/party\/wp-json\/wp\/v2\/product_tag?post=60347"}],"curies":[{"name":"wp","href":"https:\/\/api.w.org\/{rel}","templated":true}]}}