{"id":59850,"date":"2024-03-11T15:31:51","date_gmt":"2024-03-11T14:31:51","guid":{"rendered":"https:\/\/partyinabox.dk\/party\/?post_type=product&#038;p=59850"},"modified":"2026-04-16T16:05:33","modified_gmt":"2026-04-16T14:05:33","slug":"hvid-gaestebog-en-kaerlig-hilsen","status":"publish","type":"product","link":"https:\/\/partyinabox.dk\/party\/vare\/hvid-gaestebog-en-kaerlig-hilsen\/","title":{"rendered":"Hvid g\u00e6stebog &#8211; &#8220;en k\u00e6rlig hilsen&#8221;"},"content":{"rendered":"<p>Med denne flotte g\u00e6stebog kan dine g\u00e6ster skrive en k\u00e6rlig hilsen til enhver festelig lejlighed. G\u00e6stebogen er med guld tryk &#8220;G\u00e6stebog &#8211; en k\u00e6rlig hilsen&#8221; med et hjerte &#8211; og s\u00e5 er den i en dejlig hvid farve. Den er derfor perfekt til f.eks. et bryllup, konfirmation, barned\u00e5b, jubil\u00e6um eller en rund f\u00f8dselsdag.<\/p>\n<p>Du kan ogs\u00e5 bruge g\u00e6stebogen til at lime billeder ind fra dagen og skrive tanker og minder ind. Bliv klar til din store fest med denne smukke g\u00e6stebog &#8211; husk en kuglepen.<\/p>\n<p>G\u00e6stebogen har 22 blanke sider, en lille m\u00e6rkesnor til hurtig genfinding og guld sideryg.<\/p>\n<p>Indhold: 1 stk. \/ M\u00e5l: 21 x 21 cm<\/p>\n","protected":false},"excerpt":{"rendered":"<p>Med denne flotte g\u00e6stebog kan dine g\u00e6ster skrive en k\u00e6rlig hilsen til enhver festelig lejlighed. G\u00e6stebogen er med guld tryk &#8220;G\u00e6stebog &#8211; en k\u00e6rlig hilsen&#8221; med et hjerte &#8211; og s\u00e5 er den i en dejlig hvid farve. Den er [&hellip;]<\/p>\n","protected":false},"featured_media":59851,"template":"","meta":{"_acf_changed":false},"product_brand":[],"product_cat":[34],"product_tag":[],"class_list":{"0":"post-59850","1":"product","2":"type-product","3":"status-publish","4":"has-post-thumbnail","6":"product_cat-accessories","8":"first","9":"instock","10":"taxable","11":"shipping-taxable","12":"purchasable","13":"product-type-simple"},"bundled_by":[],"bundle_stock_status":"instock","bundle_stock_quantity":1062,"bundle_virtual":false,"bundle_layout":"","bundle_add_to_cart_form_location":"","bundle_editable_in_cart":false,"bundle_sold_individually_context":"","bundle_item_grouping":"","bundle_min_size":"","bundle_max_size":"","bundle_price":[],"bundled_items":[],"bundle_sell_ids":[],"acf":[],"tiered_pricing_type":"fixed","tiered_pricing_fixed_rules":[],"tiered_pricing_product_settings":{"layout":"default","base_unit_name":{"singular":null,"plural":null},"default_variation":null},"tiered_pricing_minimum_quantity":null,"tiered_pricing_roles_data":[],"tiered_pricing_percentage_rules":[],"tiered_pricing_maximum_quantity":null,"tiered_pricing_quantity_step":null,"_links":{"self":[{"href":"https:\/\/partyinabox.dk\/party\/wp-json\/wp\/v2\/product\/59850","targetHints":{"allow":["GET"]}}],"collection":[{"href":"https:\/\/partyinabox.dk\/party\/wp-json\/wp\/v2\/product"}],"about":[{"href":"https:\/\/partyinabox.dk\/party\/wp-json\/wp\/v2\/types\/product"}],"wp:featuredmedia":[{"embeddable":true,"href":"https:\/\/partyinabox.dk\/party\/wp-json\/wp\/v2\/media\/59851"}],"wp:attachment":[{"href":"https:\/\/partyinabox.dk\/party\/wp-json\/wp\/v2\/media?parent=59850"}],"wp:term":[{"taxonomy":"product_brand","embeddable":true,"href":"https:\/\/partyinabox.dk\/party\/wp-json\/wp\/v2\/product_brand?post=59850"},{"taxonomy":"product_cat","embeddable":true,"href":"https:\/\/partyinabox.dk\/party\/wp-json\/wp\/v2\/product_cat?post=59850"},{"taxonomy":"product_tag","embeddable":true,"href":"https:\/\/partyinabox.dk\/party\/wp-json\/wp\/v2\/product_tag?post=59850"}],"curies":[{"name":"wp","href":"https:\/\/api.w.org\/{rel}","templated":true}]}}