{"id":59827,"date":"2024-03-11T11:38:39","date_gmt":"2024-03-11T10:38:39","guid":{"rendered":"https:\/\/partyinabox.dk\/party\/?post_type=product&#038;p=59827"},"modified":"2026-03-13T11:14:36","modified_gmt":"2026-03-13T10:14:36","slug":"trae-bamse-kagepynt","status":"publish","type":"product","link":"https:\/\/partyinabox.dk\/party\/vare\/trae-bamse-kagepynt\/","title":{"rendered":"Tr\u00e6 bamse kagepynt"},"content":{"rendered":"<p>Dine cupcakes og muffins bliver ikke s\u00f8dere med denne bamse pynt i tr\u00e6 til kagen. Dekorer dine kager med disse s\u00f8de bamser til f.eks. et natur babyshower eller barned\u00e5b, og h\u00f8r dine g\u00e6ster sige &#8220;n\u00e5\u00e5\u00e5&#8221; n\u00e5r de ser kagerne. I pakken f\u00e5r du 3 x sovende bamser og 3 x v\u00e5gne bamser.<\/p>\n<p>Indhold: 6 stk. \/ M\u00e5l, hoved: 6,9 x 4,5 cm (H x B) \/ M\u00e5l, pind: 3,2 x 0,4 cm (H x B)<\/p>\n","protected":false},"excerpt":{"rendered":"<p>Dine cupcakes og muffins bliver ikke s\u00f8dere med denne bamse pynt i tr\u00e6 til kagen. Dekorer dine kager med disse s\u00f8de bamser til f.eks. et natur babyshower eller barned\u00e5b, og h\u00f8r dine g\u00e6ster sige &#8220;n\u00e5\u00e5\u00e5&#8221; n\u00e5r de ser kagerne. I [&hellip;]<\/p>\n","protected":false},"featured_media":59829,"template":"","meta":{"_acf_changed":false},"product_brand":[],"product_cat":[33],"product_tag":[],"class_list":{"0":"post-59827","1":"product","2":"type-product","3":"status-publish","4":"has-post-thumbnail","6":"product_cat-til-kagen","8":"first","9":"outofstock","10":"taxable","11":"shipping-taxable","12":"purchasable","13":"product-type-simple"},"bundled_by":[],"bundle_stock_status":"outofstock","bundle_stock_quantity":0,"bundle_virtual":false,"bundle_layout":"","bundle_add_to_cart_form_location":"","bundle_editable_in_cart":false,"bundle_sold_individually_context":"","bundle_item_grouping":"","bundle_min_size":"","bundle_max_size":"","bundle_price":[],"bundled_items":[],"bundle_sell_ids":[],"acf":[],"tiered_pricing_type":"fixed","tiered_pricing_fixed_rules":[],"tiered_pricing_product_settings":{"layout":"default","base_unit_name":{"singular":null,"plural":null},"default_variation":null},"tiered_pricing_minimum_quantity":null,"tiered_pricing_roles_data":[],"tiered_pricing_percentage_rules":[],"tiered_pricing_maximum_quantity":null,"tiered_pricing_quantity_step":null,"_links":{"self":[{"href":"https:\/\/partyinabox.dk\/party\/wp-json\/wp\/v2\/product\/59827","targetHints":{"allow":["GET"]}}],"collection":[{"href":"https:\/\/partyinabox.dk\/party\/wp-json\/wp\/v2\/product"}],"about":[{"href":"https:\/\/partyinabox.dk\/party\/wp-json\/wp\/v2\/types\/product"}],"wp:featuredmedia":[{"embeddable":true,"href":"https:\/\/partyinabox.dk\/party\/wp-json\/wp\/v2\/media\/59829"}],"wp:attachment":[{"href":"https:\/\/partyinabox.dk\/party\/wp-json\/wp\/v2\/media?parent=59827"}],"wp:term":[{"taxonomy":"product_brand","embeddable":true,"href":"https:\/\/partyinabox.dk\/party\/wp-json\/wp\/v2\/product_brand?post=59827"},{"taxonomy":"product_cat","embeddable":true,"href":"https:\/\/partyinabox.dk\/party\/wp-json\/wp\/v2\/product_cat?post=59827"},{"taxonomy":"product_tag","embeddable":true,"href":"https:\/\/partyinabox.dk\/party\/wp-json\/wp\/v2\/product_tag?post=59827"}],"curies":[{"name":"wp","href":"https:\/\/api.w.org\/{rel}","templated":true}]}}