{"id":59685,"date":"2024-03-08T14:03:40","date_gmt":"2024-03-08T13:03:40","guid":{"rendered":"https:\/\/partyinabox.dk\/party\/?post_type=product&#038;p=59685"},"modified":"2026-04-21T18:23:00","modified_gmt":"2026-04-21T16:23:00","slug":"bamse-papkop","status":"publish","type":"product","link":"https:\/\/partyinabox.dk\/party\/vare\/bamse-papkop\/","title":{"rendered":"Bamse papkop"},"content":{"rendered":"<p>Disse s\u00f8de bamse kopper i pap er helt fantastiske p\u00e5 bordet til f.eks. dit baaby shower eller barned\u00e5b! Papkrusene er med s\u00f8de sovende bamser p\u00e5 med pop-out \u00f8rer. Brug kopperne alene eller sammen med det andet s\u00f8de bamse pynt i samme serie.<\/p>\n<p>Indhold: 8 stk.<\/p>\n","protected":false},"excerpt":{"rendered":"<p>Disse s\u00f8de bamse kopper i pap er helt fantastiske p\u00e5 bordet til f.eks. dit baaby shower eller barned\u00e5b! Papkrusene er med s\u00f8de sovende bamser p\u00e5 med pop-out \u00f8rer. Brug kopperne alene eller sammen med det andet s\u00f8de bamse pynt i [&hellip;]<\/p>\n","protected":false},"featured_media":59686,"template":"","meta":{"_acf_changed":false},"product_brand":[],"product_cat":[32],"product_tag":[],"class_list":{"0":"post-59685","1":"product","2":"type-product","3":"status-publish","4":"has-post-thumbnail","6":"product_cat-service","8":"first","9":"instock","10":"taxable","11":"shipping-taxable","12":"purchasable","13":"product-type-simple"},"bundled_by":[],"bundle_stock_status":"instock","bundle_stock_quantity":25,"bundle_virtual":false,"bundle_layout":"","bundle_add_to_cart_form_location":"","bundle_editable_in_cart":false,"bundle_sold_individually_context":"","bundle_item_grouping":"","bundle_min_size":"","bundle_max_size":"","bundle_price":[],"bundled_items":[],"bundle_sell_ids":[],"acf":[],"tiered_pricing_type":"fixed","tiered_pricing_fixed_rules":[],"tiered_pricing_product_settings":{"layout":"default","base_unit_name":{"singular":null,"plural":null},"default_variation":null},"tiered_pricing_minimum_quantity":null,"tiered_pricing_roles_data":[],"tiered_pricing_percentage_rules":[],"tiered_pricing_maximum_quantity":null,"tiered_pricing_quantity_step":null,"_links":{"self":[{"href":"https:\/\/partyinabox.dk\/party\/wp-json\/wp\/v2\/product\/59685","targetHints":{"allow":["GET"]}}],"collection":[{"href":"https:\/\/partyinabox.dk\/party\/wp-json\/wp\/v2\/product"}],"about":[{"href":"https:\/\/partyinabox.dk\/party\/wp-json\/wp\/v2\/types\/product"}],"wp:featuredmedia":[{"embeddable":true,"href":"https:\/\/partyinabox.dk\/party\/wp-json\/wp\/v2\/media\/59686"}],"wp:attachment":[{"href":"https:\/\/partyinabox.dk\/party\/wp-json\/wp\/v2\/media?parent=59685"}],"wp:term":[{"taxonomy":"product_brand","embeddable":true,"href":"https:\/\/partyinabox.dk\/party\/wp-json\/wp\/v2\/product_brand?post=59685"},{"taxonomy":"product_cat","embeddable":true,"href":"https:\/\/partyinabox.dk\/party\/wp-json\/wp\/v2\/product_cat?post=59685"},{"taxonomy":"product_tag","embeddable":true,"href":"https:\/\/partyinabox.dk\/party\/wp-json\/wp\/v2\/product_tag?post=59685"}],"curies":[{"name":"wp","href":"https:\/\/api.w.org\/{rel}","templated":true}]}}