{"id":59666,"date":"2024-03-08T00:00:00","date_gmt":"2024-03-07T23:00:00","guid":{"rendered":"https:\/\/partyinabox.dk\/party\/?post_type=product&#038;p=59666"},"modified":"2026-03-18T13:30:02","modified_gmt":"2026-03-18T12:30:02","slug":"rosa-happy-birthday-serviet-m-blomster","status":"publish","type":"product","link":"https:\/\/partyinabox.dk\/party\/vare\/rosa-happy-birthday-serviet-m-blomster\/","title":{"rendered":"Rosa &#8220;Happy Birthday&#8221; serviet m\/blomster"},"content":{"rendered":"<p>Servietter kan g\u00f8re meget for et bord, og med disse smukke rosa servietter kan du virkelig d\u00e6kke dit f\u00f8dselsdagsbord flot op. Servietterne er rosa med hvid &#8220;Happy Birthday&#8221; skrift og smukke blomster. De passer derfor perfekt til en blomster f\u00f8dselsdag eller en 1 \u00e5rs f\u00f8dselsdag for en lille pige.<\/p>\n<p>Indhold: 16 stk. \/ M\u00e5l: 16,5 x 16,5 cm<\/p>\n","protected":false},"excerpt":{"rendered":"<p>Servietter kan g\u00f8re meget for et bord, og med disse smukke rosa servietter kan du virkelig d\u00e6kke dit f\u00f8dselsdagsbord flot op. Servietterne er rosa med hvid &#8220;Happy Birthday&#8221; skrift og smukke blomster. De passer derfor perfekt til en blomster f\u00f8dselsdag [&hellip;]<\/p>\n","protected":false},"featured_media":59668,"template":"","meta":{"_acf_changed":false},"product_brand":[],"product_cat":[32],"product_tag":[],"class_list":{"0":"post-59666","1":"product","2":"type-product","3":"status-publish","4":"has-post-thumbnail","6":"product_cat-service","8":"first","9":"instock","10":"taxable","11":"shipping-taxable","12":"purchasable","13":"product-type-simple"},"bundled_by":[],"bundle_stock_status":"instock","bundle_stock_quantity":16,"bundle_virtual":false,"bundle_layout":"","bundle_add_to_cart_form_location":"","bundle_editable_in_cart":false,"bundle_sold_individually_context":"","bundle_item_grouping":"","bundle_min_size":"","bundle_max_size":"","bundle_price":[],"bundled_items":[],"bundle_sell_ids":[],"acf":[],"tiered_pricing_type":"fixed","tiered_pricing_fixed_rules":[],"tiered_pricing_product_settings":{"layout":"default","base_unit_name":{"singular":null,"plural":null},"default_variation":null},"tiered_pricing_minimum_quantity":null,"tiered_pricing_roles_data":[],"tiered_pricing_percentage_rules":[],"tiered_pricing_maximum_quantity":null,"tiered_pricing_quantity_step":null,"_links":{"self":[{"href":"https:\/\/partyinabox.dk\/party\/wp-json\/wp\/v2\/product\/59666","targetHints":{"allow":["GET"]}}],"collection":[{"href":"https:\/\/partyinabox.dk\/party\/wp-json\/wp\/v2\/product"}],"about":[{"href":"https:\/\/partyinabox.dk\/party\/wp-json\/wp\/v2\/types\/product"}],"wp:featuredmedia":[{"embeddable":true,"href":"https:\/\/partyinabox.dk\/party\/wp-json\/wp\/v2\/media\/59668"}],"wp:attachment":[{"href":"https:\/\/partyinabox.dk\/party\/wp-json\/wp\/v2\/media?parent=59666"}],"wp:term":[{"taxonomy":"product_brand","embeddable":true,"href":"https:\/\/partyinabox.dk\/party\/wp-json\/wp\/v2\/product_brand?post=59666"},{"taxonomy":"product_cat","embeddable":true,"href":"https:\/\/partyinabox.dk\/party\/wp-json\/wp\/v2\/product_cat?post=59666"},{"taxonomy":"product_tag","embeddable":true,"href":"https:\/\/partyinabox.dk\/party\/wp-json\/wp\/v2\/product_tag?post=59666"}],"curies":[{"name":"wp","href":"https:\/\/api.w.org\/{rel}","templated":true}]}}