{"id":59596,"date":"2024-03-07T15:12:34","date_gmt":"2024-03-07T14:12:34","guid":{"rendered":"https:\/\/partyinabox.dk\/party\/?post_type=product&#038;p=59596"},"modified":"2026-04-29T11:41:36","modified_gmt":"2026-04-29T09:41:36","slug":"rosa-vimpel-banner-med-blomster","status":"publish","type":"product","link":"https:\/\/partyinabox.dk\/party\/vare\/rosa-vimpel-banner-med-blomster\/","title":{"rendered":"Rosa vimpel banner med blomster"},"content":{"rendered":"<p>Lige meget om du h\u00e6nger denne vimpel banner op mellem tr\u00e6erne i haven eller hen over bordet i stuen s\u00e5 vil den g\u00f8re sig godt. Banneret er rosa med fine gule og hvide blomster p\u00e5, som bare emmer af sol og sommer. Brug banneret sammen med pynt i samme serie til f.eks. en blomster f\u00f8dselsdag, sommer fest, havefest eller for\u00e5rsfest.<\/p>\n<p>Indhold: 1 stk. \/ M\u00e5l: 5 meter<\/p>\n","protected":false},"excerpt":{"rendered":"<p>Lige meget om du h\u00e6nger denne vimpel banner op mellem tr\u00e6erne i haven eller hen over bordet i stuen s\u00e5 vil den g\u00f8re sig godt. Banneret er rosa med fine gule og hvide blomster p\u00e5, som bare emmer af sol [&hellip;]<\/p>\n","protected":false},"featured_media":59598,"template":"","meta":{"_acf_changed":false},"product_brand":[],"product_cat":[19],"product_tag":[],"class_list":{"0":"post-59596","1":"product","2":"type-product","3":"status-publish","4":"has-post-thumbnail","6":"product_cat-pynt","8":"first","9":"instock","10":"taxable","11":"shipping-taxable","12":"purchasable","13":"product-type-simple"},"bundled_by":[],"bundle_stock_status":"instock","bundle_stock_quantity":55,"bundle_virtual":false,"bundle_layout":"","bundle_add_to_cart_form_location":"","bundle_editable_in_cart":false,"bundle_sold_individually_context":"","bundle_item_grouping":"","bundle_min_size":"","bundle_max_size":"","bundle_price":[],"bundled_items":[],"bundle_sell_ids":[],"acf":[],"tiered_pricing_type":"fixed","tiered_pricing_fixed_rules":[],"tiered_pricing_product_settings":{"layout":"default","base_unit_name":{"singular":null,"plural":null},"default_variation":null},"tiered_pricing_minimum_quantity":null,"tiered_pricing_roles_data":[],"tiered_pricing_percentage_rules":[],"tiered_pricing_maximum_quantity":null,"tiered_pricing_quantity_step":null,"_links":{"self":[{"href":"https:\/\/partyinabox.dk\/party\/wp-json\/wp\/v2\/product\/59596","targetHints":{"allow":["GET"]}}],"collection":[{"href":"https:\/\/partyinabox.dk\/party\/wp-json\/wp\/v2\/product"}],"about":[{"href":"https:\/\/partyinabox.dk\/party\/wp-json\/wp\/v2\/types\/product"}],"wp:featuredmedia":[{"embeddable":true,"href":"https:\/\/partyinabox.dk\/party\/wp-json\/wp\/v2\/media\/59598"}],"wp:attachment":[{"href":"https:\/\/partyinabox.dk\/party\/wp-json\/wp\/v2\/media?parent=59596"}],"wp:term":[{"taxonomy":"product_brand","embeddable":true,"href":"https:\/\/partyinabox.dk\/party\/wp-json\/wp\/v2\/product_brand?post=59596"},{"taxonomy":"product_cat","embeddable":true,"href":"https:\/\/partyinabox.dk\/party\/wp-json\/wp\/v2\/product_cat?post=59596"},{"taxonomy":"product_tag","embeddable":true,"href":"https:\/\/partyinabox.dk\/party\/wp-json\/wp\/v2\/product_tag?post=59596"}],"curies":[{"name":"wp","href":"https:\/\/api.w.org\/{rel}","templated":true}]}}