{"id":59579,"date":"2024-03-07T13:04:03","date_gmt":"2024-03-07T12:04:03","guid":{"rendered":"https:\/\/partyinabox.dk\/party\/?post_type=product&#038;p=59579"},"modified":"2026-04-14T12:28:38","modified_gmt":"2026-04-14T10:28:38","slug":"pastel-happy-birthday-balloner-m-haler","status":"publish","type":"product","link":"https:\/\/partyinabox.dk\/party\/vare\/pastel-happy-birthday-balloner-m-haler\/","title":{"rendered":"Pastel &#8220;Happy Birthday&#8221; balloner m\/haler"},"content":{"rendered":"<p>Balloner er bare et hit &#8211; altid! Og med disse sjove og festlige latex balloner med papirhaler kan du pynte flot op til f.eks. f\u00f8dselsdag, havfrue fest eller pastel fest. Ballonerne kommer i pastel lilla, gr\u00f8n, gul og rosa, med teksten &#8220;Happy Birthday&#8221; og snoede papir haler.<\/p>\n<p>Hvis du fylder latex ballonerne med <a href=\"https:\/\/partyinabox.dk\/party\/vare\/helium-til-balloner\/\">helium<\/a>, s\u00e5 de sv\u00e6ver, kan du bruge halerne til at binde ballonerne til f.eks. hver g\u00e6stes stol eller sm\u00e5 v\u00e6gte p\u00e5 bordet. <strong>HUSK<\/strong> at fylde <a href=\"https:\/\/partyinabox.dk\/party\/vare\/lille-hi-float\/\">Hi Float<\/a> i ballonerne inden helium, for at forl\u00e6nge sv\u00e6vetiden med flere dage.<\/p>\n<p>Du kan ogs\u00e5 fylde ballonerne med helt alm. luft og h\u00e6nge dem op i loftet over f.eks. bordet med <a href=\"https:\/\/partyinabox.dk\/party\/vare\/ballon-lim-dutter\/\">ballon lim dutter<\/a>. S\u00e5 h\u00e6nger halerne ned fra ballonerne og giver en fed effekt over bordet.<\/p>\n<p>Indhold: 5 stk. balloner + 5 x 1 meter papir haler \/ M\u00e5l: 30 cm<\/p>\n","protected":false},"excerpt":{"rendered":"<p>Balloner er bare et hit &#8211; altid! Og med disse sjove og festlige latex balloner med papirhaler kan du pynte flot op til f.eks. f\u00f8dselsdag, havfrue fest eller pastel fest. Ballonerne kommer i pastel lilla, gr\u00f8n, gul og rosa, med [&hellip;]<\/p>\n","protected":false},"featured_media":59580,"template":"","meta":{"_acf_changed":false},"product_brand":[],"product_cat":[30],"product_tag":[],"class_list":{"0":"post-59579","1":"product","2":"type-product","3":"status-publish","4":"has-post-thumbnail","6":"product_cat-balloner","8":"first","9":"instock","10":"taxable","11":"shipping-taxable","12":"purchasable","13":"product-type-simple"},"bundled_by":[],"bundle_stock_status":"instock","bundle_stock_quantity":80,"bundle_virtual":false,"bundle_layout":"","bundle_add_to_cart_form_location":"","bundle_editable_in_cart":false,"bundle_sold_individually_context":"","bundle_item_grouping":"","bundle_min_size":"","bundle_max_size":"","bundle_price":[],"bundled_items":[],"bundle_sell_ids":[],"acf":[],"tiered_pricing_type":"fixed","tiered_pricing_fixed_rules":[],"tiered_pricing_product_settings":{"layout":"default","base_unit_name":{"singular":null,"plural":null},"default_variation":null},"tiered_pricing_minimum_quantity":null,"tiered_pricing_roles_data":[],"tiered_pricing_percentage_rules":[],"tiered_pricing_maximum_quantity":null,"tiered_pricing_quantity_step":null,"_links":{"self":[{"href":"https:\/\/partyinabox.dk\/party\/wp-json\/wp\/v2\/product\/59579","targetHints":{"allow":["GET"]}}],"collection":[{"href":"https:\/\/partyinabox.dk\/party\/wp-json\/wp\/v2\/product"}],"about":[{"href":"https:\/\/partyinabox.dk\/party\/wp-json\/wp\/v2\/types\/product"}],"wp:featuredmedia":[{"embeddable":true,"href":"https:\/\/partyinabox.dk\/party\/wp-json\/wp\/v2\/media\/59580"}],"wp:attachment":[{"href":"https:\/\/partyinabox.dk\/party\/wp-json\/wp\/v2\/media?parent=59579"}],"wp:term":[{"taxonomy":"product_brand","embeddable":true,"href":"https:\/\/partyinabox.dk\/party\/wp-json\/wp\/v2\/product_brand?post=59579"},{"taxonomy":"product_cat","embeddable":true,"href":"https:\/\/partyinabox.dk\/party\/wp-json\/wp\/v2\/product_cat?post=59579"},{"taxonomy":"product_tag","embeddable":true,"href":"https:\/\/partyinabox.dk\/party\/wp-json\/wp\/v2\/product_tag?post=59579"}],"curies":[{"name":"wp","href":"https:\/\/api.w.org\/{rel}","templated":true}]}}