{"id":59572,"date":"2024-03-07T12:28:20","date_gmt":"2024-03-07T11:28:20","guid":{"rendered":"https:\/\/partyinabox.dk\/party\/?post_type=product&#038;p=59572"},"modified":"2026-04-15T03:32:18","modified_gmt":"2026-04-15T01:32:18","slug":"trae-bordnumre-1-12-dobbeltsidet","status":"publish","type":"product","link":"https:\/\/partyinabox.dk\/party\/vare\/trae-bordnumre-1-12-dobbeltsidet\/","title":{"rendered":"Tr\u00e6 bordnumre 1-12 (dobbeltsidet)"},"content":{"rendered":"<p>Tilf\u00f8j noget rustik charme til dine borde med disse smukke bordnumre i tr\u00e6. Bordnumrene kan st\u00e5 selv og viser bord 1 til 12, s\u00e5 det er nemt for g\u00e6sterne til dit bryllup, konfirmation eller barned\u00e5b at finde deres bord. Disse numre til bordene er ikke kun praktiske, men ser ogs\u00e5 flotte ud blandt tr\u00e6 pynt, blomster og natur elementer.<\/p>\n<p>Indhold: 12 stk. \/ M\u00e5l: 13,6 x 10 cm (H x B)<\/p>\n","protected":false},"excerpt":{"rendered":"<p>Tilf\u00f8j noget rustik charme til dine borde med disse smukke bordnumre i tr\u00e6. Bordnumrene kan st\u00e5 selv og viser bord 1 til 12, s\u00e5 det er nemt for g\u00e6sterne til dit bryllup, konfirmation eller barned\u00e5b at finde deres bord. Disse [&hellip;]<\/p>\n","protected":false},"featured_media":59573,"template":"","meta":{"_acf_changed":false},"product_brand":[],"product_cat":[32],"product_tag":[],"class_list":{"0":"post-59572","1":"product","2":"type-product","3":"status-publish","4":"has-post-thumbnail","6":"product_cat-service","8":"first","9":"outofstock","10":"taxable","11":"shipping-taxable","12":"purchasable","13":"product-type-simple"},"bundled_by":[],"bundle_stock_status":"outofstock","bundle_stock_quantity":0,"bundle_virtual":false,"bundle_layout":"","bundle_add_to_cart_form_location":"","bundle_editable_in_cart":false,"bundle_sold_individually_context":"","bundle_item_grouping":"","bundle_min_size":"","bundle_max_size":"","bundle_price":[],"bundled_items":[],"bundle_sell_ids":[],"acf":[],"tiered_pricing_type":"fixed","tiered_pricing_fixed_rules":[],"tiered_pricing_product_settings":{"layout":"default","base_unit_name":{"singular":null,"plural":null},"default_variation":null},"tiered_pricing_minimum_quantity":null,"tiered_pricing_roles_data":[],"tiered_pricing_percentage_rules":[],"tiered_pricing_maximum_quantity":null,"tiered_pricing_quantity_step":null,"_links":{"self":[{"href":"https:\/\/partyinabox.dk\/party\/wp-json\/wp\/v2\/product\/59572","targetHints":{"allow":["GET"]}}],"collection":[{"href":"https:\/\/partyinabox.dk\/party\/wp-json\/wp\/v2\/product"}],"about":[{"href":"https:\/\/partyinabox.dk\/party\/wp-json\/wp\/v2\/types\/product"}],"wp:featuredmedia":[{"embeddable":true,"href":"https:\/\/partyinabox.dk\/party\/wp-json\/wp\/v2\/media\/59573"}],"wp:attachment":[{"href":"https:\/\/partyinabox.dk\/party\/wp-json\/wp\/v2\/media?parent=59572"}],"wp:term":[{"taxonomy":"product_brand","embeddable":true,"href":"https:\/\/partyinabox.dk\/party\/wp-json\/wp\/v2\/product_brand?post=59572"},{"taxonomy":"product_cat","embeddable":true,"href":"https:\/\/partyinabox.dk\/party\/wp-json\/wp\/v2\/product_cat?post=59572"},{"taxonomy":"product_tag","embeddable":true,"href":"https:\/\/partyinabox.dk\/party\/wp-json\/wp\/v2\/product_tag?post=59572"}],"curies":[{"name":"wp","href":"https:\/\/api.w.org\/{rel}","templated":true}]}}