{"id":59538,"date":"2024-03-07T10:54:54","date_gmt":"2024-03-07T09:54:54","guid":{"rendered":"https:\/\/partyinabox.dk\/party\/?post_type=product&#038;p=59538"},"modified":"2026-03-20T13:07:36","modified_gmt":"2026-03-20T12:07:36","slug":"natur-blomster-papkop","status":"publish","type":"product","link":"https:\/\/partyinabox.dk\/party\/vare\/natur-blomster-papkop\/","title":{"rendered":"Natur blomster papkop"},"content":{"rendered":"<p>Disse smukke kopper i pap med blomster og gr\u00f8nt p\u00e5 er perfekte til alle anledninger. Papkrusene fanger det smukke i naturen med deres design og passer derfor p\u00e5 bordet til b\u00e5de en polterabend med natur tema, sommer havefest, picnic, for\u00e5rsfest, natur bryllup, babyshower eller en natur barned\u00e5b.<\/p>\n<p>Indhold: 8 stk.<\/p>\n","protected":false},"excerpt":{"rendered":"<p>Disse smukke kopper i pap med blomster og gr\u00f8nt p\u00e5 er perfekte til alle anledninger. Papkrusene fanger det smukke i naturen med deres design og passer derfor p\u00e5 bordet til b\u00e5de en polterabend med natur tema, sommer havefest, picnic, for\u00e5rsfest, [&hellip;]<\/p>\n","protected":false},"featured_media":59540,"template":"","meta":{"_acf_changed":false},"product_brand":[],"product_cat":[32],"product_tag":[],"class_list":{"0":"post-59538","1":"product","2":"type-product","3":"status-publish","4":"has-post-thumbnail","6":"product_cat-service","8":"first","9":"instock","10":"taxable","11":"shipping-taxable","12":"purchasable","13":"product-type-simple"},"bundled_by":[],"bundle_stock_status":"instock","bundle_stock_quantity":20,"bundle_virtual":false,"bundle_layout":"","bundle_add_to_cart_form_location":"","bundle_editable_in_cart":false,"bundle_sold_individually_context":"","bundle_item_grouping":"","bundle_min_size":"","bundle_max_size":"","bundle_price":[],"bundled_items":[],"bundle_sell_ids":[],"acf":[],"tiered_pricing_type":"fixed","tiered_pricing_fixed_rules":[],"tiered_pricing_product_settings":{"layout":"default","base_unit_name":{"singular":null,"plural":null},"default_variation":null},"tiered_pricing_minimum_quantity":null,"tiered_pricing_roles_data":[],"tiered_pricing_percentage_rules":[],"tiered_pricing_maximum_quantity":null,"tiered_pricing_quantity_step":null,"_links":{"self":[{"href":"https:\/\/partyinabox.dk\/party\/wp-json\/wp\/v2\/product\/59538","targetHints":{"allow":["GET"]}}],"collection":[{"href":"https:\/\/partyinabox.dk\/party\/wp-json\/wp\/v2\/product"}],"about":[{"href":"https:\/\/partyinabox.dk\/party\/wp-json\/wp\/v2\/types\/product"}],"wp:featuredmedia":[{"embeddable":true,"href":"https:\/\/partyinabox.dk\/party\/wp-json\/wp\/v2\/media\/59540"}],"wp:attachment":[{"href":"https:\/\/partyinabox.dk\/party\/wp-json\/wp\/v2\/media?parent=59538"}],"wp:term":[{"taxonomy":"product_brand","embeddable":true,"href":"https:\/\/partyinabox.dk\/party\/wp-json\/wp\/v2\/product_brand?post=59538"},{"taxonomy":"product_cat","embeddable":true,"href":"https:\/\/partyinabox.dk\/party\/wp-json\/wp\/v2\/product_cat?post=59538"},{"taxonomy":"product_tag","embeddable":true,"href":"https:\/\/partyinabox.dk\/party\/wp-json\/wp\/v2\/product_tag?post=59538"}],"curies":[{"name":"wp","href":"https:\/\/api.w.org\/{rel}","templated":true}]}}