{"id":59385,"date":"2024-03-05T14:55:35","date_gmt":"2024-03-05T13:55:35","guid":{"rendered":"https:\/\/partyinabox.dk\/party\/?post_type=product&#038;p=59385"},"modified":"2026-04-25T09:35:10","modified_gmt":"2026-04-25T07:35:10","slug":"byggeplads-kagelys","status":"publish","type":"product","link":"https:\/\/partyinabox.dk\/party\/vare\/byggeplads-kagelys\/","title":{"rendered":"Byggeplads kagelys"},"content":{"rendered":"<p>G\u00f8r din byggeplads f\u00f8dselsdag helt fantastisk med disse s\u00f8de, sm\u00e5 lys til kagen formet som advarselskegler og byggepladsmaskiner. Brug dem i f\u00f8dselsdagskagen eller i muffins &#8211; og husk at \u00f8nske noget &#8211; f.eks. en sej gravko.<\/p>\n<p>Indhold: 5 sm\u00e5 lys \/ M\u00e5l: 3-4.5 cm<\/p>\n","protected":false},"excerpt":{"rendered":"<p>G\u00f8r din byggeplads f\u00f8dselsdag helt fantastisk med disse s\u00f8de, sm\u00e5 lys til kagen formet som advarselskegler og byggepladsmaskiner. Brug dem i f\u00f8dselsdagskagen eller i muffins &#8211; og husk at \u00f8nske noget &#8211; f.eks. en sej gravko. Indhold: 5 sm\u00e5 lys [&hellip;]<\/p>\n","protected":false},"featured_media":59386,"template":"","meta":{"_acf_changed":false},"product_brand":[],"product_cat":[33],"product_tag":[],"class_list":{"0":"post-59385","1":"product","2":"type-product","3":"status-publish","4":"has-post-thumbnail","6":"product_cat-til-kagen","8":"first","9":"instock","10":"taxable","11":"shipping-taxable","12":"purchasable","13":"product-type-simple"},"bundled_by":[],"bundle_stock_status":"instock","bundle_stock_quantity":51,"bundle_virtual":false,"bundle_layout":"","bundle_add_to_cart_form_location":"","bundle_editable_in_cart":false,"bundle_sold_individually_context":"","bundle_item_grouping":"","bundle_min_size":"","bundle_max_size":"","bundle_price":[],"bundled_items":[],"bundle_sell_ids":[],"acf":[],"tiered_pricing_type":"fixed","tiered_pricing_fixed_rules":[],"tiered_pricing_product_settings":{"layout":"default","base_unit_name":{"singular":null,"plural":null},"default_variation":null},"tiered_pricing_minimum_quantity":null,"tiered_pricing_roles_data":[],"tiered_pricing_percentage_rules":[],"tiered_pricing_maximum_quantity":null,"tiered_pricing_quantity_step":null,"_links":{"self":[{"href":"https:\/\/partyinabox.dk\/party\/wp-json\/wp\/v2\/product\/59385","targetHints":{"allow":["GET"]}}],"collection":[{"href":"https:\/\/partyinabox.dk\/party\/wp-json\/wp\/v2\/product"}],"about":[{"href":"https:\/\/partyinabox.dk\/party\/wp-json\/wp\/v2\/types\/product"}],"wp:featuredmedia":[{"embeddable":true,"href":"https:\/\/partyinabox.dk\/party\/wp-json\/wp\/v2\/media\/59386"}],"wp:attachment":[{"href":"https:\/\/partyinabox.dk\/party\/wp-json\/wp\/v2\/media?parent=59385"}],"wp:term":[{"taxonomy":"product_brand","embeddable":true,"href":"https:\/\/partyinabox.dk\/party\/wp-json\/wp\/v2\/product_brand?post=59385"},{"taxonomy":"product_cat","embeddable":true,"href":"https:\/\/partyinabox.dk\/party\/wp-json\/wp\/v2\/product_cat?post=59385"},{"taxonomy":"product_tag","embeddable":true,"href":"https:\/\/partyinabox.dk\/party\/wp-json\/wp\/v2\/product_tag?post=59385"}],"curies":[{"name":"wp","href":"https:\/\/api.w.org\/{rel}","templated":true}]}}