{"id":59135,"date":"2025-01-31T00:00:00","date_gmt":"2025-01-30T23:00:00","guid":{"rendered":"https:\/\/partyinabox.dk\/party\/?post_type=product&#038;p=59135"},"modified":"2026-04-14T12:28:32","modified_gmt":"2026-04-14T10:28:32","slug":"gabbys-dollhouse-festhatte","status":"publish","type":"product","link":"https:\/\/partyinabox.dk\/party\/vare\/gabbys-dollhouse-festhatte\/","title":{"rendered":"Gabby&#8217;s Dollhouse\u00ae Festhatte"},"content":{"rendered":"<p>Nu kan du holde \u00e6gte Gabbys Dukkehus og Gabby Cats f\u00f8dselsdagsfest med disse sjove hatte. Hattene er i FSC-certificeret pap og har fine pink og lyser\u00f8de farver, samt selvf\u00f8lgelig selve Gabby selv med en f\u00f8dselsdagskage. K\u00f8b nok hatte til alle g\u00e6sterne, s\u00e5 ingen bliver snydt.<\/p>\n<p>Indhold: 6 stk.<\/p>\n","protected":false},"excerpt":{"rendered":"<p>Nu kan du holde \u00e6gte Gabbys Dukkehus og Gabby Cats f\u00f8dselsdagsfest med disse sjove hatte. Hattene er i FSC-certificeret pap og har fine pink og lyser\u00f8de farver, samt selvf\u00f8lgelig selve Gabby selv med en f\u00f8dselsdagskage. K\u00f8b nok hatte til alle [&hellip;]<\/p>\n","protected":false},"featured_media":59136,"template":"","meta":{"_acf_changed":false},"product_brand":[],"product_cat":[34],"product_tag":[],"class_list":{"0":"post-59135","1":"product","2":"type-product","3":"status-publish","4":"has-post-thumbnail","6":"product_cat-accessories","8":"first","9":"instock","10":"sale","11":"taxable","12":"shipping-taxable","13":"purchasable","14":"product-type-simple"},"bundled_by":[],"bundle_stock_status":"instock","bundle_stock_quantity":30,"bundle_virtual":false,"bundle_layout":"","bundle_add_to_cart_form_location":"","bundle_editable_in_cart":false,"bundle_sold_individually_context":"","bundle_item_grouping":"","bundle_min_size":"","bundle_max_size":"","bundle_price":[],"bundled_items":[],"bundle_sell_ids":[],"acf":[],"tiered_pricing_type":"fixed","tiered_pricing_fixed_rules":[],"tiered_pricing_product_settings":{"layout":"default","base_unit_name":{"singular":null,"plural":null},"default_variation":null},"tiered_pricing_minimum_quantity":null,"tiered_pricing_roles_data":[],"tiered_pricing_percentage_rules":[],"tiered_pricing_maximum_quantity":null,"tiered_pricing_quantity_step":null,"_links":{"self":[{"href":"https:\/\/partyinabox.dk\/party\/wp-json\/wp\/v2\/product\/59135","targetHints":{"allow":["GET"]}}],"collection":[{"href":"https:\/\/partyinabox.dk\/party\/wp-json\/wp\/v2\/product"}],"about":[{"href":"https:\/\/partyinabox.dk\/party\/wp-json\/wp\/v2\/types\/product"}],"wp:featuredmedia":[{"embeddable":true,"href":"https:\/\/partyinabox.dk\/party\/wp-json\/wp\/v2\/media\/59136"}],"wp:attachment":[{"href":"https:\/\/partyinabox.dk\/party\/wp-json\/wp\/v2\/media?parent=59135"}],"wp:term":[{"taxonomy":"product_brand","embeddable":true,"href":"https:\/\/partyinabox.dk\/party\/wp-json\/wp\/v2\/product_brand?post=59135"},{"taxonomy":"product_cat","embeddable":true,"href":"https:\/\/partyinabox.dk\/party\/wp-json\/wp\/v2\/product_cat?post=59135"},{"taxonomy":"product_tag","embeddable":true,"href":"https:\/\/partyinabox.dk\/party\/wp-json\/wp\/v2\/product_tag?post=59135"}],"curies":[{"name":"wp","href":"https:\/\/api.w.org\/{rel}","templated":true}]}}