{"id":58844,"date":"2024-02-23T00:00:00","date_gmt":"2024-02-22T23:00:00","guid":{"rendered":"https:\/\/partyinabox.dk\/party\/?post_type=product&#038;p=58844"},"modified":"2026-04-18T16:55:17","modified_gmt":"2026-04-18T14:55:17","slug":"bluey-servietter","status":"publish","type":"product","link":"https:\/\/partyinabox.dk\/party\/vare\/bluey-servietter\/","title":{"rendered":"Bluey\u00ae Servietter"},"content":{"rendered":"<p>Hold en fantastisk fantasifuld f\u00f8dselsdag sammen med Bluey og lilles\u00f8ster Bingo med disse s\u00f8de Bluey servietter. Servietterne er perfekte p\u00e5 bordet til b\u00e5de p\u00f8lsehorn, pizzasnegle og selvf\u00f8lgelig kage. S\u00e5 inviter alle vennerne til sjov Bluey f\u00f8dselsdag, og s\u00e6t jer til bords med disse sk\u00f8nne servietter.<\/p>\n<p>Indhold: 16 stk. \/ M\u00e5l: 33 x 33 cm<\/p>\n","protected":false},"excerpt":{"rendered":"<p>Hold en fantastisk fantasifuld f\u00f8dselsdag sammen med Bluey og lilles\u00f8ster Bingo med disse s\u00f8de Bluey servietter. Servietterne er perfekte p\u00e5 bordet til b\u00e5de p\u00f8lsehorn, pizzasnegle og selvf\u00f8lgelig kage. S\u00e5 inviter alle vennerne til sjov Bluey f\u00f8dselsdag, og s\u00e6t jer til [&hellip;]<\/p>\n","protected":false},"featured_media":58845,"template":"","meta":{"_acf_changed":false},"product_brand":[],"product_cat":[32],"product_tag":[],"class_list":{"0":"post-58844","1":"product","2":"type-product","3":"status-publish","4":"has-post-thumbnail","6":"product_cat-service","8":"first","9":"instock","10":"taxable","11":"shipping-taxable","12":"purchasable","13":"product-type-simple"},"bundled_by":[],"bundle_stock_status":"instock","bundle_stock_quantity":680,"bundle_virtual":false,"bundle_layout":"","bundle_add_to_cart_form_location":"","bundle_editable_in_cart":false,"bundle_sold_individually_context":"","bundle_item_grouping":"","bundle_min_size":"","bundle_max_size":"","bundle_price":[],"bundled_items":[],"bundle_sell_ids":[],"acf":[],"tiered_pricing_type":"fixed","tiered_pricing_fixed_rules":[],"tiered_pricing_product_settings":{"layout":"default","base_unit_name":{"singular":null,"plural":null},"default_variation":null},"tiered_pricing_minimum_quantity":null,"tiered_pricing_roles_data":[],"tiered_pricing_percentage_rules":[],"tiered_pricing_maximum_quantity":null,"tiered_pricing_quantity_step":null,"_links":{"self":[{"href":"https:\/\/partyinabox.dk\/party\/wp-json\/wp\/v2\/product\/58844","targetHints":{"allow":["GET"]}}],"collection":[{"href":"https:\/\/partyinabox.dk\/party\/wp-json\/wp\/v2\/product"}],"about":[{"href":"https:\/\/partyinabox.dk\/party\/wp-json\/wp\/v2\/types\/product"}],"wp:featuredmedia":[{"embeddable":true,"href":"https:\/\/partyinabox.dk\/party\/wp-json\/wp\/v2\/media\/58845"}],"wp:attachment":[{"href":"https:\/\/partyinabox.dk\/party\/wp-json\/wp\/v2\/media?parent=58844"}],"wp:term":[{"taxonomy":"product_brand","embeddable":true,"href":"https:\/\/partyinabox.dk\/party\/wp-json\/wp\/v2\/product_brand?post=58844"},{"taxonomy":"product_cat","embeddable":true,"href":"https:\/\/partyinabox.dk\/party\/wp-json\/wp\/v2\/product_cat?post=58844"},{"taxonomy":"product_tag","embeddable":true,"href":"https:\/\/partyinabox.dk\/party\/wp-json\/wp\/v2\/product_tag?post=58844"}],"curies":[{"name":"wp","href":"https:\/\/api.w.org\/{rel}","templated":true}]}}