{"id":57841,"date":"2024-02-15T13:03:39","date_gmt":"2024-02-15T12:03:39","guid":{"rendered":"https:\/\/partyinabox.dk\/party\/?post_type=product&#038;p=57841"},"modified":"2026-04-13T11:02:11","modified_gmt":"2026-04-13T09:02:11","slug":"konfirmand-figur-pige","status":"publish","type":"product","link":"https:\/\/partyinabox.dk\/party\/vare\/konfirmand-figur-pige\/","title":{"rendered":"Konfirmand figur pige"},"content":{"rendered":"<p>Konfirmation er en stor begivenhed og med denne s\u00f8de figur kan du g\u00f8re dagen endnu mere speciel. Figuren forstiller en pige i konfirmationskjole, og kan bruges som dekoration p\u00e5 konfirmationsbordet eller p\u00e5 en kage. Du kan ogs\u00e5 bruge den i en pengegave til konfirmanden, hvis du vil g\u00f8re lidt mere ud af det.<\/p>\n<p>Indhold: 1 stk. \/ M\u00e5l: 6,1 x 5 x 15,5 cm \/ Materiale: 100% polyresin<\/p>\n","protected":false},"excerpt":{"rendered":"<p>Konfirmation er en stor begivenhed og med denne s\u00f8de figur kan du g\u00f8re dagen endnu mere speciel. Figuren forstiller en pige i konfirmationskjole, og kan bruges som dekoration p\u00e5 konfirmationsbordet eller p\u00e5 en kage. Du kan ogs\u00e5 bruge den i [&hellip;]<\/p>\n","protected":false},"featured_media":57842,"template":"","meta":{"_acf_changed":false},"product_brand":[],"product_cat":[19,32],"product_tag":[],"class_list":{"0":"post-57841","1":"product","2":"type-product","3":"status-publish","4":"has-post-thumbnail","6":"product_cat-pynt","7":"product_cat-service","9":"first","10":"instock","11":"taxable","12":"shipping-taxable","13":"purchasable","14":"product-type-simple"},"bundled_by":[],"bundle_stock_status":"instock","bundle_stock_quantity":40,"bundle_virtual":false,"bundle_layout":"","bundle_add_to_cart_form_location":"","bundle_editable_in_cart":false,"bundle_sold_individually_context":"","bundle_item_grouping":"","bundle_min_size":"","bundle_max_size":"","bundle_price":[],"bundled_items":[],"bundle_sell_ids":[],"acf":[],"tiered_pricing_type":"fixed","tiered_pricing_fixed_rules":[],"tiered_pricing_product_settings":{"layout":"default","base_unit_name":{"singular":null,"plural":null},"default_variation":null},"tiered_pricing_minimum_quantity":null,"tiered_pricing_roles_data":[],"tiered_pricing_percentage_rules":[],"tiered_pricing_maximum_quantity":null,"tiered_pricing_quantity_step":null,"_links":{"self":[{"href":"https:\/\/partyinabox.dk\/party\/wp-json\/wp\/v2\/product\/57841","targetHints":{"allow":["GET"]}}],"collection":[{"href":"https:\/\/partyinabox.dk\/party\/wp-json\/wp\/v2\/product"}],"about":[{"href":"https:\/\/partyinabox.dk\/party\/wp-json\/wp\/v2\/types\/product"}],"wp:featuredmedia":[{"embeddable":true,"href":"https:\/\/partyinabox.dk\/party\/wp-json\/wp\/v2\/media\/57842"}],"wp:attachment":[{"href":"https:\/\/partyinabox.dk\/party\/wp-json\/wp\/v2\/media?parent=57841"}],"wp:term":[{"taxonomy":"product_brand","embeddable":true,"href":"https:\/\/partyinabox.dk\/party\/wp-json\/wp\/v2\/product_brand?post=57841"},{"taxonomy":"product_cat","embeddable":true,"href":"https:\/\/partyinabox.dk\/party\/wp-json\/wp\/v2\/product_cat?post=57841"},{"taxonomy":"product_tag","embeddable":true,"href":"https:\/\/partyinabox.dk\/party\/wp-json\/wp\/v2\/product_tag?post=57841"}],"curies":[{"name":"wp","href":"https:\/\/api.w.org\/{rel}","templated":true}]}}