{"id":57664,"date":"2024-02-13T15:15:25","date_gmt":"2024-02-13T14:15:25","guid":{"rendered":"https:\/\/partyinabox.dk\/party\/?post_type=product&#038;p=57664"},"modified":"2026-04-02T11:18:35","modified_gmt":"2026-04-02T09:18:35","slug":"elegant-hvid-blomst-bordkort-til-serviet","status":"publish","type":"product","link":"https:\/\/partyinabox.dk\/party\/vare\/elegant-hvid-blomst-bordkort-til-serviet\/","title":{"rendered":"Elegant hvid blomst bordkort til serviet"},"content":{"rendered":"<p>Der er intet mere elegant end hvide blomster &#8211; og p\u00e5 dette bordkort er de helt fantastiske! Bordkortet er hvid med de flotteste hvide blomster og gr\u00f8nne blade &#8211; og s\u00e5 er det formet som en servietring, s\u00e5 du kan s\u00e6tte det p\u00e5 hver g\u00e6sts serviet som et bordkort. Bordkortet er af pap og du kan skrive g\u00e6stens navn ved siden af de fine blomster. Brug bordkortet rundt om en serviet til b\u00e5de\u00a0dit bryllup, konfirmation, barned\u00e5b eller sommerfest.<\/p>\n<p>Indhold: 8 stk. \/ M\u00e5l: 18 x 7 cm<\/p>\n","protected":false},"excerpt":{"rendered":"<p>Der er intet mere elegant end hvide blomster &#8211; og p\u00e5 dette bordkort er de helt fantastiske! Bordkortet er hvid med de flotteste hvide blomster og gr\u00f8nne blade &#8211; og s\u00e5 er det formet som en servietring, s\u00e5 du kan [&hellip;]<\/p>\n","protected":false},"featured_media":58494,"template":"","meta":{"_acf_changed":false},"product_brand":[],"product_cat":[32],"product_tag":[],"class_list":{"0":"post-57664","1":"product","2":"type-product","3":"status-publish","4":"has-post-thumbnail","6":"product_cat-service","8":"first","9":"instock","10":"taxable","11":"shipping-taxable","12":"purchasable","13":"product-type-simple"},"bundled_by":[],"bundle_stock_status":"instock","bundle_stock_quantity":29,"bundle_virtual":false,"bundle_layout":"","bundle_add_to_cart_form_location":"","bundle_editable_in_cart":false,"bundle_sold_individually_context":"","bundle_item_grouping":"","bundle_min_size":"","bundle_max_size":"","bundle_price":[],"bundled_items":[],"bundle_sell_ids":[],"acf":[],"tiered_pricing_type":"fixed","tiered_pricing_fixed_rules":[],"tiered_pricing_product_settings":{"layout":"default","base_unit_name":{"singular":null,"plural":null},"default_variation":null},"tiered_pricing_minimum_quantity":null,"tiered_pricing_roles_data":[],"tiered_pricing_percentage_rules":[],"tiered_pricing_maximum_quantity":null,"tiered_pricing_quantity_step":null,"_links":{"self":[{"href":"https:\/\/partyinabox.dk\/party\/wp-json\/wp\/v2\/product\/57664","targetHints":{"allow":["GET"]}}],"collection":[{"href":"https:\/\/partyinabox.dk\/party\/wp-json\/wp\/v2\/product"}],"about":[{"href":"https:\/\/partyinabox.dk\/party\/wp-json\/wp\/v2\/types\/product"}],"wp:featuredmedia":[{"embeddable":true,"href":"https:\/\/partyinabox.dk\/party\/wp-json\/wp\/v2\/media\/58494"}],"wp:attachment":[{"href":"https:\/\/partyinabox.dk\/party\/wp-json\/wp\/v2\/media?parent=57664"}],"wp:term":[{"taxonomy":"product_brand","embeddable":true,"href":"https:\/\/partyinabox.dk\/party\/wp-json\/wp\/v2\/product_brand?post=57664"},{"taxonomy":"product_cat","embeddable":true,"href":"https:\/\/partyinabox.dk\/party\/wp-json\/wp\/v2\/product_cat?post=57664"},{"taxonomy":"product_tag","embeddable":true,"href":"https:\/\/partyinabox.dk\/party\/wp-json\/wp\/v2\/product_tag?post=57664"}],"curies":[{"name":"wp","href":"https:\/\/api.w.org\/{rel}","templated":true}]}}