{"id":57653,"date":"2024-02-13T00:00:00","date_gmt":"2024-02-12T23:00:00","guid":{"rendered":"https:\/\/partyinabox.dk\/party\/?post_type=product&#038;p=57653"},"modified":"2026-04-10T03:34:59","modified_gmt":"2026-04-10T01:34:59","slug":"elegant-hvid-blomst-paptallerken-stor","status":"publish","type":"product","link":"https:\/\/partyinabox.dk\/party\/vare\/elegant-hvid-blomst-paptallerken-stor\/","title":{"rendered":"Elegant hvid blomst paptallerken (stor)"},"content":{"rendered":"<p>Mange tror engangsservice ser billigt ud p\u00e5 bordet, men ikke denne tallerken! Denne elegante tallerken er godt nok lavet af pap, men den ser ikke billig ud. Faktisk er denne hvide paptallerken med mat guldkant og smukke hvide blomster enormt smuk p\u00e5 bordet. Dine g\u00e6ster vil blive overrasket over, at dette er engangsservice! Brug uden problemer tallerkenen p\u00e5 bordet til dit bryllup, konfirmation, barned\u00e5b eller sommerfest.<\/p>\n<p>Indhold: 8 stk. \/ M\u00e5l: 27 cm<\/p>\n","protected":false},"excerpt":{"rendered":"<p>Mange tror engangsservice ser billigt ud p\u00e5 bordet, men ikke denne tallerken! Denne elegante tallerken er godt nok lavet af pap, men den ser ikke billig ud. Faktisk er denne hvide paptallerken med mat guldkant og smukke hvide blomster enormt [&hellip;]<\/p>\n","protected":false},"featured_media":57654,"template":"","meta":{"_acf_changed":false},"product_brand":[],"product_cat":[32],"product_tag":[],"class_list":{"0":"post-57653","1":"product","2":"type-product","3":"status-publish","4":"has-post-thumbnail","6":"product_cat-service","8":"first","9":"instock","10":"taxable","11":"shipping-taxable","12":"purchasable","13":"product-type-simple"},"bundled_by":[],"bundle_stock_status":"instock","bundle_stock_quantity":2,"bundle_virtual":false,"bundle_layout":"","bundle_add_to_cart_form_location":"","bundle_editable_in_cart":false,"bundle_sold_individually_context":"","bundle_item_grouping":"","bundle_min_size":"","bundle_max_size":"","bundle_price":[],"bundled_items":[],"bundle_sell_ids":[],"acf":[],"tiered_pricing_type":"fixed","tiered_pricing_fixed_rules":[],"tiered_pricing_product_settings":{"layout":"default","base_unit_name":{"singular":null,"plural":null},"default_variation":null},"tiered_pricing_minimum_quantity":null,"tiered_pricing_roles_data":[],"tiered_pricing_percentage_rules":[],"tiered_pricing_maximum_quantity":null,"tiered_pricing_quantity_step":null,"_links":{"self":[{"href":"https:\/\/partyinabox.dk\/party\/wp-json\/wp\/v2\/product\/57653","targetHints":{"allow":["GET"]}}],"collection":[{"href":"https:\/\/partyinabox.dk\/party\/wp-json\/wp\/v2\/product"}],"about":[{"href":"https:\/\/partyinabox.dk\/party\/wp-json\/wp\/v2\/types\/product"}],"wp:featuredmedia":[{"embeddable":true,"href":"https:\/\/partyinabox.dk\/party\/wp-json\/wp\/v2\/media\/57654"}],"wp:attachment":[{"href":"https:\/\/partyinabox.dk\/party\/wp-json\/wp\/v2\/media?parent=57653"}],"wp:term":[{"taxonomy":"product_brand","embeddable":true,"href":"https:\/\/partyinabox.dk\/party\/wp-json\/wp\/v2\/product_brand?post=57653"},{"taxonomy":"product_cat","embeddable":true,"href":"https:\/\/partyinabox.dk\/party\/wp-json\/wp\/v2\/product_cat?post=57653"},{"taxonomy":"product_tag","embeddable":true,"href":"https:\/\/partyinabox.dk\/party\/wp-json\/wp\/v2\/product_tag?post=57653"}],"curies":[{"name":"wp","href":"https:\/\/api.w.org\/{rel}","templated":true}]}}