{"id":56838,"date":"2024-02-01T11:49:46","date_gmt":"2024-02-01T10:49:46","guid":{"rendered":"https:\/\/partyinabox.dk\/party\/?post_type=product&#038;p=56838"},"modified":"2026-04-30T11:16:46","modified_gmt":"2026-04-30T09:16:46","slug":"den-lille-havfrue-ariel-mega-folieballon","status":"publish","type":"product","link":"https:\/\/partyinabox.dk\/party\/vare\/den-lille-havfrue-ariel-mega-folieballon\/","title":{"rendered":"Den Lille Havfrue Ariel\u00ae Mega Folieballon"},"content":{"rendered":"<p>Skal du holde havfrue f\u00f8dselsdag under havets overflade? S\u00e5 skal du selvf\u00f8lgelig ogs\u00e5 have Ariel med. Med denne store folie ballon kan Prinsesse Ariel ogs\u00e5 v\u00e6re med til under vandt f\u00f8dselsdag. Pust ballonen op med alm. luft og h\u00e6ng den op med f.eks. fiskesn\u00f8re. Du kan ogs\u00e5 puste den op med helium, hvis den skal sv\u00e6ve.<\/p>\n<p>Indhold: 1 stk. \/ M\u00e5l: 86 cm (H)<\/p>\n","protected":false},"excerpt":{"rendered":"<p>Skal du holde havfrue f\u00f8dselsdag under havets overflade? S\u00e5 skal du selvf\u00f8lgelig ogs\u00e5 have Ariel med. Med denne store folie ballon kan Prinsesse Ariel ogs\u00e5 v\u00e6re med til under vandt f\u00f8dselsdag. Pust ballonen op med alm. luft og h\u00e6ng den [&hellip;]<\/p>\n","protected":false},"featured_media":56839,"template":"","meta":{"_acf_changed":false},"product_brand":[],"product_cat":[30],"product_tag":[],"class_list":{"0":"post-56838","1":"product","2":"type-product","3":"status-publish","4":"has-post-thumbnail","6":"product_cat-balloner","8":"first","9":"instock","10":"taxable","11":"shipping-taxable","12":"purchasable","13":"product-type-simple"},"bundled_by":[],"bundle_stock_status":"instock","bundle_stock_quantity":9,"bundle_virtual":false,"bundle_layout":"","bundle_add_to_cart_form_location":"","bundle_editable_in_cart":false,"bundle_sold_individually_context":"","bundle_item_grouping":"","bundle_min_size":"","bundle_max_size":"","bundle_price":[],"bundled_items":[],"bundle_sell_ids":[],"acf":[],"tiered_pricing_type":"fixed","tiered_pricing_fixed_rules":[],"tiered_pricing_product_settings":{"layout":"default","base_unit_name":{"singular":null,"plural":null},"default_variation":null},"tiered_pricing_minimum_quantity":null,"tiered_pricing_roles_data":[],"tiered_pricing_percentage_rules":[],"tiered_pricing_maximum_quantity":null,"tiered_pricing_quantity_step":null,"_links":{"self":[{"href":"https:\/\/partyinabox.dk\/party\/wp-json\/wp\/v2\/product\/56838","targetHints":{"allow":["GET"]}}],"collection":[{"href":"https:\/\/partyinabox.dk\/party\/wp-json\/wp\/v2\/product"}],"about":[{"href":"https:\/\/partyinabox.dk\/party\/wp-json\/wp\/v2\/types\/product"}],"wp:featuredmedia":[{"embeddable":true,"href":"https:\/\/partyinabox.dk\/party\/wp-json\/wp\/v2\/media\/56839"}],"wp:attachment":[{"href":"https:\/\/partyinabox.dk\/party\/wp-json\/wp\/v2\/media?parent=56838"}],"wp:term":[{"taxonomy":"product_brand","embeddable":true,"href":"https:\/\/partyinabox.dk\/party\/wp-json\/wp\/v2\/product_brand?post=56838"},{"taxonomy":"product_cat","embeddable":true,"href":"https:\/\/partyinabox.dk\/party\/wp-json\/wp\/v2\/product_cat?post=56838"},{"taxonomy":"product_tag","embeddable":true,"href":"https:\/\/partyinabox.dk\/party\/wp-json\/wp\/v2\/product_tag?post=56838"}],"curies":[{"name":"wp","href":"https:\/\/api.w.org\/{rel}","templated":true}]}}