{"id":56783,"date":"2024-04-05T00:00:00","date_gmt":"2024-04-04T22:00:00","guid":{"rendered":"https:\/\/partyinabox.dk\/party\/?post_type=product&#038;p=56783"},"modified":"2026-03-16T08:31:47","modified_gmt":"2026-03-16T07:31:47","slug":"roed-konfetti-papir","status":"publish","type":"product","link":"https:\/\/partyinabox.dk\/party\/vare\/roed-konfetti-papir\/","title":{"rendered":"R\u00f8d konfetti (papir)"},"content":{"rendered":"<p>Skal der v\u00e6re fest? S\u00e5 skal der ogs\u00e5 v\u00e6re masser af konfetti! Med denne pose konfetti kan du nemt drysse flere borde med festlig konfetti. Brug den f.eks. til studenterfest, f\u00f8dselsdag, EM \/ VM fest, jul eller b\u00f8rnef\u00f8dselsdag.<\/p>\n<p><strong>OBS:<\/strong> der er konfetti nok i posen til min. 4 borde.<\/p>\n<p>Indhold: 100 g<\/p>\n","protected":false},"excerpt":{"rendered":"<p>Skal der v\u00e6re fest? S\u00e5 skal der ogs\u00e5 v\u00e6re masser af konfetti! Med denne pose konfetti kan du nemt drysse flere borde med festlig konfetti. Brug den f.eks. til studenterfest, f\u00f8dselsdag, EM \/ VM fest, jul eller b\u00f8rnef\u00f8dselsdag. OBS: der [&hellip;]<\/p>\n","protected":false},"featured_media":56784,"template":"","meta":{"_acf_changed":false},"product_brand":[],"product_cat":[32],"product_tag":[],"class_list":{"0":"post-56783","1":"product","2":"type-product","3":"status-publish","4":"has-post-thumbnail","6":"product_cat-service","8":"first","9":"outofstock","10":"taxable","11":"shipping-taxable","12":"purchasable","13":"product-type-simple"},"bundled_by":[],"bundle_stock_status":"outofstock","bundle_stock_quantity":0,"bundle_virtual":false,"bundle_layout":"","bundle_add_to_cart_form_location":"","bundle_editable_in_cart":false,"bundle_sold_individually_context":"","bundle_item_grouping":"","bundle_min_size":"","bundle_max_size":"","bundle_price":[],"bundled_items":[],"bundle_sell_ids":[],"acf":[],"tiered_pricing_type":"fixed","tiered_pricing_fixed_rules":[],"tiered_pricing_product_settings":{"layout":"default","base_unit_name":{"singular":null,"plural":null},"default_variation":null},"tiered_pricing_minimum_quantity":null,"tiered_pricing_roles_data":[],"tiered_pricing_percentage_rules":[],"tiered_pricing_maximum_quantity":null,"tiered_pricing_quantity_step":null,"_links":{"self":[{"href":"https:\/\/partyinabox.dk\/party\/wp-json\/wp\/v2\/product\/56783","targetHints":{"allow":["GET"]}}],"collection":[{"href":"https:\/\/partyinabox.dk\/party\/wp-json\/wp\/v2\/product"}],"about":[{"href":"https:\/\/partyinabox.dk\/party\/wp-json\/wp\/v2\/types\/product"}],"wp:featuredmedia":[{"embeddable":true,"href":"https:\/\/partyinabox.dk\/party\/wp-json\/wp\/v2\/media\/56784"}],"wp:attachment":[{"href":"https:\/\/partyinabox.dk\/party\/wp-json\/wp\/v2\/media?parent=56783"}],"wp:term":[{"taxonomy":"product_brand","embeddable":true,"href":"https:\/\/partyinabox.dk\/party\/wp-json\/wp\/v2\/product_brand?post=56783"},{"taxonomy":"product_cat","embeddable":true,"href":"https:\/\/partyinabox.dk\/party\/wp-json\/wp\/v2\/product_cat?post=56783"},{"taxonomy":"product_tag","embeddable":true,"href":"https:\/\/partyinabox.dk\/party\/wp-json\/wp\/v2\/product_tag?post=56783"}],"curies":[{"name":"wp","href":"https:\/\/api.w.org\/{rel}","templated":true}]}}