{"id":56741,"date":"2026-03-06T00:00:00","date_gmt":"2026-03-05T23:00:00","guid":{"rendered":"https:\/\/partyinabox.dk\/party\/?post_type=product&#038;p=56741"},"modified":"2026-03-23T07:33:36","modified_gmt":"2026-03-23T06:33:36","slug":"creme-eid-mubarak-gavepose","status":"publish","type":"product","link":"https:\/\/partyinabox.dk\/party\/vare\/creme-eid-mubarak-gavepose\/","title":{"rendered":"Creme &#8220;Eid Mubarak&#8221; gaveposer"},"content":{"rendered":"<p>Med disse smukke gaveposer kan du nemt give familie, venner og ikke mindst b\u00f8rnene gaver til eid. Poserne er af papir med hank. De har et flot &#8220;Eid Mubarak&#8221; tryk sammen med en smuk m\u00e5ne p\u00e5 begge sider.<\/p>\n<p>Indhold: 6 stk. \/ M\u00e5l: 20 x 10 x 27 cm<\/p>\n","protected":false},"excerpt":{"rendered":"<p>Med disse smukke gaveposer kan du nemt give familie, venner og ikke mindst b\u00f8rnene gaver til eid. Poserne er af papir med hank. De har et flot &#8220;Eid Mubarak&#8221; tryk sammen med en smuk m\u00e5ne p\u00e5 begge sider. Indhold: 6 [&hellip;]<\/p>\n","protected":false},"featured_media":56742,"template":"","meta":{"_acf_changed":false},"product_brand":[],"product_cat":[34],"product_tag":[],"class_list":{"0":"post-56741","1":"product","2":"type-product","3":"status-publish","4":"has-post-thumbnail","6":"product_cat-accessories","8":"first","9":"instock","10":"taxable","11":"shipping-taxable","12":"purchasable","13":"product-type-simple"},"bundled_by":[],"bundle_stock_status":"instock","bundle_stock_quantity":43,"bundle_virtual":false,"bundle_layout":"","bundle_add_to_cart_form_location":"","bundle_editable_in_cart":false,"bundle_sold_individually_context":"","bundle_item_grouping":"","bundle_min_size":"","bundle_max_size":"","bundle_price":[],"bundled_items":[],"bundle_sell_ids":[],"acf":[],"tiered_pricing_type":"fixed","tiered_pricing_fixed_rules":[],"tiered_pricing_product_settings":{"layout":"default","base_unit_name":{"singular":null,"plural":null},"default_variation":null},"tiered_pricing_minimum_quantity":null,"tiered_pricing_roles_data":[],"tiered_pricing_percentage_rules":[],"tiered_pricing_maximum_quantity":null,"tiered_pricing_quantity_step":null,"_links":{"self":[{"href":"https:\/\/partyinabox.dk\/party\/wp-json\/wp\/v2\/product\/56741","targetHints":{"allow":["GET"]}}],"collection":[{"href":"https:\/\/partyinabox.dk\/party\/wp-json\/wp\/v2\/product"}],"about":[{"href":"https:\/\/partyinabox.dk\/party\/wp-json\/wp\/v2\/types\/product"}],"wp:featuredmedia":[{"embeddable":true,"href":"https:\/\/partyinabox.dk\/party\/wp-json\/wp\/v2\/media\/56742"}],"wp:attachment":[{"href":"https:\/\/partyinabox.dk\/party\/wp-json\/wp\/v2\/media?parent=56741"}],"wp:term":[{"taxonomy":"product_brand","embeddable":true,"href":"https:\/\/partyinabox.dk\/party\/wp-json\/wp\/v2\/product_brand?post=56741"},{"taxonomy":"product_cat","embeddable":true,"href":"https:\/\/partyinabox.dk\/party\/wp-json\/wp\/v2\/product_cat?post=56741"},{"taxonomy":"product_tag","embeddable":true,"href":"https:\/\/partyinabox.dk\/party\/wp-json\/wp\/v2\/product_tag?post=56741"}],"curies":[{"name":"wp","href":"https:\/\/api.w.org\/{rel}","templated":true}]}}