{"id":56727,"date":"2024-01-31T12:51:50","date_gmt":"2024-01-31T11:51:50","guid":{"rendered":"https:\/\/partyinabox.dk\/party\/?post_type=product&#038;p=56727"},"modified":"2026-03-31T12:44:51","modified_gmt":"2026-03-31T10:44:51","slug":"80-cm-navy-blaa-guld-happy-birthday-ballon","status":"publish","type":"product","link":"https:\/\/partyinabox.dk\/party\/vare\/80-cm-navy-blaa-guld-happy-birthday-ballon\/","title":{"rendered":"80 cm navy bl\u00e5\/guld &#8220;Happy Birthday&#8221; ballon"},"content":{"rendered":"<p>Balloner er lige med fest! Og is\u00e6r til f\u00f8dselsdag er balloner b\u00e5de sjove og dekorative. Med denne store 80 cm latex ballon i en fin m\u00f8rkebl\u00e5 farve med guld skrift kan du nemt pynte op til f.eks. rund f\u00f8dselsdag for en mand eller f\u00f8dselsdag for en lille dreng. Pust ballonen op med helium, og s\u00e6t den p\u00e5 bordet som dekoration eller rundt om i lokalet.<\/p>\n<p><strong>HUSK:<\/strong> helium, hvis ballonerne skal sv\u00e6ve. Brug Hi Float for at forl\u00e6nge sv\u00e6vetiden med flere dage.<\/p>\n<p>Indhold: 1 stk. \/ M\u00e5l: 80 cm<\/p>\n","protected":false},"excerpt":{"rendered":"<p>Balloner er lige med fest! Og is\u00e6r til f\u00f8dselsdag er balloner b\u00e5de sjove og dekorative. Med denne store 80 cm latex ballon i en fin m\u00f8rkebl\u00e5 farve med guld skrift kan du nemt pynte op til f.eks. rund f\u00f8dselsdag for [&hellip;]<\/p>\n","protected":false},"featured_media":56728,"template":"","meta":{"_acf_changed":false},"product_brand":[],"product_cat":[30],"product_tag":[],"class_list":{"0":"post-56727","1":"product","2":"type-product","3":"status-publish","4":"has-post-thumbnail","6":"product_cat-balloner","8":"first","9":"instock","10":"taxable","11":"shipping-taxable","12":"purchasable","13":"product-type-simple"},"bundled_by":[],"bundle_stock_status":"instock","bundle_stock_quantity":21,"bundle_virtual":false,"bundle_layout":"","bundle_add_to_cart_form_location":"","bundle_editable_in_cart":false,"bundle_sold_individually_context":"","bundle_item_grouping":"","bundle_min_size":"","bundle_max_size":"","bundle_price":[],"bundled_items":[],"bundle_sell_ids":[],"acf":[],"tiered_pricing_type":"fixed","tiered_pricing_fixed_rules":[],"tiered_pricing_product_settings":{"layout":"default","base_unit_name":{"singular":null,"plural":null},"default_variation":null},"tiered_pricing_minimum_quantity":null,"tiered_pricing_roles_data":[],"tiered_pricing_percentage_rules":[],"tiered_pricing_maximum_quantity":null,"tiered_pricing_quantity_step":null,"_links":{"self":[{"href":"https:\/\/partyinabox.dk\/party\/wp-json\/wp\/v2\/product\/56727","targetHints":{"allow":["GET"]}}],"collection":[{"href":"https:\/\/partyinabox.dk\/party\/wp-json\/wp\/v2\/product"}],"about":[{"href":"https:\/\/partyinabox.dk\/party\/wp-json\/wp\/v2\/types\/product"}],"wp:featuredmedia":[{"embeddable":true,"href":"https:\/\/partyinabox.dk\/party\/wp-json\/wp\/v2\/media\/56728"}],"wp:attachment":[{"href":"https:\/\/partyinabox.dk\/party\/wp-json\/wp\/v2\/media?parent=56727"}],"wp:term":[{"taxonomy":"product_brand","embeddable":true,"href":"https:\/\/partyinabox.dk\/party\/wp-json\/wp\/v2\/product_brand?post=56727"},{"taxonomy":"product_cat","embeddable":true,"href":"https:\/\/partyinabox.dk\/party\/wp-json\/wp\/v2\/product_cat?post=56727"},{"taxonomy":"product_tag","embeddable":true,"href":"https:\/\/partyinabox.dk\/party\/wp-json\/wp\/v2\/product_tag?post=56727"}],"curies":[{"name":"wp","href":"https:\/\/api.w.org\/{rel}","templated":true}]}}