{"id":56306,"date":"2026-03-06T00:00:00","date_gmt":"2026-03-05T23:00:00","guid":{"rendered":"https:\/\/partyinabox.dk\/party\/?post_type=product&#038;p=56306"},"modified":"2026-03-23T13:09:50","modified_gmt":"2026-03-23T12:09:50","slug":"paaske-stearinlys","status":"publish","type":"product","link":"https:\/\/partyinabox.dk\/party\/vare\/paaske-stearinlys\/","title":{"rendered":"P\u00e5ske stearinlys"},"content":{"rendered":"<p>Wow du kan lave et flot p\u00e5skebord til p\u00e5ske med disse hvide stearinlys med lys gr\u00f8n og rosa p\u00e5skehare p\u00e5. Lysene er ogs\u00e5 perfekte p\u00e5 bordet til p\u00e5skefrokost eller som dekoration i vinduet.<\/p>\n<p>Indhold: 2 stk. \/ M\u00e5l: 24 x 2.2 cm (H x \u00d8)<\/p>\n","protected":false},"excerpt":{"rendered":"<p>Wow du kan lave et flot p\u00e5skebord til p\u00e5ske med disse hvide stearinlys med lys gr\u00f8n og rosa p\u00e5skehare p\u00e5. Lysene er ogs\u00e5 perfekte p\u00e5 bordet til p\u00e5skefrokost eller som dekoration i vinduet. Indhold: 2 stk. \/ M\u00e5l: 24 x [&hellip;]<\/p>\n","protected":false},"featured_media":56307,"template":"","meta":{"_acf_changed":false},"product_brand":[],"product_cat":[32],"product_tag":[],"class_list":{"0":"post-56306","1":"product","2":"type-product","3":"status-publish","4":"has-post-thumbnail","6":"product_cat-service","8":"first","9":"outofstock","10":"taxable","11":"shipping-taxable","12":"purchasable","13":"product-type-simple"},"bundled_by":[],"bundle_stock_status":"outofstock","bundle_stock_quantity":0,"bundle_virtual":false,"bundle_layout":"","bundle_add_to_cart_form_location":"","bundle_editable_in_cart":false,"bundle_sold_individually_context":"","bundle_item_grouping":"","bundle_min_size":"","bundle_max_size":"","bundle_price":[],"bundled_items":[],"bundle_sell_ids":[],"acf":[],"tiered_pricing_type":"fixed","tiered_pricing_fixed_rules":[],"tiered_pricing_product_settings":{"layout":"default","base_unit_name":{"singular":null,"plural":null},"default_variation":null},"tiered_pricing_minimum_quantity":null,"tiered_pricing_roles_data":[],"tiered_pricing_percentage_rules":[],"tiered_pricing_maximum_quantity":null,"tiered_pricing_quantity_step":null,"_links":{"self":[{"href":"https:\/\/partyinabox.dk\/party\/wp-json\/wp\/v2\/product\/56306","targetHints":{"allow":["GET"]}}],"collection":[{"href":"https:\/\/partyinabox.dk\/party\/wp-json\/wp\/v2\/product"}],"about":[{"href":"https:\/\/partyinabox.dk\/party\/wp-json\/wp\/v2\/types\/product"}],"wp:featuredmedia":[{"embeddable":true,"href":"https:\/\/partyinabox.dk\/party\/wp-json\/wp\/v2\/media\/56307"}],"wp:attachment":[{"href":"https:\/\/partyinabox.dk\/party\/wp-json\/wp\/v2\/media?parent=56306"}],"wp:term":[{"taxonomy":"product_brand","embeddable":true,"href":"https:\/\/partyinabox.dk\/party\/wp-json\/wp\/v2\/product_brand?post=56306"},{"taxonomy":"product_cat","embeddable":true,"href":"https:\/\/partyinabox.dk\/party\/wp-json\/wp\/v2\/product_cat?post=56306"},{"taxonomy":"product_tag","embeddable":true,"href":"https:\/\/partyinabox.dk\/party\/wp-json\/wp\/v2\/product_tag?post=56306"}],"curies":[{"name":"wp","href":"https:\/\/api.w.org\/{rel}","templated":true}]}}