{"id":56222,"date":"2024-01-23T14:17:50","date_gmt":"2024-01-23T13:17:50","guid":{"rendered":"https:\/\/partyinabox.dk\/party\/?post_type=product&#038;p=56222"},"modified":"2026-03-13T11:07:13","modified_gmt":"2026-03-13T10:07:13","slug":"sort-hvid-ternet-kage-flag","status":"publish","type":"product","link":"https:\/\/partyinabox.dk\/party\/vare\/sort-hvid-ternet-kage-flag\/","title":{"rendered":"Sort\/hvid ternet kage flag"},"content":{"rendered":"<p>S\u00e6t fart over feltet p\u00e5 dine kager med disse hurtige kageflag med sorte og hvide tern. Se sm\u00e5 cupcake flag ligner noget fra en racerbane og er derfor perfekte til en Cars \/ biler f\u00f8dselsdag.<\/p>\n<p>Indhold: 50 stk. \/ M\u00e5l: 6,4 cm<\/p>\n","protected":false},"excerpt":{"rendered":"<p>S\u00e6t fart over feltet p\u00e5 dine kager med disse hurtige kageflag med sorte og hvide tern. Se sm\u00e5 cupcake flag ligner noget fra en racerbane og er derfor perfekte til en Cars \/ biler f\u00f8dselsdag. Indhold: 50 stk. \/ M\u00e5l: [&hellip;]<\/p>\n","protected":false},"featured_media":56223,"template":"","meta":{"_acf_changed":false},"product_brand":[],"product_cat":[33],"product_tag":[],"class_list":{"0":"post-56222","1":"product","2":"type-product","3":"status-publish","4":"has-post-thumbnail","6":"product_cat-til-kagen","8":"first","9":"outofstock","10":"taxable","11":"shipping-taxable","12":"purchasable","13":"product-type-simple"},"bundled_by":[],"bundle_stock_status":"outofstock","bundle_stock_quantity":0,"bundle_virtual":false,"bundle_layout":"","bundle_add_to_cart_form_location":"","bundle_editable_in_cart":false,"bundle_sold_individually_context":"","bundle_item_grouping":"","bundle_min_size":"","bundle_max_size":"","bundle_price":[],"bundled_items":[],"bundle_sell_ids":[],"acf":[],"tiered_pricing_type":"fixed","tiered_pricing_fixed_rules":[],"tiered_pricing_product_settings":{"layout":"default","base_unit_name":{"singular":null,"plural":null},"default_variation":null},"tiered_pricing_minimum_quantity":null,"tiered_pricing_roles_data":[],"tiered_pricing_percentage_rules":[],"tiered_pricing_maximum_quantity":null,"tiered_pricing_quantity_step":null,"_links":{"self":[{"href":"https:\/\/partyinabox.dk\/party\/wp-json\/wp\/v2\/product\/56222","targetHints":{"allow":["GET"]}}],"collection":[{"href":"https:\/\/partyinabox.dk\/party\/wp-json\/wp\/v2\/product"}],"about":[{"href":"https:\/\/partyinabox.dk\/party\/wp-json\/wp\/v2\/types\/product"}],"wp:featuredmedia":[{"embeddable":true,"href":"https:\/\/partyinabox.dk\/party\/wp-json\/wp\/v2\/media\/56223"}],"wp:attachment":[{"href":"https:\/\/partyinabox.dk\/party\/wp-json\/wp\/v2\/media?parent=56222"}],"wp:term":[{"taxonomy":"product_brand","embeddable":true,"href":"https:\/\/partyinabox.dk\/party\/wp-json\/wp\/v2\/product_brand?post=56222"},{"taxonomy":"product_cat","embeddable":true,"href":"https:\/\/partyinabox.dk\/party\/wp-json\/wp\/v2\/product_cat?post=56222"},{"taxonomy":"product_tag","embeddable":true,"href":"https:\/\/partyinabox.dk\/party\/wp-json\/wp\/v2\/product_tag?post=56222"}],"curies":[{"name":"wp","href":"https:\/\/api.w.org\/{rel}","templated":true}]}}