{"id":56168,"date":"2025-02-04T00:00:00","date_gmt":"2025-02-03T23:00:00","guid":{"rendered":"https:\/\/partyinabox.dk\/party\/?post_type=product&#038;p=56168"},"modified":"2026-04-29T08:05:36","modified_gmt":"2026-04-29T06:05:36","slug":"lyseblaa-vimpel-banner","status":"publish","type":"product","link":"https:\/\/partyinabox.dk\/party\/vare\/lyseblaa-vimpel-banner\/","title":{"rendered":"Lysebl\u00e5 vimpel banner"},"content":{"rendered":"<p>Pynt flot op til babyshower, barned\u00e5b eller Frozen \/ Frost f\u00f8dselsdag med denne lysebl\u00e5 vimpel banner.<\/p>\n<p>HUSK: kroge til at h\u00e6nge op med.<\/p>\n<p>Indhold: 1 stk. \/ M\u00e5l: 10 meter \/ 20 x 30 cm<\/p>\n<p>&nbsp;<\/p>\n","protected":false},"excerpt":{"rendered":"<p>Pynt flot op til babyshower, barned\u00e5b eller Frozen \/ Frost f\u00f8dselsdag med denne lysebl\u00e5 vimpel banner. HUSK: kroge til at h\u00e6nge op med. Indhold: 1 stk. \/ M\u00e5l: 10 meter \/ 20 x 30 cm &nbsp;<\/p>\n","protected":false},"featured_media":56169,"template":"","meta":{"_acf_changed":false},"product_brand":[],"product_cat":[31],"product_tag":[],"class_list":{"0":"post-56168","1":"product","2":"type-product","3":"status-publish","4":"has-post-thumbnail","6":"product_cat-til-loftet","8":"first","9":"instock","10":"taxable","11":"shipping-taxable","12":"purchasable","13":"product-type-simple"},"bundled_by":[],"bundle_stock_status":"instock","bundle_stock_quantity":23,"bundle_virtual":false,"bundle_layout":"","bundle_add_to_cart_form_location":"","bundle_editable_in_cart":false,"bundle_sold_individually_context":"","bundle_item_grouping":"","bundle_min_size":"","bundle_max_size":"","bundle_price":[],"bundled_items":[],"bundle_sell_ids":[],"acf":[],"tiered_pricing_type":"fixed","tiered_pricing_fixed_rules":[],"tiered_pricing_product_settings":{"layout":"default","base_unit_name":{"singular":null,"plural":null},"default_variation":null},"tiered_pricing_minimum_quantity":null,"tiered_pricing_roles_data":[],"tiered_pricing_percentage_rules":[],"tiered_pricing_maximum_quantity":null,"tiered_pricing_quantity_step":null,"_links":{"self":[{"href":"https:\/\/partyinabox.dk\/party\/wp-json\/wp\/v2\/product\/56168","targetHints":{"allow":["GET"]}}],"collection":[{"href":"https:\/\/partyinabox.dk\/party\/wp-json\/wp\/v2\/product"}],"about":[{"href":"https:\/\/partyinabox.dk\/party\/wp-json\/wp\/v2\/types\/product"}],"wp:featuredmedia":[{"embeddable":true,"href":"https:\/\/partyinabox.dk\/party\/wp-json\/wp\/v2\/media\/56169"}],"wp:attachment":[{"href":"https:\/\/partyinabox.dk\/party\/wp-json\/wp\/v2\/media?parent=56168"}],"wp:term":[{"taxonomy":"product_brand","embeddable":true,"href":"https:\/\/partyinabox.dk\/party\/wp-json\/wp\/v2\/product_brand?post=56168"},{"taxonomy":"product_cat","embeddable":true,"href":"https:\/\/partyinabox.dk\/party\/wp-json\/wp\/v2\/product_cat?post=56168"},{"taxonomy":"product_tag","embeddable":true,"href":"https:\/\/partyinabox.dk\/party\/wp-json\/wp\/v2\/product_tag?post=56168"}],"curies":[{"name":"wp","href":"https:\/\/api.w.org\/{rel}","templated":true}]}}