{"id":55951,"date":"2024-01-19T14:26:05","date_gmt":"2024-01-19T13:26:05","guid":{"rendered":"https:\/\/partyinabox.dk\/party\/?post_type=product&#038;p=55951"},"modified":"2026-04-19T21:14:44","modified_gmt":"2026-04-19T19:14:44","slug":"ballon-shine-spray","status":"publish","type":"product","link":"https:\/\/partyinabox.dk\/party\/vare\/ballon-shine-spray\/","title":{"rendered":"Ballon shine spray"},"content":{"rendered":"<p>Er dine balloner blevet lidt matte og tr\u00e6tte at se p\u00e5? Har de st\u00e5et i solen og mistet deres glans? S\u00e5 kan du nemt redde dem med denne ballon glans spray. Tag dine balloner udenfor, og s\u00f8rg for at der ikke er noget skidt eller smuds p\u00e5 dem. Spray dem med shine spray i et tyndt lag i en afstand af 20-30 cm fra ballonen. Der ligger sig nu et flot lag glans p\u00e5 ballonerne. Lad det t\u00f8rre lidt, inden du s\u00e6tter ballonerne tilbage &#8211; men laget t\u00f8rre ikke helt, da det jo skal v\u00e6rre skindende.<\/p>\n<p>OBS: sprayen fedter, s\u00e5 s\u00f8rg for at spray udenfor, s\u00e5 du ikke f\u00e5r \u00f8delagt gulvet.<\/p>\n<p>Indhold: 1 stk. \/ M\u00e5l: 570 ml<\/p>\n","protected":false},"excerpt":{"rendered":"<p>Er dine balloner blevet lidt matte og tr\u00e6tte at se p\u00e5? Har de st\u00e5et i solen og mistet deres glans? S\u00e5 kan du nemt redde dem med denne ballon glans spray. Tag dine balloner udenfor, og s\u00f8rg for at der [&hellip;]<\/p>\n","protected":false},"featured_media":55952,"template":"","meta":{"_acf_changed":false},"product_brand":[],"product_cat":[30,15],"product_tag":[],"class_list":{"0":"post-55951","1":"product","2":"type-product","3":"status-publish","4":"has-post-thumbnail","6":"product_cat-balloner","7":"product_cat-ukategoriseret","9":"first","10":"instock","11":"sale","12":"taxable","13":"shipping-taxable","14":"purchasable","15":"product-type-simple"},"bundled_by":[],"bundle_stock_status":"instock","bundle_stock_quantity":1235,"bundle_virtual":false,"bundle_layout":"","bundle_add_to_cart_form_location":"","bundle_editable_in_cart":false,"bundle_sold_individually_context":"","bundle_item_grouping":"","bundle_min_size":"","bundle_max_size":"","bundle_price":[],"bundled_items":[],"bundle_sell_ids":[],"acf":[],"tiered_pricing_type":"fixed","tiered_pricing_fixed_rules":[],"tiered_pricing_product_settings":{"layout":"default","base_unit_name":{"singular":null,"plural":null},"default_variation":null},"tiered_pricing_minimum_quantity":null,"tiered_pricing_roles_data":[],"tiered_pricing_percentage_rules":[],"tiered_pricing_maximum_quantity":null,"tiered_pricing_quantity_step":null,"_links":{"self":[{"href":"https:\/\/partyinabox.dk\/party\/wp-json\/wp\/v2\/product\/55951","targetHints":{"allow":["GET"]}}],"collection":[{"href":"https:\/\/partyinabox.dk\/party\/wp-json\/wp\/v2\/product"}],"about":[{"href":"https:\/\/partyinabox.dk\/party\/wp-json\/wp\/v2\/types\/product"}],"wp:featuredmedia":[{"embeddable":true,"href":"https:\/\/partyinabox.dk\/party\/wp-json\/wp\/v2\/media\/55952"}],"wp:attachment":[{"href":"https:\/\/partyinabox.dk\/party\/wp-json\/wp\/v2\/media?parent=55951"}],"wp:term":[{"taxonomy":"product_brand","embeddable":true,"href":"https:\/\/partyinabox.dk\/party\/wp-json\/wp\/v2\/product_brand?post=55951"},{"taxonomy":"product_cat","embeddable":true,"href":"https:\/\/partyinabox.dk\/party\/wp-json\/wp\/v2\/product_cat?post=55951"},{"taxonomy":"product_tag","embeddable":true,"href":"https:\/\/partyinabox.dk\/party\/wp-json\/wp\/v2\/product_tag?post=55951"}],"curies":[{"name":"wp","href":"https:\/\/api.w.org\/{rel}","templated":true}]}}