{"id":55834,"date":"2024-01-18T09:55:31","date_gmt":"2024-01-18T08:55:31","guid":{"rendered":"https:\/\/partyinabox.dk\/party\/?post_type=product&#038;p=55834"},"modified":"2026-04-16T14:32:03","modified_gmt":"2026-04-16T12:32:03","slug":"glasflaske-med-korkprop","status":"publish","type":"product","link":"https:\/\/partyinabox.dk\/party\/vare\/glasflaske-med-korkprop\/","title":{"rendered":"Glasflaske med korkprop"},"content":{"rendered":"<p>Denne glasflaske med prop er perfekt til saft eller vand p\u00e5 bordet til din n\u00e6ste sommerfest, studenter fest eller barned\u00e5b. Flasken vil ogs\u00e5 v\u00e6re smuk til et bryllup eller en konfirmation p\u00e5 bordet eller rundt omkring i lokalet med lys i &#8211; f.eks. med vores <a href=\"https:\/\/partyinabox.dk\/party\/vare\/prop-med-led-lydkaede-til-flaske\/\">prop med LED lysk\u00e6de til flaske<\/a> &#8211; som passer perfekt i denne flaske. Glasflasken kan selvf\u00f8lgelig ogs\u00e5 bruges til at stille blomster, korn eller gr\u00e6s p\u00e5 bordet.<\/p>\n<p>Indhold: 1 stk. \/ M\u00e5l: 500 ml<\/p>\n","protected":false},"excerpt":{"rendered":"<p>Denne glasflaske med prop er perfekt til saft eller vand p\u00e5 bordet til din n\u00e6ste sommerfest, studenter fest eller barned\u00e5b. Flasken vil ogs\u00e5 v\u00e6re smuk til et bryllup eller en konfirmation p\u00e5 bordet eller rundt omkring i lokalet med lys [&hellip;]<\/p>\n","protected":false},"featured_media":55835,"template":"","meta":{"_acf_changed":false},"product_brand":[],"product_cat":[19],"product_tag":[],"class_list":{"0":"post-55834","1":"product","2":"type-product","3":"status-publish","4":"has-post-thumbnail","6":"product_cat-pynt","8":"first","9":"instock","10":"taxable","11":"shipping-taxable","12":"purchasable","13":"product-type-simple"},"bundled_by":[],"bundle_stock_status":"instock","bundle_stock_quantity":224,"bundle_virtual":false,"bundle_layout":"","bundle_add_to_cart_form_location":"","bundle_editable_in_cart":false,"bundle_sold_individually_context":"","bundle_item_grouping":"","bundle_min_size":"","bundle_max_size":"","bundle_price":[],"bundled_items":[],"bundle_sell_ids":[],"acf":[],"tiered_pricing_type":"fixed","tiered_pricing_fixed_rules":[],"tiered_pricing_product_settings":{"layout":"default","base_unit_name":{"singular":null,"plural":null},"default_variation":null},"tiered_pricing_minimum_quantity":null,"tiered_pricing_roles_data":[],"tiered_pricing_percentage_rules":[],"tiered_pricing_maximum_quantity":null,"tiered_pricing_quantity_step":null,"_links":{"self":[{"href":"https:\/\/partyinabox.dk\/party\/wp-json\/wp\/v2\/product\/55834","targetHints":{"allow":["GET"]}}],"collection":[{"href":"https:\/\/partyinabox.dk\/party\/wp-json\/wp\/v2\/product"}],"about":[{"href":"https:\/\/partyinabox.dk\/party\/wp-json\/wp\/v2\/types\/product"}],"wp:featuredmedia":[{"embeddable":true,"href":"https:\/\/partyinabox.dk\/party\/wp-json\/wp\/v2\/media\/55835"}],"wp:attachment":[{"href":"https:\/\/partyinabox.dk\/party\/wp-json\/wp\/v2\/media?parent=55834"}],"wp:term":[{"taxonomy":"product_brand","embeddable":true,"href":"https:\/\/partyinabox.dk\/party\/wp-json\/wp\/v2\/product_brand?post=55834"},{"taxonomy":"product_cat","embeddable":true,"href":"https:\/\/partyinabox.dk\/party\/wp-json\/wp\/v2\/product_cat?post=55834"},{"taxonomy":"product_tag","embeddable":true,"href":"https:\/\/partyinabox.dk\/party\/wp-json\/wp\/v2\/product_tag?post=55834"}],"curies":[{"name":"wp","href":"https:\/\/api.w.org\/{rel}","templated":true}]}}