{"id":55788,"date":"2024-02-14T00:00:00","date_gmt":"2024-02-13T23:00:00","guid":{"rendered":"https:\/\/partyinabox.dk\/party\/?post_type=product&#038;p=55788"},"modified":"2026-04-15T03:32:23","modified_gmt":"2026-04-15T01:32:23","slug":"frozen-papkop","status":"publish","type":"product","link":"https:\/\/partyinabox.dk\/party\/vare\/frozen-papkop\/","title":{"rendered":"Frozen papkop"},"content":{"rendered":"<p>Lige meget om det er saftevand, vand eller sodavand s\u00e5 er denne kop \/ krus i pap perfekt til din n\u00e6ste Frozen \/ Frost b\u00f8rnef\u00f8dselsdag. Ud over at have de elskede figurer Anna og Elsa p\u00e5, s\u00e5 er den ogs\u00e5 nem at rydde op n\u00e5r festen er slut.<\/p>\n<p>Indhold: 8 stk. \/ M\u00e5l: 200 ml<\/p>\n","protected":false},"excerpt":{"rendered":"<p>Lige meget om det er saftevand, vand eller sodavand s\u00e5 er denne kop \/ krus i pap perfekt til din n\u00e6ste Frozen \/ Frost b\u00f8rnef\u00f8dselsdag. Ud over at have de elskede figurer Anna og Elsa p\u00e5, s\u00e5 er den ogs\u00e5 [&hellip;]<\/p>\n","protected":false},"featured_media":55789,"template":"","meta":{"_acf_changed":false},"product_brand":[],"product_cat":[32],"product_tag":[],"class_list":{"0":"post-55788","1":"product","2":"type-product","3":"status-publish","4":"has-post-thumbnail","6":"product_cat-service","8":"first","9":"outofstock","10":"taxable","11":"shipping-taxable","12":"purchasable","13":"product-type-simple"},"bundled_by":[],"bundle_stock_status":"outofstock","bundle_stock_quantity":0,"bundle_virtual":false,"bundle_layout":"","bundle_add_to_cart_form_location":"","bundle_editable_in_cart":false,"bundle_sold_individually_context":"","bundle_item_grouping":"","bundle_min_size":"","bundle_max_size":"","bundle_price":[],"bundled_items":[],"bundle_sell_ids":[],"acf":[],"tiered_pricing_type":"fixed","tiered_pricing_fixed_rules":[],"tiered_pricing_product_settings":{"layout":"default","base_unit_name":{"singular":null,"plural":null},"default_variation":null},"tiered_pricing_minimum_quantity":null,"tiered_pricing_roles_data":[],"tiered_pricing_percentage_rules":[],"tiered_pricing_maximum_quantity":null,"tiered_pricing_quantity_step":null,"_links":{"self":[{"href":"https:\/\/partyinabox.dk\/party\/wp-json\/wp\/v2\/product\/55788","targetHints":{"allow":["GET"]}}],"collection":[{"href":"https:\/\/partyinabox.dk\/party\/wp-json\/wp\/v2\/product"}],"about":[{"href":"https:\/\/partyinabox.dk\/party\/wp-json\/wp\/v2\/types\/product"}],"wp:featuredmedia":[{"embeddable":true,"href":"https:\/\/partyinabox.dk\/party\/wp-json\/wp\/v2\/media\/55789"}],"wp:attachment":[{"href":"https:\/\/partyinabox.dk\/party\/wp-json\/wp\/v2\/media?parent=55788"}],"wp:term":[{"taxonomy":"product_brand","embeddable":true,"href":"https:\/\/partyinabox.dk\/party\/wp-json\/wp\/v2\/product_brand?post=55788"},{"taxonomy":"product_cat","embeddable":true,"href":"https:\/\/partyinabox.dk\/party\/wp-json\/wp\/v2\/product_cat?post=55788"},{"taxonomy":"product_tag","embeddable":true,"href":"https:\/\/partyinabox.dk\/party\/wp-json\/wp\/v2\/product_tag?post=55788"}],"curies":[{"name":"wp","href":"https:\/\/api.w.org\/{rel}","templated":true}]}}