{"id":55298,"date":"2024-01-10T00:00:00","date_gmt":"2024-01-09T23:00:00","guid":{"rendered":"https:\/\/partyinabox.dk\/party\/?post_type=product&#038;p=55298"},"modified":"2026-04-15T22:56:29","modified_gmt":"2026-04-15T20:56:29","slug":"lyseroed-bordkort","status":"publish","type":"product","link":"https:\/\/partyinabox.dk\/party\/vare\/lyseroed-bordkort\/","title":{"rendered":"Lyser\u00f8d bordkort"},"content":{"rendered":"<p>G\u00f8r det nemt for dine g\u00e6ster at finde deres plads med disse fine rosa bordkort i pap. Bordkortene kan st\u00e5 selv, s\u00e5 du nemt kan s\u00e6tte dem ved hver tallerken eller ovenp\u00e5 glasset. Du kan ogs\u00e5 tilk\u00f8be bordkortholdere, hvis du gerne vil style dit bordkort noget mere til din fest. Kortene passer perfekt p\u00e5 bordet til f.eks. en barned\u00e5b, bryllup, f\u00f8dselsdag eller konfirmation.<\/p>\n<p>Indhold: 10 stk. \/ M\u00e5l: 7 x 3 cm. (B x H)<\/p>\n","protected":false},"excerpt":{"rendered":"<p>G\u00f8r det nemt for dine g\u00e6ster at finde deres plads med disse fine rosa bordkort i pap. Bordkortene kan st\u00e5 selv, s\u00e5 du nemt kan s\u00e6tte dem ved hver tallerken eller ovenp\u00e5 glasset. Du kan ogs\u00e5 tilk\u00f8be bordkortholdere, hvis du [&hellip;]<\/p>\n","protected":false},"featured_media":55299,"template":"","meta":{"_acf_changed":false},"product_brand":[],"product_cat":[32],"product_tag":[],"class_list":{"0":"post-55298","1":"product","2":"type-product","3":"status-publish","4":"has-post-thumbnail","6":"product_cat-service","8":"first","9":"instock","10":"taxable","11":"shipping-taxable","12":"purchasable","13":"product-type-simple"},"bundled_by":[],"bundle_stock_status":"instock","bundle_stock_quantity":345,"bundle_virtual":false,"bundle_layout":"","bundle_add_to_cart_form_location":"","bundle_editable_in_cart":false,"bundle_sold_individually_context":"","bundle_item_grouping":"","bundle_min_size":"","bundle_max_size":"","bundle_price":[],"bundled_items":[],"bundle_sell_ids":[],"acf":[],"tiered_pricing_type":"fixed","tiered_pricing_fixed_rules":[],"tiered_pricing_product_settings":{"layout":"default","base_unit_name":{"singular":null,"plural":null},"default_variation":null},"tiered_pricing_minimum_quantity":null,"tiered_pricing_roles_data":[],"tiered_pricing_percentage_rules":[],"tiered_pricing_maximum_quantity":null,"tiered_pricing_quantity_step":null,"_links":{"self":[{"href":"https:\/\/partyinabox.dk\/party\/wp-json\/wp\/v2\/product\/55298","targetHints":{"allow":["GET"]}}],"collection":[{"href":"https:\/\/partyinabox.dk\/party\/wp-json\/wp\/v2\/product"}],"about":[{"href":"https:\/\/partyinabox.dk\/party\/wp-json\/wp\/v2\/types\/product"}],"wp:featuredmedia":[{"embeddable":true,"href":"https:\/\/partyinabox.dk\/party\/wp-json\/wp\/v2\/media\/55299"}],"wp:attachment":[{"href":"https:\/\/partyinabox.dk\/party\/wp-json\/wp\/v2\/media?parent=55298"}],"wp:term":[{"taxonomy":"product_brand","embeddable":true,"href":"https:\/\/partyinabox.dk\/party\/wp-json\/wp\/v2\/product_brand?post=55298"},{"taxonomy":"product_cat","embeddable":true,"href":"https:\/\/partyinabox.dk\/party\/wp-json\/wp\/v2\/product_cat?post=55298"},{"taxonomy":"product_tag","embeddable":true,"href":"https:\/\/partyinabox.dk\/party\/wp-json\/wp\/v2\/product_tag?post=55298"}],"curies":[{"name":"wp","href":"https:\/\/api.w.org\/{rel}","templated":true}]}}