{"id":54959,"date":"2024-01-04T15:33:09","date_gmt":"2024-01-04T14:33:09","guid":{"rendered":"https:\/\/partyinabox.dk\/party\/?post_type=product&#038;p=54959"},"modified":"2026-03-24T03:33:11","modified_gmt":"2026-03-24T02:33:11","slug":"mal-selv-masker-inkl-elastik","status":"publish","type":"product","link":"https:\/\/partyinabox.dk\/party\/vare\/mal-selv-masker-inkl-elastik\/","title":{"rendered":"Mal-selv masker inkl. elastik"},"content":{"rendered":"<p>Skab masser af sjove timer med b\u00f8rnene med disse sjove masker, som I selv kan dekorer til f.eks. fastelavn. De 5 hvide masker kan I tegne p\u00e5, lime glimmer p\u00e5 eller s\u00e6tte fjer p\u00e5 som I vil &#8211; det er kun fantasien, der s\u00e6tter gr\u00e6nsen. Maskerne kommer med elastik, som I kan s\u00e6tte i til sidst &#8211; s\u00e5 er I klar til at rasle.<\/p>\n<p>Indhold: 5 stk. \/ M\u00e5l: 15-20 cm<\/p>\n","protected":false},"excerpt":{"rendered":"<p>Skab masser af sjove timer med b\u00f8rnene med disse sjove masker, som I selv kan dekorer til f.eks. fastelavn. De 5 hvide masker kan I tegne p\u00e5, lime glimmer p\u00e5 eller s\u00e6tte fjer p\u00e5 som I vil &#8211; det er [&hellip;]<\/p>\n","protected":false},"featured_media":54960,"template":"","meta":{"_acf_changed":false},"product_brand":[],"product_cat":[19,34],"product_tag":[],"class_list":{"0":"post-54959","1":"product","2":"type-product","3":"status-publish","4":"has-post-thumbnail","6":"product_cat-pynt","7":"product_cat-accessories","9":"first","10":"outofstock","11":"taxable","12":"shipping-taxable","13":"purchasable","14":"product-type-simple"},"bundled_by":[],"bundle_stock_status":"outofstock","bundle_stock_quantity":0,"bundle_virtual":false,"bundle_layout":"","bundle_add_to_cart_form_location":"","bundle_editable_in_cart":false,"bundle_sold_individually_context":"","bundle_item_grouping":"","bundle_min_size":"","bundle_max_size":"","bundle_price":[],"bundled_items":[],"bundle_sell_ids":[],"acf":[],"tiered_pricing_type":"fixed","tiered_pricing_fixed_rules":[],"tiered_pricing_product_settings":{"layout":"default","base_unit_name":{"singular":null,"plural":null},"default_variation":null},"tiered_pricing_minimum_quantity":null,"tiered_pricing_roles_data":[],"tiered_pricing_percentage_rules":[],"tiered_pricing_maximum_quantity":null,"tiered_pricing_quantity_step":null,"_links":{"self":[{"href":"https:\/\/partyinabox.dk\/party\/wp-json\/wp\/v2\/product\/54959","targetHints":{"allow":["GET"]}}],"collection":[{"href":"https:\/\/partyinabox.dk\/party\/wp-json\/wp\/v2\/product"}],"about":[{"href":"https:\/\/partyinabox.dk\/party\/wp-json\/wp\/v2\/types\/product"}],"wp:featuredmedia":[{"embeddable":true,"href":"https:\/\/partyinabox.dk\/party\/wp-json\/wp\/v2\/media\/54960"}],"wp:attachment":[{"href":"https:\/\/partyinabox.dk\/party\/wp-json\/wp\/v2\/media?parent=54959"}],"wp:term":[{"taxonomy":"product_brand","embeddable":true,"href":"https:\/\/partyinabox.dk\/party\/wp-json\/wp\/v2\/product_brand?post=54959"},{"taxonomy":"product_cat","embeddable":true,"href":"https:\/\/partyinabox.dk\/party\/wp-json\/wp\/v2\/product_cat?post=54959"},{"taxonomy":"product_tag","embeddable":true,"href":"https:\/\/partyinabox.dk\/party\/wp-json\/wp\/v2\/product_tag?post=54959"}],"curies":[{"name":"wp","href":"https:\/\/api.w.org\/{rel}","templated":true}]}}