{"id":54744,"date":"2024-01-24T00:00:00","date_gmt":"2024-01-23T23:00:00","guid":{"rendered":"https:\/\/partyinabox.dk\/party\/?post_type=product&#038;p=54744"},"modified":"2026-03-13T11:07:05","modified_gmt":"2026-03-13T10:07:05","slug":"fodbold-happy-birthday-guirlande","status":"publish","type":"product","link":"https:\/\/partyinabox.dk\/party\/vare\/fodbold-happy-birthday-guirlande\/","title":{"rendered":"Fodbold Happy Birthday Guirlande"},"content":{"rendered":"<p>Kickstart f\u00f8dselsdagsfesten med denne energiske Fodbold Happy Birthday Guirlande! Perfekt til at bringe sp\u00e6ndingen fra fodboldbanen ind i festlokalet, fejrer denne guirlande din fodboldfan med samme begejstring, som n\u00e5r der scores et m\u00e5l. Med en l\u00e6ngde p\u00e5 130 cm er hver gr\u00f8n bogstav og den ikoniske sort-hvide fodbold mere end blot pynt &#8211; det er en hyldest til spillet og den specielle dag. <\/p>\n<p>Lad g\u00e6sterne tr\u00e6de ind i et rum, der er lige s\u00e5 livligt og sp\u00e6ndende som en fodboldkamp, hvor hver dekoration minder om de uforglemmelige \u00f8jeblikke p\u00e5 banen. Perfekt til at score point hos b\u00e5de f\u00f8dselaren og g\u00e6sterne!<\/p>\n","protected":false},"excerpt":{"rendered":"<p>Kickstart f\u00f8dselsdagsfesten med denne energiske Fodbold Happy Birthday Guirlande! Perfekt til at bringe sp\u00e6ndingen fra fodboldbanen ind i festlokalet, fejrer denne guirlande din fodboldfan med samme begejstring, som n\u00e5r der scores et m\u00e5l. Med en l\u00e6ngde p\u00e5 130 cm er [&hellip;]<\/p>\n","protected":false},"featured_media":54745,"template":"","meta":{"_acf_changed":false},"product_brand":[],"product_cat":[19],"product_tag":[],"class_list":{"0":"post-54744","1":"product","2":"type-product","3":"status-publish","4":"has-post-thumbnail","6":"product_cat-pynt","7":"pa_item-color-groen","8":"pa_item-group-loftsdekoration","9":"pa_item-subgroup-guirlander","10":"pa_pakken-indeholder-guirlande","11":"pa_tema_tax-sports","12":"pa_under-tema-football","14":"first","15":"outofstock","16":"taxable","17":"shipping-taxable","18":"purchasable","19":"product-type-simple"},"bundled_by":[],"bundle_stock_status":"outofstock","bundle_stock_quantity":0,"bundle_virtual":false,"bundle_layout":"","bundle_add_to_cart_form_location":"","bundle_editable_in_cart":false,"bundle_sold_individually_context":"","bundle_item_grouping":"","bundle_min_size":"","bundle_max_size":"","bundle_price":[],"bundled_items":[],"bundle_sell_ids":[],"acf":[],"tiered_pricing_type":"fixed","tiered_pricing_fixed_rules":[],"tiered_pricing_product_settings":{"layout":"default","base_unit_name":{"singular":null,"plural":null},"default_variation":null},"tiered_pricing_minimum_quantity":null,"tiered_pricing_roles_data":[],"tiered_pricing_percentage_rules":[],"tiered_pricing_maximum_quantity":null,"tiered_pricing_quantity_step":null,"_links":{"self":[{"href":"https:\/\/partyinabox.dk\/party\/wp-json\/wp\/v2\/product\/54744","targetHints":{"allow":["GET"]}}],"collection":[{"href":"https:\/\/partyinabox.dk\/party\/wp-json\/wp\/v2\/product"}],"about":[{"href":"https:\/\/partyinabox.dk\/party\/wp-json\/wp\/v2\/types\/product"}],"wp:featuredmedia":[{"embeddable":true,"href":"https:\/\/partyinabox.dk\/party\/wp-json\/wp\/v2\/media\/54745"}],"wp:attachment":[{"href":"https:\/\/partyinabox.dk\/party\/wp-json\/wp\/v2\/media?parent=54744"}],"wp:term":[{"taxonomy":"product_brand","embeddable":true,"href":"https:\/\/partyinabox.dk\/party\/wp-json\/wp\/v2\/product_brand?post=54744"},{"taxonomy":"product_cat","embeddable":true,"href":"https:\/\/partyinabox.dk\/party\/wp-json\/wp\/v2\/product_cat?post=54744"},{"taxonomy":"product_tag","embeddable":true,"href":"https:\/\/partyinabox.dk\/party\/wp-json\/wp\/v2\/product_tag?post=54744"}],"curies":[{"name":"wp","href":"https:\/\/api.w.org\/{rel}","templated":true}]}}