{"id":54728,"date":"2024-01-30T00:00:00","date_gmt":"2024-01-29T23:00:00","guid":{"rendered":"https:\/\/partyinabox.dk\/party\/?post_type=product&#038;p=54728"},"modified":"2026-04-20T08:38:46","modified_gmt":"2026-04-20T06:38:46","slug":"harry-potter-tryllestav","status":"publish","type":"product","link":"https:\/\/partyinabox.dk\/party\/vare\/harry-potter-tryllestav\/","title":{"rendered":"Harry Potter\u00ae Tryllestav"},"content":{"rendered":"<p>Lad magien str\u00f8mme gennem fingrene med denne Harry Potter Tryllestav! Perfekt til enhver lille heks eller troldmand, der dr\u00f8mmer om at tr\u00e6de ind i en verden fuld af eventyr. Denne stavs detaljerige udsk\u00e6ringer og dybe brune nuancer bringer magien fra Harry Potters verden til live. <\/p>\n<p>Med et fast greb om denne tryllestav kan man n\u00e6sten m\u00e6rke sp\u00e6ndingen ved Hogwarts magiske haller. Den er ikke bare en del af udkl\u00e6dningen, men en n\u00f8gle til at l\u00e5se op for fantasien og skabe egne magiske eventyr. Er du klar til at se din lille magiker udforske trylleslag og kaste besv\u00e6rgelser i deres egen episke fort\u00e6lling?<\/p>\n","protected":false},"excerpt":{"rendered":"<p>Lad magien str\u00f8mme gennem fingrene med denne Harry Potter Tryllestav! Perfekt til enhver lille heks eller troldmand, der dr\u00f8mmer om at tr\u00e6de ind i en verden fuld af eventyr. Denne stavs detaljerige udsk\u00e6ringer og dybe brune nuancer bringer magien fra [&hellip;]<\/p>\n","protected":false},"featured_media":54729,"template":"","meta":{"_acf_changed":false},"product_brand":[],"product_cat":[34],"product_tag":[],"class_list":{"0":"post-54728","1":"product","2":"type-product","3":"status-publish","4":"has-post-thumbnail","6":"product_cat-accessories","7":"pa_item-color-brun","8":"pa_item-group-kropstilbehoer","9":"pa_item-subgroup-stokke-stave","10":"pa_pakken-indeholder-tryllestav","11":"pa_tema_tax-tv-series-movies","12":"pa_under-tema-harry-potter","14":"first","15":"instock","16":"taxable","17":"shipping-taxable","18":"purchasable","19":"product-type-simple"},"bundled_by":[],"bundle_stock_status":"instock","bundle_stock_quantity":16,"bundle_virtual":false,"bundle_layout":"","bundle_add_to_cart_form_location":"","bundle_editable_in_cart":false,"bundle_sold_individually_context":"","bundle_item_grouping":"","bundle_min_size":"","bundle_max_size":"","bundle_price":[],"bundled_items":[],"bundle_sell_ids":[],"acf":[],"tiered_pricing_type":"fixed","tiered_pricing_fixed_rules":[],"tiered_pricing_product_settings":{"layout":"default","base_unit_name":{"singular":null,"plural":null},"default_variation":null},"tiered_pricing_minimum_quantity":null,"tiered_pricing_roles_data":[],"tiered_pricing_percentage_rules":[],"tiered_pricing_maximum_quantity":null,"tiered_pricing_quantity_step":null,"_links":{"self":[{"href":"https:\/\/partyinabox.dk\/party\/wp-json\/wp\/v2\/product\/54728","targetHints":{"allow":["GET"]}}],"collection":[{"href":"https:\/\/partyinabox.dk\/party\/wp-json\/wp\/v2\/product"}],"about":[{"href":"https:\/\/partyinabox.dk\/party\/wp-json\/wp\/v2\/types\/product"}],"wp:featuredmedia":[{"embeddable":true,"href":"https:\/\/partyinabox.dk\/party\/wp-json\/wp\/v2\/media\/54729"}],"wp:attachment":[{"href":"https:\/\/partyinabox.dk\/party\/wp-json\/wp\/v2\/media?parent=54728"}],"wp:term":[{"taxonomy":"product_brand","embeddable":true,"href":"https:\/\/partyinabox.dk\/party\/wp-json\/wp\/v2\/product_brand?post=54728"},{"taxonomy":"product_cat","embeddable":true,"href":"https:\/\/partyinabox.dk\/party\/wp-json\/wp\/v2\/product_cat?post=54728"},{"taxonomy":"product_tag","embeddable":true,"href":"https:\/\/partyinabox.dk\/party\/wp-json\/wp\/v2\/product_tag?post=54728"}],"curies":[{"name":"wp","href":"https:\/\/api.w.org\/{rel}","templated":true}]}}