{"id":54666,"date":"2024-01-30T00:00:00","date_gmt":"2024-01-29T23:00:00","guid":{"rendered":"https:\/\/partyinabox.dk\/party\/?post_type=product&#038;p=54666"},"modified":"2026-04-28T03:34:15","modified_gmt":"2026-04-28T01:34:15","slug":"dinosaur-kagetopper","status":"publish","type":"product","link":"https:\/\/partyinabox.dk\/party\/vare\/dinosaur-kagetopper\/","title":{"rendered":"Dinosaur Kagepynt"},"content":{"rendered":"<p>Br\u00f8l f\u00f8dselsdagsfesten i gang med disse f\u00e6ngslende Dinosaur Kagetoppere! Disse charmerende pr\u00e6historiske figurer, skabt af papir og tr\u00e6, er den perfekte m\u00e5de at toppe enhver f\u00f8dselsdagskage p\u00e5. De tilf\u00f8jer et eventyrligt touch til din fejring og inviterer b\u00f8rnene p\u00e5 en s\u00f8d rejse tilbage til dinosaurernes \u00e6ra. <\/p>\n<p>Med deres perfekte st\u00f8rrelse troner de \u00f8verst p\u00e5 kagen, klar til at fange alle sm\u00e5 dinosaur-entusiasters opm\u00e6rksomhed, uden at stj\u00e6le rampelyset fra kagens l\u00e6kkerhed. Perfekt til en festlig og uforglemmelig oplevelse  lad festen begynde med et br\u00f8l!<\/p>\n","protected":false},"excerpt":{"rendered":"<p>Br\u00f8l f\u00f8dselsdagsfesten i gang med disse f\u00e6ngslende Dinosaur Kagetoppere! Disse charmerende pr\u00e6historiske figurer, skabt af papir og tr\u00e6, er den perfekte m\u00e5de at toppe enhver f\u00f8dselsdagskage p\u00e5. De tilf\u00f8jer et eventyrligt touch til din fejring og inviterer b\u00f8rnene p\u00e5 en [&hellip;]<\/p>\n","protected":false},"featured_media":54667,"template":"","meta":{"_acf_changed":false},"product_brand":[],"product_cat":[33],"product_tag":[],"class_list":{"0":"post-54666","1":"product","2":"type-product","3":"status-publish","4":"has-post-thumbnail","6":"product_cat-til-kagen","7":"pa_item-color-groen","8":"pa_item-group-kagetilbehoer","9":"pa_item-subgroup-kagefigur-kagetopper","10":"pa_pakken-indeholder-kagetopper","11":"pa_tema_tax-animals","12":"pa_under-tema-dinosaur","14":"first","15":"instock","16":"taxable","17":"shipping-taxable","18":"purchasable","19":"product-type-simple"},"bundled_by":[],"bundle_stock_status":"instock","bundle_stock_quantity":4,"bundle_virtual":false,"bundle_layout":"","bundle_add_to_cart_form_location":"","bundle_editable_in_cart":false,"bundle_sold_individually_context":"","bundle_item_grouping":"","bundle_min_size":"","bundle_max_size":"","bundle_price":[],"bundled_items":[],"bundle_sell_ids":[],"acf":[],"tiered_pricing_type":"fixed","tiered_pricing_fixed_rules":[],"tiered_pricing_product_settings":{"layout":"default","base_unit_name":{"singular":null,"plural":null},"default_variation":null},"tiered_pricing_minimum_quantity":null,"tiered_pricing_roles_data":[],"tiered_pricing_percentage_rules":[],"tiered_pricing_maximum_quantity":null,"tiered_pricing_quantity_step":null,"_links":{"self":[{"href":"https:\/\/partyinabox.dk\/party\/wp-json\/wp\/v2\/product\/54666","targetHints":{"allow":["GET"]}}],"collection":[{"href":"https:\/\/partyinabox.dk\/party\/wp-json\/wp\/v2\/product"}],"about":[{"href":"https:\/\/partyinabox.dk\/party\/wp-json\/wp\/v2\/types\/product"}],"wp:featuredmedia":[{"embeddable":true,"href":"https:\/\/partyinabox.dk\/party\/wp-json\/wp\/v2\/media\/54667"}],"wp:attachment":[{"href":"https:\/\/partyinabox.dk\/party\/wp-json\/wp\/v2\/media?parent=54666"}],"wp:term":[{"taxonomy":"product_brand","embeddable":true,"href":"https:\/\/partyinabox.dk\/party\/wp-json\/wp\/v2\/product_brand?post=54666"},{"taxonomy":"product_cat","embeddable":true,"href":"https:\/\/partyinabox.dk\/party\/wp-json\/wp\/v2\/product_cat?post=54666"},{"taxonomy":"product_tag","embeddable":true,"href":"https:\/\/partyinabox.dk\/party\/wp-json\/wp\/v2\/product_tag?post=54666"}],"curies":[{"name":"wp","href":"https:\/\/api.w.org\/{rel}","templated":true}]}}