{"id":54640,"date":"2024-01-30T00:00:00","date_gmt":"2024-01-29T23:00:00","guid":{"rendered":"https:\/\/partyinabox.dk\/party\/?post_type=product&#038;p=54640"},"modified":"2026-04-21T20:25:15","modified_gmt":"2026-04-21T18:25:15","slug":"dinosaur-dug","status":"publish","type":"product","link":"https:\/\/partyinabox.dk\/party\/vare\/dinosaur-dug\/","title":{"rendered":"Dinosaur Dug"},"content":{"rendered":"<p>G\u00f8r klar til en pr\u00e6historisk fest med en Dinosaur Dug, der forvandler bordet til et juratidslandskab. Med kraftige bl\u00e5 nuancer og ikoniske dinosaurer luskende langs kanten, er denne dug en invitation til et eventyr, hvor tidsrejser f\u00f8les virkelige. Perfekt for sm\u00e5 pal\u00e6ontologer og dinosaur-entusiaster, den g\u00f8r enhver f\u00f8dselsdag til en br\u00f8lende god tid. S\u00e5 g\u00f8r klar til at udforske, lege, og m\u00e5ske endda lave et dino-br\u00f8l eller to ved et bord, der v\u00e6kker fortiden til live!<\/p>\n","protected":false},"excerpt":{"rendered":"<p>G\u00f8r klar til en pr\u00e6historisk fest med en Dinosaur Dug, der forvandler bordet til et juratidslandskab. Med kraftige bl\u00e5 nuancer og ikoniske dinosaurer luskende langs kanten, er denne dug en invitation til et eventyr, hvor tidsrejser f\u00f8les virkelige. Perfekt for [&hellip;]<\/p>\n","protected":false},"featured_media":54641,"template":"","meta":{"_acf_changed":false},"product_brand":[],"product_cat":[32],"product_tag":[],"class_list":{"0":"post-54640","1":"product","2":"type-product","3":"status-publish","4":"has-post-thumbnail","6":"product_cat-service","7":"pa_item-color-blaa","8":"pa_item-group-borddekoration","9":"pa_item-subgroup-duge","10":"pa_pakken-indeholder-dug","11":"pa_tema_tax-animals","12":"pa_under-tema-dinosaur","14":"first","15":"instock","16":"taxable","17":"shipping-taxable","18":"purchasable","19":"product-type-simple"},"bundled_by":[],"bundle_stock_status":"instock","bundle_stock_quantity":22,"bundle_virtual":false,"bundle_layout":"","bundle_add_to_cart_form_location":"","bundle_editable_in_cart":false,"bundle_sold_individually_context":"","bundle_item_grouping":"","bundle_min_size":"","bundle_max_size":"","bundle_price":[],"bundled_items":[],"bundle_sell_ids":[],"acf":[],"tiered_pricing_type":"fixed","tiered_pricing_fixed_rules":[],"tiered_pricing_product_settings":{"layout":"default","base_unit_name":{"singular":null,"plural":null},"default_variation":null},"tiered_pricing_minimum_quantity":null,"tiered_pricing_roles_data":[],"tiered_pricing_percentage_rules":[],"tiered_pricing_maximum_quantity":null,"tiered_pricing_quantity_step":null,"_links":{"self":[{"href":"https:\/\/partyinabox.dk\/party\/wp-json\/wp\/v2\/product\/54640","targetHints":{"allow":["GET"]}}],"collection":[{"href":"https:\/\/partyinabox.dk\/party\/wp-json\/wp\/v2\/product"}],"about":[{"href":"https:\/\/partyinabox.dk\/party\/wp-json\/wp\/v2\/types\/product"}],"wp:featuredmedia":[{"embeddable":true,"href":"https:\/\/partyinabox.dk\/party\/wp-json\/wp\/v2\/media\/54641"}],"wp:attachment":[{"href":"https:\/\/partyinabox.dk\/party\/wp-json\/wp\/v2\/media?parent=54640"}],"wp:term":[{"taxonomy":"product_brand","embeddable":true,"href":"https:\/\/partyinabox.dk\/party\/wp-json\/wp\/v2\/product_brand?post=54640"},{"taxonomy":"product_cat","embeddable":true,"href":"https:\/\/partyinabox.dk\/party\/wp-json\/wp\/v2\/product_cat?post=54640"},{"taxonomy":"product_tag","embeddable":true,"href":"https:\/\/partyinabox.dk\/party\/wp-json\/wp\/v2\/product_tag?post=54640"}],"curies":[{"name":"wp","href":"https:\/\/api.w.org\/{rel}","templated":true}]}}