{"id":54638,"date":"2024-01-30T00:00:00","date_gmt":"2024-01-29T23:00:00","guid":{"rendered":"https:\/\/partyinabox.dk\/party\/?post_type=product&#038;p=54638"},"modified":"2026-04-09T06:59:37","modified_gmt":"2026-04-09T04:59:37","slug":"dinosaur-servietter","status":"publish","type":"product","link":"https:\/\/partyinabox.dk\/party\/vare\/dinosaur-servietter\/","title":{"rendered":"Dinosaur Servietter"},"content":{"rendered":"<p>G\u00f8r dit frokostbord til en pr\u00e6historisk scene med disse sp\u00e6ndende dinosaur servietter! Hver serviet bringer et strejf af fortidsmysterier til bordet, med br\u00f8lende T-Rexer og storsl\u00e5ede Triceratopser, der venter p\u00e5 at ledsage hvert m\u00e5ltid. Disse servietter er mere end bare praktiske de er en billet til en eventyrlig verden, hvor dinosaurerne hersker.<\/p>\n<p>Perfekte til at fange fantasien hos b\u00e5de sm\u00e5 eventyrere og voksne dinosaur-entusiaster. S\u00e5 lad disse forhistoriske v\u00e6sener v\u00e6re en del af din n\u00e6ste fest  det er ikke hver dag, man kan spise sammen med dinosaurer!<\/p>\n","protected":false},"excerpt":{"rendered":"<p>G\u00f8r dit frokostbord til en pr\u00e6historisk scene med disse sp\u00e6ndende dinosaur servietter! Hver serviet bringer et strejf af fortidsmysterier til bordet, med br\u00f8lende T-Rexer og storsl\u00e5ede Triceratopser, der venter p\u00e5 at ledsage hvert m\u00e5ltid. Disse servietter er mere end bare [&hellip;]<\/p>\n","protected":false},"featured_media":54639,"template":"","meta":{"_acf_changed":false},"product_brand":[],"product_cat":[32],"product_tag":[],"class_list":{"0":"post-54638","1":"product","2":"type-product","3":"status-publish","4":"has-post-thumbnail","6":"product_cat-service","7":"pa_item-color-blaa","8":"pa_item-group-bordservice","9":"pa_item-subgroup-servietter","10":"pa_pakken-indeholder-20-stk-frokostservietter","11":"pa_tema_tax-animals","12":"pa_under-tema-dinosaur","14":"first","15":"instock","16":"taxable","17":"shipping-taxable","18":"purchasable","19":"product-type-simple"},"bundled_by":[],"bundle_stock_status":"instock","bundle_stock_quantity":47,"bundle_virtual":false,"bundle_layout":"","bundle_add_to_cart_form_location":"","bundle_editable_in_cart":false,"bundle_sold_individually_context":"","bundle_item_grouping":"","bundle_min_size":"","bundle_max_size":"","bundle_price":[],"bundled_items":[],"bundle_sell_ids":[],"acf":[],"tiered_pricing_type":"fixed","tiered_pricing_fixed_rules":[],"tiered_pricing_product_settings":{"layout":"default","base_unit_name":{"singular":null,"plural":null},"default_variation":null},"tiered_pricing_minimum_quantity":null,"tiered_pricing_roles_data":[],"tiered_pricing_percentage_rules":[],"tiered_pricing_maximum_quantity":null,"tiered_pricing_quantity_step":null,"_links":{"self":[{"href":"https:\/\/partyinabox.dk\/party\/wp-json\/wp\/v2\/product\/54638","targetHints":{"allow":["GET"]}}],"collection":[{"href":"https:\/\/partyinabox.dk\/party\/wp-json\/wp\/v2\/product"}],"about":[{"href":"https:\/\/partyinabox.dk\/party\/wp-json\/wp\/v2\/types\/product"}],"wp:featuredmedia":[{"embeddable":true,"href":"https:\/\/partyinabox.dk\/party\/wp-json\/wp\/v2\/media\/54639"}],"wp:attachment":[{"href":"https:\/\/partyinabox.dk\/party\/wp-json\/wp\/v2\/media?parent=54638"}],"wp:term":[{"taxonomy":"product_brand","embeddable":true,"href":"https:\/\/partyinabox.dk\/party\/wp-json\/wp\/v2\/product_brand?post=54638"},{"taxonomy":"product_cat","embeddable":true,"href":"https:\/\/partyinabox.dk\/party\/wp-json\/wp\/v2\/product_cat?post=54638"},{"taxonomy":"product_tag","embeddable":true,"href":"https:\/\/partyinabox.dk\/party\/wp-json\/wp\/v2\/product_tag?post=54638"}],"curies":[{"name":"wp","href":"https:\/\/api.w.org\/{rel}","templated":true}]}}