{"id":54628,"date":"2024-11-21T00:00:00","date_gmt":"2024-11-20T23:00:00","guid":{"rendered":"https:\/\/partyinabox.dk\/party\/?post_type=product&#038;p=54628"},"modified":"2026-03-13T15:43:28","modified_gmt":"2026-03-13T14:43:28","slug":"my-little-pony-swirls","status":"publish","type":"product","link":"https:\/\/partyinabox.dk\/party\/vare\/my-little-pony-swirls\/","title":{"rendered":"My Little Pony\u00ae Swirls"},"content":{"rendered":"<p>Skab en dr\u00f8mmende og magisk atmosf\u00e6re til enhver fest med disse betagende My Little Pony hvirvler. Forestil dig, hvordan de farverige spiraler danser og snurrer fra loftet, som om de er portaler til en fortryllet verden. Med deres bl\u00f8de lyser\u00f8de toner og legende design fanger de b\u00f8rnenes \u00f8jne og hjerter, og skaber en verden fuld af fantasi og gl\u00e6de. Disse hvirvler, b\u00e5de lette og holdbare, er perfekte til at bringe et magisk touch til hvert festligt \u00f8jeblik!<\/p>\n","protected":false},"excerpt":{"rendered":"<p>Skab en dr\u00f8mmende og magisk atmosf\u00e6re til enhver fest med disse betagende My Little Pony hvirvler. Forestil dig, hvordan de farverige spiraler danser og snurrer fra loftet, som om de er portaler til en fortryllet verden. Med deres bl\u00f8de lyser\u00f8de [&hellip;]<\/p>\n","protected":false},"featured_media":54629,"template":"","meta":{"_acf_changed":false},"product_brand":[],"product_cat":[19,31],"product_tag":[],"class_list":{"0":"post-54628","1":"product","2":"type-product","3":"status-publish","4":"has-post-thumbnail","6":"product_cat-pynt","7":"product_cat-til-loftet","8":"pa_item-color-lyseroed","9":"pa_item-group-loftsdekoration","10":"pa_item-subgroup-spiraler-string","11":"pa_pakken-indeholder-6-stk-hvirvler","12":"pa_tema_tax-kids-tv","13":"pa_under-tema-my-little-pony","15":"first","16":"instock","17":"taxable","18":"shipping-taxable","19":"purchasable","20":"product-type-simple"},"bundled_by":[],"bundle_stock_status":"instock","bundle_stock_quantity":26,"bundle_virtual":false,"bundle_layout":"","bundle_add_to_cart_form_location":"","bundle_editable_in_cart":false,"bundle_sold_individually_context":"","bundle_item_grouping":"","bundle_min_size":"","bundle_max_size":"","bundle_price":[],"bundled_items":[],"bundle_sell_ids":[],"acf":[],"tiered_pricing_type":"fixed","tiered_pricing_fixed_rules":[],"tiered_pricing_product_settings":{"layout":"default","base_unit_name":{"singular":null,"plural":null},"default_variation":null},"tiered_pricing_minimum_quantity":null,"tiered_pricing_roles_data":[],"tiered_pricing_percentage_rules":[],"tiered_pricing_maximum_quantity":null,"tiered_pricing_quantity_step":null,"_links":{"self":[{"href":"https:\/\/partyinabox.dk\/party\/wp-json\/wp\/v2\/product\/54628","targetHints":{"allow":["GET"]}}],"collection":[{"href":"https:\/\/partyinabox.dk\/party\/wp-json\/wp\/v2\/product"}],"about":[{"href":"https:\/\/partyinabox.dk\/party\/wp-json\/wp\/v2\/types\/product"}],"wp:featuredmedia":[{"embeddable":true,"href":"https:\/\/partyinabox.dk\/party\/wp-json\/wp\/v2\/media\/54629"}],"wp:attachment":[{"href":"https:\/\/partyinabox.dk\/party\/wp-json\/wp\/v2\/media?parent=54628"}],"wp:term":[{"taxonomy":"product_brand","embeddable":true,"href":"https:\/\/partyinabox.dk\/party\/wp-json\/wp\/v2\/product_brand?post=54628"},{"taxonomy":"product_cat","embeddable":true,"href":"https:\/\/partyinabox.dk\/party\/wp-json\/wp\/v2\/product_cat?post=54628"},{"taxonomy":"product_tag","embeddable":true,"href":"https:\/\/partyinabox.dk\/party\/wp-json\/wp\/v2\/product_tag?post=54628"}],"curies":[{"name":"wp","href":"https:\/\/api.w.org\/{rel}","templated":true}]}}