{"id":54566,"date":"2024-01-30T00:00:00","date_gmt":"2024-01-29T23:00:00","guid":{"rendered":"https:\/\/partyinabox.dk\/party\/?post_type=product&#038;p=54566"},"modified":"2026-04-09T11:08:03","modified_gmt":"2026-04-09T09:08:03","slug":"enhjoerning-konfetti","status":"publish","type":"product","link":"https:\/\/partyinabox.dk\/party\/vare\/enhjoerning-konfetti\/","title":{"rendered":"Enhj\u00f8rning Konfetti"},"content":{"rendered":"<p>Forestil dig en verden af glimmer og gl\u00e6de, hvor hver lille konfettibit tilf\u00f8jer et magisk touch til din fest. Disse farverige, enhj\u00f8rning-formede stykker skaber et fortryllende kalejdoskop, der lyser op blandt festens dekorationer. De er ikke bare konfetti  de er sm\u00e5 glimt af dr\u00f8mmeland, der inviterer til smil og leg. Str\u00f8 dem rundt og se, hvordan de forvandler et almindeligt rum til en eventyrlig scene, perfekt til at fejre en helt s\u00e6rlig dag.<\/p>\n","protected":false},"excerpt":{"rendered":"<p>Forestil dig en verden af glimmer og gl\u00e6de, hvor hver lille konfettibit tilf\u00f8jer et magisk touch til din fest. Disse farverige, enhj\u00f8rning-formede stykker skaber et fortryllende kalejdoskop, der lyser op blandt festens dekorationer. De er ikke bare konfetti de er [&hellip;]<\/p>\n","protected":false},"featured_media":54567,"template":"","meta":{"_acf_changed":false},"product_brand":[],"product_cat":[32],"product_tag":[],"class_list":{"0":"post-54566","1":"product","2":"type-product","3":"status-publish","4":"has-post-thumbnail","6":"product_cat-service","7":"pa_item-color-multi","8":"pa_item-group-borddekoration","9":"pa_item-subgroup-konfetti","10":"pa_pakken-indeholder-konfetti","11":"pa_tema_tax-fantasy-fairytale","12":"pa_under-tema-unicorn","14":"first","15":"instock","16":"taxable","17":"shipping-taxable","18":"purchasable","19":"product-type-simple"},"bundled_by":[],"bundle_stock_status":"instock","bundle_stock_quantity":22,"bundle_virtual":false,"bundle_layout":"","bundle_add_to_cart_form_location":"","bundle_editable_in_cart":false,"bundle_sold_individually_context":"","bundle_item_grouping":"","bundle_min_size":"","bundle_max_size":"","bundle_price":[],"bundled_items":[],"bundle_sell_ids":[],"acf":[],"tiered_pricing_type":"fixed","tiered_pricing_fixed_rules":[],"tiered_pricing_product_settings":{"layout":"default","base_unit_name":{"singular":null,"plural":null},"default_variation":null},"tiered_pricing_minimum_quantity":null,"tiered_pricing_roles_data":[],"tiered_pricing_percentage_rules":[],"tiered_pricing_maximum_quantity":null,"tiered_pricing_quantity_step":null,"_links":{"self":[{"href":"https:\/\/partyinabox.dk\/party\/wp-json\/wp\/v2\/product\/54566","targetHints":{"allow":["GET"]}}],"collection":[{"href":"https:\/\/partyinabox.dk\/party\/wp-json\/wp\/v2\/product"}],"about":[{"href":"https:\/\/partyinabox.dk\/party\/wp-json\/wp\/v2\/types\/product"}],"wp:featuredmedia":[{"embeddable":true,"href":"https:\/\/partyinabox.dk\/party\/wp-json\/wp\/v2\/media\/54567"}],"wp:attachment":[{"href":"https:\/\/partyinabox.dk\/party\/wp-json\/wp\/v2\/media?parent=54566"}],"wp:term":[{"taxonomy":"product_brand","embeddable":true,"href":"https:\/\/partyinabox.dk\/party\/wp-json\/wp\/v2\/product_brand?post=54566"},{"taxonomy":"product_cat","embeddable":true,"href":"https:\/\/partyinabox.dk\/party\/wp-json\/wp\/v2\/product_cat?post=54566"},{"taxonomy":"product_tag","embeddable":true,"href":"https:\/\/partyinabox.dk\/party\/wp-json\/wp\/v2\/product_tag?post=54566"}],"curies":[{"name":"wp","href":"https:\/\/api.w.org\/{rel}","templated":true}]}}